{"id":1001,"date":"2018-08-24T18:43:41","date_gmt":"2018-08-24T16:43:41","guid":{"rendered":"http:\/\/geo-education.ch\/?page_id=1001"},"modified":"2022-02-20T16:58:33","modified_gmt":"2022-02-20T15:58:33","slug":"s2b-systemes-dinformation-reseaux","status":"publish","type":"page","link":"https:\/\/geo-education.ch\/?page_id=1001&lang=fr","title":{"rendered":"Syst\u00e8mes  d&#8217;information  r\u00e9seaux (S2b)"},"content":{"rendered":"<h4>Description<\/h4>\n<p>La conception d\u2019une architecture de syst\u00e8me correcte constitue une base d\u00e9terminante pour la mise en place et l\u2019utilisation en r\u00e9seaux de syst\u00e8mes d\u2019information g\u00e9ographiques.<\/p>\n<h4>Pr\u00e9requis (recommandations)<\/h4>\n<ul>\n<li>Connaissances de base SIG. Cours\u00a0<a href=\"http:\/\/geo-education.ch\/?page_id=984\">B5d bases SIT.<\/a>\u00a0Liaison avec le\u00a0<a href=\"http:\/\/geo-education.ch\/?page_id=894\">module S3 SIT<\/a>.<\/li>\n<\/ul>\n<h4>Objectifs<\/h4>\n<ul>\n<li style=\"font-weight: 400;\" aria-level=\"1\"><span style=\"font-weight: 400;\">Conna\u00eetre et comprendre les besoins d\u2019un SIG envers l\u2019architecture TI.<\/span><\/li>\n<li style=\"font-weight: 400;\" aria-level=\"1\"><span style=\"font-weight: 400;\">Comprendre et nommer les bases des transferts de donn\u00e9es et des technologies de r\u00e9seaux.<\/span><\/li>\n<li style=\"font-weight: 400;\" aria-level=\"1\"><span style=\"font-weight: 400;\">Savoir r\u00e9pondre aux exigences des syst\u00e8mes SIG dans les domaines du stockage et de la communication des donn\u00e9es.<\/span><\/li>\n<li style=\"font-weight: 400;\" aria-level=\"1\"><span style=\"font-weight: 400;\">Pouvoir d\u00e9crire les caract\u00e9ristiques et les propri\u00e9t\u00e9s d\u2019un Geoserver.<\/span><\/li>\n<li style=\"font-weight: 400;\" aria-level=\"1\"><span style=\"font-weight: 400;\">D\u00e9crire les tendances dans le domaine de la 3D pour les informations de r\u00e9seau.<\/span><\/li>\n<\/ul>\n<h4>Contenu<\/h4>\n<ul>\n<li style=\"font-weight: 400;\" aria-level=\"1\"><span style=\"font-weight: 400;\">D\u00e9finition et composants d\u2019un SIG.<\/span><\/li>\n<li style=\"font-weight: 400;\" aria-level=\"1\"><span style=\"font-weight: 400;\">Architectures de diff\u00e9rents syst\u00e8mes SIG (clients, serveurs, middleware).<\/span><\/li>\n<li style=\"font-weight: 400;\" aria-level=\"1\"><span style=\"font-weight: 400;\">D\u00e9finition et diff\u00e9rentiation de r\u00e9seaux TI.<\/span><\/li>\n<li style=\"font-weight: 400;\" aria-level=\"1\"><span style=\"font-weight: 400;\">Interfaces de communication et protocoles r\u00e9seaux.<\/span><\/li>\n<li style=\"font-weight: 400;\" aria-level=\"1\"><span style=\"font-weight: 400;\">Stockage, pr\u00e9paration, acc\u00e8s et s\u00e9curit\u00e9 des donn\u00e9es en r\u00e9seau.<\/span><\/li>\n<li style=\"font-weight: 400;\" aria-level=\"1\"><span style=\"font-weight: 400;\">Geoserver (mise en place, fonctions et utilisation).<\/span><\/li>\n<li style=\"font-weight: 400;\" aria-level=\"1\"><span style=\"font-weight: 400;\">Infrastructures de donn\u00e9es g\u00e9ographiques.<\/span><\/li>\n<li style=\"font-weight: 400;\" aria-level=\"1\"><span style=\"font-weight: 400;\">SIG et Cloud computing.<\/span><\/li>\n<\/ul>\n<h4>Dur\u00e9e d\u2019\u00e9tude<\/h4>\n<p>16 p\u00e9riodes enseign\u00e9es plus environ 10 p\u00e9riodes de travail individuel.<\/p>\n<h4>Prix du cours<\/h4>\n<p>CHF 750.-<\/p>\n<div id=\"themify_builder_content-1001\" data-postid=\"1001\" class=\"themify_builder_content themify_builder_content-1001 themify_builder\">\n    \t<!-- module_row -->\n\t<div  class=\"themify_builder_row module_row clearfix module_row_0 themify_builder_1001_row module_row_1001-0 tb_pkax632\">\n\t    \t    <div class=\"row_inner col_align_top\" >\n\t\t\t<div  class=\"module_column tb-column col-full first tb_1001_column module_column_0 module_column_1001-0-0 tb_lx04632\">\n\t    \t    \t        <div class=\"tb-column-inner\">\n\t\t        <!-- module buttons -->\n    <div  class=\"module module-buttons tb_eewi633 xlarge solid squared  \">\n\t        \t<div class=\"module-buttons\">\n                            <div class=\"module-buttons-item buttons-fullwidth \">\n\t\t    \t\t\t<a href=\"https:\/\/geo-education.ch\/?tribe_events_cat=systemes-dinformation-reseaux&#038;lang=fr\" class=\"ui builder_button tb_default_color\" target=\"_blank\" rel=\"noopener\">\n\t\t    \t\t    \t\t\t<span>Calendrier des prochains cours et inscription en ligne<\/span>\n\t\t    \t\t    \t\t\t<\/a>\n\t\t                    <\/div>\n                    <\/div>\n    <\/div>\n    <!-- \/module buttons -->\n\t        <\/div>\n\t    \t<\/div>\n\t\t    <\/div>\n\t    <!-- \/row_inner -->\n\t<\/div>\n\t<!-- \/module_row -->\n\t<\/div>\n\n\n","protected":false},"excerpt":{"rendered":"<p>Description La conception d\u2019une architecture de syst\u00e8me correcte constitue une base d\u00e9terminante pour la mise en place et l\u2019utilisation en r\u00e9seaux de syst\u00e8mes d\u2019information g\u00e9ographiques. Pr\u00e9requis (recommandations) Connaissances de base [&hellip;]<\/p>\n","protected":false},"author":2,"featured_media":0,"parent":888,"menu_order":1,"comment_status":"closed","ping_status":"closed","template":"","meta":{"_price":"","_stock":"","_tribe_ticket_header":"","_tribe_default_ticket_provider":"","_tribe_ticket_capacity":"0","_ticket_start_date":"","_ticket_end_date":"","_tribe_ticket_show_description":"","_tribe_ticket_show_not_going":false,"_tribe_ticket_use_global_stock":"","_tribe_ticket_global_stock_level":"","_global_stock_mode":"","_global_stock_cap":"","_tribe_rsvp_for_event":"","_tribe_ticket_going_count":"","_tribe_ticket_not_going_count":"","_tribe_tickets_list":"[]","_tribe_ticket_has_attendee_info_fields":false,"footnotes":""},"class_list":["post-1001","page","type-page","status-publish","hentry","has-post-title","has-post-date","has-post-category","has-post-tag","has-post-comment","has-post-author",""],"_links":{"self":[{"href":"https:\/\/geo-education.ch\/index.php?rest_route=\/wp\/v2\/pages\/1001","targetHints":{"allow":["GET"]}}],"collection":[{"href":"https:\/\/geo-education.ch\/index.php?rest_route=\/wp\/v2\/pages"}],"about":[{"href":"https:\/\/geo-education.ch\/index.php?rest_route=\/wp\/v2\/types\/page"}],"author":[{"embeddable":true,"href":"https:\/\/geo-education.ch\/index.php?rest_route=\/wp\/v2\/users\/2"}],"replies":[{"embeddable":true,"href":"https:\/\/geo-education.ch\/index.php?rest_route=%2Fwp%2Fv2%2Fcomments&post=1001"}],"version-history":[{"count":11,"href":"https:\/\/geo-education.ch\/index.php?rest_route=\/wp\/v2\/pages\/1001\/revisions"}],"predecessor-version":[{"id":15119,"href":"https:\/\/geo-education.ch\/index.php?rest_route=\/wp\/v2\/pages\/1001\/revisions\/15119"}],"up":[{"embeddable":true,"href":"https:\/\/geo-education.ch\/index.php?rest_route=\/wp\/v2\/pages\/888"}],"wp:attachment":[{"href":"https:\/\/geo-education.ch\/index.php?rest_route=%2Fwp%2Fv2%2Fmedia&parent=1001"}],"curies":[{"name":"wp","href":"https:\/\/api.w.org\/{rel}","templated":true}]}}