{"id":1013,"date":"2018-08-25T11:46:28","date_gmt":"2018-08-25T09:46:28","guid":{"rendered":"http:\/\/geo-education.ch\/?page_id=1013"},"modified":"2022-02-20T16:56:48","modified_gmt":"2022-02-20T15:56:48","slug":"s3a-gestion-sit","status":"publish","type":"page","link":"https:\/\/geo-education.ch\/?page_id=1013&lang=fr","title":{"rendered":"Gestion SIT (S3a)"},"content":{"rendered":"<h4>Description<\/h4>\n<p>La gestion des syst\u00e8mes d&#8217;information sur le territoire est un domaine complexe qu&#8217;il s&#8217;agit de ma\u00eetriser au mieux.<\/p>\n<h4>Pr\u00e9requis (recommandations)<\/h4>\n<p><a href=\"http:\/\/geo-education.ch\/?page_id=859\">Module de base B5<\/a>, cours <a href=\"http:\/\/geo-education.ch\/?page_id=984\">B5d Bases SIT<\/a>.<\/p>\n<h4>Objectifs<\/h4>\n<ul>\n<li style=\"font-weight: 400;\" aria-level=\"1\"><span style=\"font-weight: 400;\">D\u00e9crire les \u00e9l\u00e9ments et les structures d&#8217;une organisation d&#8217;exploitation SIG.<\/span><\/li>\n<li style=\"font-weight: 400;\" aria-level=\"1\"><span style=\"font-weight: 400;\">Reconna\u00eetre les \u00e9l\u00e9ments d&#8217;une infrastructure de donn\u00e9es g\u00e9ographiques et les conditions cadres juridiques.<\/span><\/li>\n<\/ul>\n<h4>Contenu<\/h4>\n<ul>\n<li style=\"font-weight: 400;\" aria-level=\"1\"><span style=\"font-weight: 400;\">Infrastructure de g\u00e9odonn\u00e9es.<\/span><\/li>\n<li style=\"font-weight: 400;\" aria-level=\"1\"><span style=\"font-weight: 400;\">Infrastructure technique.<\/span><\/li>\n<li style=\"font-weight: 400;\" aria-level=\"1\"><span style=\"font-weight: 400;\">Bases juridiques.<\/span><\/li>\n<li style=\"font-weight: 400;\" aria-level=\"1\"><span style=\"font-weight: 400;\">Gestion des g\u00e9odonn\u00e9es.<\/span><\/li>\n<li style=\"font-weight: 400;\" aria-level=\"1\"><span style=\"font-weight: 400;\">Distribution et utilisation des g\u00e9odonn\u00e9es.<\/span><\/li>\n<li style=\"font-weight: 400;\" aria-level=\"1\"><span style=\"font-weight: 400;\">Prise en main de quelques outils SIT.<\/span><\/li>\n<\/ul>\n<h4>Dur\u00e9e d\u2019\u00e9tude<\/h4>\n<p>16 p\u00e9riodes enseign\u00e9es plus environ 19 p\u00e9riodes de travail individuel.<\/p>\n<h4>Prix du cours<\/h4>\n<p>CHF 500.-<\/p>\n<p>&nbsp;<\/p>\n<div id=\"themify_builder_content-1013\" data-postid=\"1013\" class=\"themify_builder_content themify_builder_content-1013 themify_builder\">\n    \t<!-- module_row -->\n\t<div  class=\"themify_builder_row module_row clearfix module_row_0 themify_builder_1013_row module_row_1013-0 tb_34ed39e\">\n\t    \t    <div class=\"row_inner col_align_top\" >\n\t\t\t<div  class=\"module_column tb-column col-full first tb_1013_column module_column_0 module_column_1013-0-0 tb_e932513\">\n\t    \t    \t        <div class=\"tb-column-inner\">\n\t\t        <!-- module buttons -->\n    <div  class=\"module module-buttons tb_457f59f xlarge solid squared  \">\n\t        \t<div class=\"module-buttons\">\n                            <div class=\"module-buttons-item buttons-fullwidth \">\n\t\t    \t\t\t<a href=\"https:\/\/geo-education.ch\/?tribe_events_cat=gestion-sit&#038;lang=fr\" class=\"ui builder_button tb_default_color\" target=\"_blank\" rel=\"noopener\">\n\t\t    \t\t    \t\t\t<span>Calendrier des prochains cours et inscription en ligne<\/span>\n\t\t    \t\t    \t\t\t<\/a>\n\t\t                    <\/div>\n                    <\/div>\n    <\/div>\n    <!-- \/module buttons -->\n\t        <\/div>\n\t    \t<\/div>\n\t\t    <\/div>\n\t    <!-- \/row_inner -->\n\t<\/div>\n\t<!-- \/module_row -->\n\t<\/div>\n\n\n","protected":false},"excerpt":{"rendered":"<p>Description La gestion des syst\u00e8mes d&#8217;information sur le territoire est un domaine complexe qu&#8217;il s&#8217;agit de ma\u00eetriser au mieux. Pr\u00e9requis (recommandations) Module de base B5, cours B5d Bases SIT. Objectifs [&hellip;]<\/p>\n","protected":false},"author":2,"featured_media":0,"parent":894,"menu_order":0,"comment_status":"closed","ping_status":"closed","template":"","meta":{"_price":"","_stock":"","_tribe_ticket_header":"","_tribe_default_ticket_provider":"","_tribe_ticket_capacity":"0","_ticket_start_date":"","_ticket_end_date":"","_tribe_ticket_show_description":"","_tribe_ticket_show_not_going":false,"_tribe_ticket_use_global_stock":"","_tribe_ticket_global_stock_level":"","_global_stock_mode":"","_global_stock_cap":"","_tribe_rsvp_for_event":"","_tribe_ticket_going_count":"","_tribe_ticket_not_going_count":"","_tribe_tickets_list":"[]","_tribe_ticket_has_attendee_info_fields":false,"footnotes":""},"class_list":["post-1013","page","type-page","status-publish","hentry","has-post-title","has-post-date","has-post-category","has-post-tag","has-post-comment","has-post-author",""],"_links":{"self":[{"href":"https:\/\/geo-education.ch\/index.php?rest_route=\/wp\/v2\/pages\/1013","targetHints":{"allow":["GET"]}}],"collection":[{"href":"https:\/\/geo-education.ch\/index.php?rest_route=\/wp\/v2\/pages"}],"about":[{"href":"https:\/\/geo-education.ch\/index.php?rest_route=\/wp\/v2\/types\/page"}],"author":[{"embeddable":true,"href":"https:\/\/geo-education.ch\/index.php?rest_route=\/wp\/v2\/users\/2"}],"replies":[{"embeddable":true,"href":"https:\/\/geo-education.ch\/index.php?rest_route=%2Fwp%2Fv2%2Fcomments&post=1013"}],"version-history":[{"count":13,"href":"https:\/\/geo-education.ch\/index.php?rest_route=\/wp\/v2\/pages\/1013\/revisions"}],"predecessor-version":[{"id":15117,"href":"https:\/\/geo-education.ch\/index.php?rest_route=\/wp\/v2\/pages\/1013\/revisions\/15117"}],"up":[{"embeddable":true,"href":"https:\/\/geo-education.ch\/index.php?rest_route=\/wp\/v2\/pages\/894"}],"wp:attachment":[{"href":"https:\/\/geo-education.ch\/index.php?rest_route=%2Fwp%2Fv2%2Fmedia&parent=1013"}],"curies":[{"name":"wp","href":"https:\/\/api.w.org\/{rel}","templated":true}]}}