{"id":1017,"date":"2018-08-25T11:47:26","date_gmt":"2018-08-25T09:47:26","guid":{"rendered":"http:\/\/geo-education.ch\/?page_id=1017"},"modified":"2022-02-20T16:55:23","modified_gmt":"2022-02-20T15:55:23","slug":"s3b-projet-sit","status":"publish","type":"page","link":"https:\/\/geo-education.ch\/?page_id=1017&lang=fr","title":{"rendered":"Projet SIT (S3b)"},"content":{"rendered":"<h4>Description<\/h4>\n<p><span style=\"font-weight: 400;\">Les syst\u00e8mes d&#8217;information g\u00e9ographique deviennent toujours plus importants et il est de plus en plus impensable pour bon nombre d\u2019entreprises de ne pas les utiliser. Le cours B5d \u00abbases SIT \u00bb vous a donn\u00e9 les notions sur les SIT. Dans ce cours vous approfondirez vos connaissances en mati\u00e8re de SIT et les mettrez en pratique dans un projet (en principe workshop).<\/span><\/p>\n<h4>Pr\u00e9requis (recommandations)<\/h4>\n<p>Connaissance de base en g\u00e9oinformation et bases de donn\u00e9es. <a href=\"http:\/\/geo-education.ch\/?page_id=859\">Module de base B5<\/a>, cours <a href=\"http:\/\/geo-education.ch\/?page_id=984\">B5d Bases SIT<\/a>.<\/p>\n<h4>Objectifs<\/h4>\n<ul>\n<li>D\u00e9crire la conception et les fonctionnalit\u00e9s de syst\u00e8mes d\u2019informations g\u00e9ographiques.<\/li>\n<li>Appliquer les techniques de la mod\u00e9lisation de donn\u00e9es.<\/li>\n<li>D\u00e9crire des m\u00e9thodes pour la saisie, la gestion, l\u2019analyse et l\u2019\u00e9change de donn\u00e9es.<\/li>\n<li>Visualiser des g\u00e9odonn\u00e9es.<\/li>\n<li>\u00c9noncer les principes des langages de description des donn\u00e9es.<\/li>\n<li>R\u00e9alisation d\u2019un SIT sur un cas d\u2019\u00e9tude concret.<\/li>\n<li>Etude sommaire de la 3D.<\/li>\n<\/ul>\n<h4>Contenu<\/h4>\n<ul>\n<li>Conception et fonctionnalit\u00e9s des syst\u00e8mes d\u2019informations g\u00e9ographiques.<\/li>\n<li>Bases du mat\u00e9riel (hardware\/software) pour un SIT.<\/li>\n<li>Mod\u00e9lisation de g\u00e9odonn\u00e9es complexes.<\/li>\n<li>M\u00e9thodes pour la saisie, la gestion, l\u2019analyse et l\u2019\u00e9change de donn\u00e9es.<\/li>\n<li>Visualisation de g\u00e9odonn\u00e9es.<\/li>\n<li>Langages de description des donn\u00e9es.<\/li>\n<li>Structures de stockage des g\u00e9odonn\u00e9es.<\/li>\n<li>Mod\u00e8les de donn\u00e9es.<\/li>\n<li>Transfert de donn\u00e9es.<\/li>\n<li>Mise \u00e0 jour et extension.<\/li>\n<li>G\u00e9odonn\u00e9es sur Internet.<\/li>\n<li>Projet pratique d&#8217;un SIT.<\/li>\n<li>D\u00e9veloppements futurs et liaison avec le module S2 SIT syst\u00e8mes.<\/li>\n<\/ul>\n<h4>Dur\u00e9e d\u2019\u00e9tude<\/h4>\n<p>48 p\u00e9riodes enseign\u00e9es plus environ 17 p\u00e9riodes de travail individuel<\/p>\n<h4>Prix du cours<\/h4>\n<p>CHF 1&#8217;500.-<\/p>\n<div id=\"themify_builder_content-1017\" data-postid=\"1017\" class=\"themify_builder_content themify_builder_content-1017 themify_builder\">\n    \t<!-- module_row -->\n\t<div  class=\"themify_builder_row module_row clearfix module_row_0 themify_builder_1017_row module_row_1017-0 tb_34ed39e\">\n\t    \t    <div class=\"row_inner col_align_top\" >\n\t\t\t<div  class=\"module_column tb-column col-full first tb_1017_column module_column_0 module_column_1017-0-0 tb_e932513\">\n\t    \t    \t        <div class=\"tb-column-inner\">\n\t\t        <!-- module buttons -->\n    <div  class=\"module module-buttons tb_457f59f xlarge solid squared  \">\n\t        \t<div class=\"module-buttons\">\n                            <div class=\"module-buttons-item buttons-fullwidth \">\n\t\t    \t\t\t<a href=\"https:\/\/geo-education.ch\/?tribe_events_cat=projet-sit&#038;lang=fr\" class=\"ui builder_button tb_default_color\" target=\"_blank\" rel=\"noopener\">\n\t\t    \t\t    \t\t\t<span>Calendrier des prochains cours et inscription en ligne<\/span>\n\t\t    \t\t    \t\t\t<\/a>\n\t\t                    <\/div>\n                    <\/div>\n    <\/div>\n    <!-- \/module buttons -->\n\t        <\/div>\n\t    \t<\/div>\n\t\t    <\/div>\n\t    <!-- \/row_inner -->\n\t<\/div>\n\t<!-- \/module_row -->\n\t<\/div>\n\n\n","protected":false},"excerpt":{"rendered":"<p>Description Les syst\u00e8mes d&#8217;information g\u00e9ographique deviennent toujours plus importants et il est de plus en plus impensable pour bon nombre d\u2019entreprises de ne pas les utiliser. Le cours B5d \u00abbases [&hellip;]<\/p>\n","protected":false},"author":2,"featured_media":0,"parent":894,"menu_order":1,"comment_status":"closed","ping_status":"closed","template":"","meta":{"_price":"","_stock":"","_tribe_ticket_header":"","_tribe_default_ticket_provider":"","_tribe_ticket_capacity":"0","_ticket_start_date":"","_ticket_end_date":"","_tribe_ticket_show_description":"","_tribe_ticket_show_not_going":false,"_tribe_ticket_use_global_stock":"","_tribe_ticket_global_stock_level":"","_global_stock_mode":"","_global_stock_cap":"","_tribe_rsvp_for_event":"","_tribe_ticket_going_count":"","_tribe_ticket_not_going_count":"","_tribe_tickets_list":"[]","_tribe_ticket_has_attendee_info_fields":false,"footnotes":""},"class_list":["post-1017","page","type-page","status-publish","hentry","has-post-title","has-post-date","has-post-category","has-post-tag","has-post-comment","has-post-author",""],"_links":{"self":[{"href":"https:\/\/geo-education.ch\/index.php?rest_route=\/wp\/v2\/pages\/1017","targetHints":{"allow":["GET"]}}],"collection":[{"href":"https:\/\/geo-education.ch\/index.php?rest_route=\/wp\/v2\/pages"}],"about":[{"href":"https:\/\/geo-education.ch\/index.php?rest_route=\/wp\/v2\/types\/page"}],"author":[{"embeddable":true,"href":"https:\/\/geo-education.ch\/index.php?rest_route=\/wp\/v2\/users\/2"}],"replies":[{"embeddable":true,"href":"https:\/\/geo-education.ch\/index.php?rest_route=%2Fwp%2Fv2%2Fcomments&post=1017"}],"version-history":[{"count":13,"href":"https:\/\/geo-education.ch\/index.php?rest_route=\/wp\/v2\/pages\/1017\/revisions"}],"predecessor-version":[{"id":15115,"href":"https:\/\/geo-education.ch\/index.php?rest_route=\/wp\/v2\/pages\/1017\/revisions\/15115"}],"up":[{"embeddable":true,"href":"https:\/\/geo-education.ch\/index.php?rest_route=\/wp\/v2\/pages\/894"}],"wp:attachment":[{"href":"https:\/\/geo-education.ch\/index.php?rest_route=%2Fwp%2Fv2%2Fmedia&parent=1017"}],"curies":[{"name":"wp","href":"https:\/\/api.w.org\/{rel}","templated":true}]}}