{"id":1023,"date":"2018-08-25T11:51:24","date_gmt":"2018-08-25T09:51:24","guid":{"rendered":"http:\/\/geo-education.ch\/?page_id=1023"},"modified":"2022-02-20T16:53:30","modified_gmt":"2022-02-20T15:53:30","slug":"s4a-traitement-de-donnees","status":"publish","type":"page","link":"https:\/\/geo-education.ch\/?page_id=1023&lang=fr","title":{"rendered":"Traitement de donn\u00e9es (S4a)"},"content":{"rendered":"<h4>Description<\/h4>\n<p><span style=\"font-weight: 400;\">Les traitements, la manipulation et les \u00e9changes de donn\u00e9es sont des op\u00e9rations parfois complexes, n\u00e9cessitant de bonnes connaissances techniques. Des logiciels ETL (extract-transform-load) sont \u00e0 la disposition du professionnel pour faciliter ces op\u00e9rations. Lors de ce cours, les participants utiliseront le logiciel <\/span><b>FME<\/b><span style=\"font-weight: 400;\">, le ETL leader dans le domaine de la g\u00e9omatique, afin de cr\u00e9er et d\u2019utiliser des scripts permettant d\u2019interagir avec des donn\u00e9es de formats diff\u00e9rents.\u00a0<\/span><\/p>\n<h4>Pr\u00e9requis (recommandations)<\/h4>\n<p><span style=\"font-weight: 400;\">Connaissances du contenu des cours \u00ab mod\u00e8les de donn\u00e9es \u00bb et \u00ab base SIT \u00bb.<\/span><\/p>\n<h4>Objectifs<\/h4>\n<ul>\n<li style=\"font-weight: 400;\" aria-level=\"1\"><span style=\"font-weight: 400;\">D\u00e9crire les fonctionnalit\u00e9s principales de traitements de donn\u00e9es et l\u2019\u00e9change de formats.<\/span><\/li>\n<li style=\"font-weight: 400;\" aria-level=\"1\"><span style=\"font-weight: 400;\">Comprendre la logique d\u2019utilisation d\u2019un logiciel ETL.<\/span><\/li>\n<li style=\"font-weight: 400;\" aria-level=\"1\"><span style=\"font-weight: 400;\">Gagner en autonomie lors du d\u00e9veloppement de script FME (workbench).<\/span><\/li>\n<\/ul>\n<h4>Contenu<\/h4>\n<ul>\n<li style=\"font-weight: 400;\" aria-level=\"1\"><span style=\"font-weight: 400;\">Principaux composants de FME.<\/span><\/li>\n<li style=\"font-weight: 400;\" aria-level=\"1\"><span style=\"font-weight: 400;\">Terminologie, vocabulaire FME.<\/span><\/li>\n<li style=\"font-weight: 400;\" aria-level=\"1\"><span style=\"font-weight: 400;\">Lecture et \u00e9criture de diff\u00e9rentes sources de donn\u00e9es (fichier DAO, fichier SIG, Base de donn\u00e9es, cloud, raster, etc).<\/span><\/li>\n<li style=\"font-weight: 400;\" aria-level=\"1\"><span style=\"font-weight: 400;\">Utilisation des diff\u00e9rents outils de transformation (transformers).<\/span><\/li>\n<li style=\"font-weight: 400;\" aria-level=\"1\"><span style=\"font-weight: 400;\">Modification des donn\u00e9es (structure (sch\u00e9ma), contenu, g\u00e9om\u00e9trie, syst\u00e8me de coordonn\u00e9es).<\/span><\/li>\n<li style=\"font-weight: 400;\" aria-level=\"1\"><span style=\"font-weight: 400;\">Utilisation de filtres et de jointures (spatiales et attributaires).<\/span><\/li>\n<li style=\"font-weight: 400;\" aria-level=\"1\"><span style=\"font-weight: 400;\">Cr\u00e9ation de scripts (workspace) selon les best practices.<\/span><\/li>\n<\/ul>\n<p><span style=\"font-weight: 400;\">Le contenu th\u00e9orique de ce cours sera compl\u00e9t\u00e9 par des exercices pratiques.\u00a0<\/span><\/p>\n<h4>Dur\u00e9e d\u2019\u00e9tude<\/h4>\n<p><strong>20<\/strong>\u00a0p\u00e9riodes enseign\u00e9es plus environ <strong>8<\/strong> p\u00e9riodes de travail individuel.<\/p>\n<h4>Prix du cours<\/h4>\n<p>CHF 600.-<\/p>\n<div id=\"themify_builder_content-1023\" data-postid=\"1023\" class=\"themify_builder_content themify_builder_content-1023 themify_builder\">\n    \t<!-- module_row -->\n\t<div  class=\"themify_builder_row module_row clearfix module_row_0 themify_builder_1023_row module_row_1023-0 tb_34ed39e\">\n\t    \t    <div class=\"row_inner col_align_top\" >\n\t\t\t<div  class=\"module_column tb-column col-full first tb_1023_column module_column_0 module_column_1023-0-0 tb_e932513\">\n\t    \t    \t        <div class=\"tb-column-inner\">\n\t\t        <!-- module buttons -->\n    <div  class=\"module module-buttons tb_457f59f xlarge solid squared  \">\n\t        \t<div class=\"module-buttons\">\n                            <div class=\"module-buttons-item buttons-fullwidth \">\n\t\t    \t\t\t<a href=\"https:\/\/geo-education.ch\/?tribe_events_cat=traitement-de-donnees&#038;lang=fr\" class=\"ui builder_button tb_default_color\" target=\"_blank\" rel=\"noopener\">\n\t\t    \t\t    \t\t\t<span>Calendrier des prochains cours et inscription en ligne<\/span>\n\t\t    \t\t    \t\t\t<\/a>\n\t\t                    <\/div>\n                    <\/div>\n    <\/div>\n    <!-- \/module buttons -->\n\t        <\/div>\n\t    \t<\/div>\n\t\t    <\/div>\n\t    <!-- \/row_inner -->\n\t<\/div>\n\t<!-- \/module_row -->\n\t<\/div>\n\n\n","protected":false},"excerpt":{"rendered":"<p>Description Les traitements, la manipulation et les \u00e9changes de donn\u00e9es sont des op\u00e9rations parfois complexes, n\u00e9cessitant de bonnes connaissances techniques. Des logiciels ETL (extract-transform-load) sont \u00e0 la disposition du professionnel [&hellip;]<\/p>\n","protected":false},"author":2,"featured_media":0,"parent":898,"menu_order":0,"comment_status":"closed","ping_status":"closed","template":"","meta":{"_price":"","_stock":"","_tribe_ticket_header":"","_tribe_default_ticket_provider":"","_tribe_ticket_capacity":"0","_ticket_start_date":"","_ticket_end_date":"","_tribe_ticket_show_description":"","_tribe_ticket_show_not_going":false,"_tribe_ticket_use_global_stock":"","_tribe_ticket_global_stock_level":"","_global_stock_mode":"","_global_stock_cap":"","_tribe_rsvp_for_event":"","_tribe_ticket_going_count":"","_tribe_ticket_not_going_count":"","_tribe_tickets_list":"[]","_tribe_ticket_has_attendee_info_fields":false,"footnotes":""},"class_list":["post-1023","page","type-page","status-publish","hentry","has-post-title","has-post-date","has-post-category","has-post-tag","has-post-comment","has-post-author",""],"_links":{"self":[{"href":"https:\/\/geo-education.ch\/index.php?rest_route=\/wp\/v2\/pages\/1023","targetHints":{"allow":["GET"]}}],"collection":[{"href":"https:\/\/geo-education.ch\/index.php?rest_route=\/wp\/v2\/pages"}],"about":[{"href":"https:\/\/geo-education.ch\/index.php?rest_route=\/wp\/v2\/types\/page"}],"author":[{"embeddable":true,"href":"https:\/\/geo-education.ch\/index.php?rest_route=\/wp\/v2\/users\/2"}],"replies":[{"embeddable":true,"href":"https:\/\/geo-education.ch\/index.php?rest_route=%2Fwp%2Fv2%2Fcomments&post=1023"}],"version-history":[{"count":12,"href":"https:\/\/geo-education.ch\/index.php?rest_route=\/wp\/v2\/pages\/1023\/revisions"}],"predecessor-version":[{"id":15113,"href":"https:\/\/geo-education.ch\/index.php?rest_route=\/wp\/v2\/pages\/1023\/revisions\/15113"}],"up":[{"embeddable":true,"href":"https:\/\/geo-education.ch\/index.php?rest_route=\/wp\/v2\/pages\/898"}],"wp:attachment":[{"href":"https:\/\/geo-education.ch\/index.php?rest_route=%2Fwp%2Fv2%2Fmedia&parent=1023"}],"curies":[{"name":"wp","href":"https:\/\/api.w.org\/{rel}","templated":true}]}}