{"id":1029,"date":"2018-08-25T11:58:41","date_gmt":"2018-08-25T09:58:41","guid":{"rendered":"http:\/\/geo-education.ch\/?page_id=1029"},"modified":"2022-02-20T16:51:10","modified_gmt":"2022-02-20T15:51:10","slug":"s4b-base-de-donnees","status":"publish","type":"page","link":"https:\/\/geo-education.ch\/?page_id=1029&lang=fr","title":{"rendered":"Base de donn\u00e9es (S4b)"},"content":{"rendered":"<h4>Description<\/h4>\n<p>Les syst\u00e8mes d\u2019informations g\u00e9ographiques utilisent des syst\u00e8mes de base de donn\u00e9es (DBMS).<\/p>\n<h4>Pr\u00e9requis (recommandations)<\/h4>\n<p>Connaissances du contenu des cours <a href=\"https:\/\/geo-education.ch\/?page_id=848&amp;lang=fr\">B4b mod\u00e8les de donn\u00e9es<\/a> et <a href=\"https:\/\/geo-education.ch\/?page_id=984&amp;lang=fr\">B5d bases SIT<\/a>.<\/p>\n<h4>Objectifs<\/h4>\n<ul>\n<li>D\u00e9crire les fonctionnalit\u00e9s principales d\u2019une base de donn\u00e9es.<\/li>\n<\/ul>\n<h4>Contenu<\/h4>\n<ul>\n<li>Divers mod\u00e8les de bases de donn\u00e9es (relationnelle, r\u00e9seau, hi\u00e9rarchique).<\/li>\n<li>Architecture de bases de donn\u00e9es relationnelles.<\/li>\n<li>Principes et fonctionnalit\u00e9s d\u2019une base de donn\u00e9es.<\/li>\n<li>Langage de base de donn\u00e9es SQL.<\/li>\n<li>Echange entre bases de donn\u00e9es.<\/li>\n<li>Tendances.<\/li>\n<li>Transfert de bases de donn\u00e9es existantes vers de nouvelles bases (migration).<\/li>\n<\/ul>\n<h4>Dur\u00e9e d\u2019\u00e9tude<\/h4>\n<p>20 p\u00e9riodes enseign\u00e9es plus environ 12 p\u00e9riodes de travail individuel.<\/p>\n<h4>Prix du cours<\/h4>\n<p>CHF 650.-<\/p>\n<h4>Particularit\u00e9s<\/h4>\n<p>Il n&#8217;est pas possible de suivre les cours <a href=\"https:\/\/geo-education.ch\/?page_id=848&amp;lang=fr\">S4b base de donn\u00e9es<\/a> et <a href=\"https:\/\/geo-education.ch\/?page_id=1034&amp;lang=fr\">S4c BD pratique<\/a> s\u00e9par\u00e9ment.<\/p>\n<div id=\"themify_builder_content-1029\" data-postid=\"1029\" class=\"themify_builder_content themify_builder_content-1029 themify_builder\">\n    \t<!-- module_row -->\n\t<div  class=\"themify_builder_row module_row clearfix module_row_0 themify_builder_1029_row module_row_1029-0 tb_34ed39e\">\n\t    \t    <div class=\"row_inner col_align_top\" >\n\t\t\t<div  class=\"module_column tb-column col-full first tb_1029_column module_column_0 module_column_1029-0-0 tb_e932513\">\n\t    \t    \t        <div class=\"tb-column-inner\">\n\t\t        <!-- module buttons -->\n    <div  class=\"module module-buttons tb_457f59f xlarge solid squared  \">\n\t        \t<div class=\"module-buttons\">\n                            <div class=\"module-buttons-item buttons-fullwidth \">\n\t\t    \t\t\t<a href=\"https:\/\/geo-education.ch\/?tribe_events_cat=bases-de-donnees-et-bd-pratique&#038;lang=fr\" class=\"ui builder_button tb_default_color\" target=\"_blank\" rel=\"noopener\">\n\t\t    \t\t    \t\t\t<span>Calendrier des prochains cours et inscription en ligne<\/span>\n\t\t    \t\t    \t\t\t<\/a>\n\t\t                    <\/div>\n                    <\/div>\n    <\/div>\n    <!-- \/module buttons -->\n\t        <\/div>\n\t    \t<\/div>\n\t\t    <\/div>\n\t    <!-- \/row_inner -->\n\t<\/div>\n\t<!-- \/module_row -->\n\t<\/div>\n\n\n","protected":false},"excerpt":{"rendered":"<p>Description Les syst\u00e8mes d\u2019informations g\u00e9ographiques utilisent des syst\u00e8mes de base de donn\u00e9es (DBMS). Pr\u00e9requis (recommandations) Connaissances du contenu des cours B4b mod\u00e8les de donn\u00e9es et B5d bases SIT. Objectifs D\u00e9crire [&hellip;]<\/p>\n","protected":false},"author":2,"featured_media":0,"parent":898,"menu_order":1,"comment_status":"closed","ping_status":"closed","template":"","meta":{"_price":"","_stock":"","_tribe_ticket_header":"","_tribe_default_ticket_provider":"","_tribe_ticket_capacity":"0","_ticket_start_date":"","_ticket_end_date":"","_tribe_ticket_show_description":"","_tribe_ticket_show_not_going":false,"_tribe_ticket_use_global_stock":"","_tribe_ticket_global_stock_level":"","_global_stock_mode":"","_global_stock_cap":"","_tribe_rsvp_for_event":"","_tribe_ticket_going_count":"","_tribe_ticket_not_going_count":"","_tribe_tickets_list":"[]","_tribe_ticket_has_attendee_info_fields":false,"footnotes":""},"class_list":["post-1029","page","type-page","status-publish","hentry","has-post-title","has-post-date","has-post-category","has-post-tag","has-post-comment","has-post-author",""],"_links":{"self":[{"href":"https:\/\/geo-education.ch\/index.php?rest_route=\/wp\/v2\/pages\/1029","targetHints":{"allow":["GET"]}}],"collection":[{"href":"https:\/\/geo-education.ch\/index.php?rest_route=\/wp\/v2\/pages"}],"about":[{"href":"https:\/\/geo-education.ch\/index.php?rest_route=\/wp\/v2\/types\/page"}],"author":[{"embeddable":true,"href":"https:\/\/geo-education.ch\/index.php?rest_route=\/wp\/v2\/users\/2"}],"replies":[{"embeddable":true,"href":"https:\/\/geo-education.ch\/index.php?rest_route=%2Fwp%2Fv2%2Fcomments&post=1029"}],"version-history":[{"count":21,"href":"https:\/\/geo-education.ch\/index.php?rest_route=\/wp\/v2\/pages\/1029\/revisions"}],"predecessor-version":[{"id":15110,"href":"https:\/\/geo-education.ch\/index.php?rest_route=\/wp\/v2\/pages\/1029\/revisions\/15110"}],"up":[{"embeddable":true,"href":"https:\/\/geo-education.ch\/index.php?rest_route=\/wp\/v2\/pages\/898"}],"wp:attachment":[{"href":"https:\/\/geo-education.ch\/index.php?rest_route=%2Fwp%2Fv2%2Fmedia&parent=1029"}],"curies":[{"name":"wp","href":"https:\/\/api.w.org\/{rel}","templated":true}]}}