{"id":1034,"date":"2018-08-25T12:02:41","date_gmt":"2018-08-25T10:02:41","guid":{"rendered":"http:\/\/geo-education.ch\/?page_id=1034"},"modified":"2022-02-20T16:50:06","modified_gmt":"2022-02-20T15:50:06","slug":"s4c-bd-pratique","status":"publish","type":"page","link":"https:\/\/geo-education.ch\/?page_id=1034&lang=fr","title":{"rendered":"BD pratique (S4c)"},"content":{"rendered":"<h4>Description<\/h4>\n<p>Utilisation d&#8217;applications de base de donn\u00e9es. Utilisation par divers syst\u00e8mes d\u2019informations g\u00e9ographiques comme base de donn\u00e9es en arri\u00e8re-plan. Offrir la possibilit\u00e9 de cr\u00e9er ses propres applications en y incluant formulaires et rapports.<\/p>\n<h4>Pr\u00e9requis (recommandations)<\/h4>\n<p>Cours li\u00e9 avec le cours <a href=\"https:\/\/geo-education.ch\/?page_id=848&amp;lang=fr\">B4b mod\u00e8les de donn\u00e9es<\/a>.<\/p>\n<h4>Objectifs<\/h4>\n<ul>\n<li>Comprendre les fonctionnalit\u00e9s d\u2019une base de donn\u00e9es.<\/li>\n<li>R\u00e9aliser une application fonctionnelle et conviviale.<\/li>\n<\/ul>\n<h4>Contenu<\/h4>\n<ul>\n<li>Mettre en pratique les applications de base.<\/li>\n<li>Principes de base th\u00e9oriques et pratiques pour la cr\u00e9ation d\u2019une base de donn\u00e9es.<\/li>\n<li>Saisir, exploiter et pr\u00e9senter des donn\u00e9es.<\/li>\n<li>D\u00e9finir des tableaux.<\/li>\n<li>\u00c9tablir des formulaires.<\/li>\n<li>Interrogation de la base de donn\u00e9es.<\/li>\n<li>Etablir des rapports.<\/li>\n<li>Macros.<\/li>\n<\/ul>\n<h4>Dur\u00e9e d\u2019\u00e9tude<\/h4>\n<p>24 p\u00e9riodes enseign\u00e9es plus environ 18 p\u00e9riodes de travail individuel.<\/p>\n<h4>Prix du cours<\/h4>\n<p>CHF 750.-<\/p>\n<h4>Particularit\u00e9s<\/h4>\n<p>Il n&#8217;est pas possible de suivre les cours <a href=\"https:\/\/geo-education.ch\/?page_id=1029&amp;lang=fr\">S4b base de donn\u00e9es<\/a> et <a href=\"https:\/\/geo-education.ch\/?page_id=1034&amp;lang=fr\">S4c BD pratique<\/a> s\u00e9par\u00e9ment.<\/p>\n<div id=\"themify_builder_content-1034\" data-postid=\"1034\" class=\"themify_builder_content themify_builder_content-1034 themify_builder\">\n    \t<!-- module_row -->\n\t<div  class=\"themify_builder_row module_row clearfix module_row_0 themify_builder_1034_row module_row_1034-0 tb_34ed39e\">\n\t    \t    <div class=\"row_inner col_align_top\" >\n\t\t\t<div  class=\"module_column tb-column col-full first tb_1034_column module_column_0 module_column_1034-0-0 tb_e932513\">\n\t    \t    \t        <div class=\"tb-column-inner\">\n\t\t        <!-- module buttons -->\n    <div  class=\"module module-buttons tb_457f59f xlarge solid squared  \">\n\t        \t<div class=\"module-buttons\">\n                            <div class=\"module-buttons-item buttons-fullwidth \">\n\t\t    \t\t\t<a href=\"https:\/\/geo-education.ch\/?tribe_events_cat=bases-de-donnees-et-bd-pratique&#038;lang=fr\" class=\"ui builder_button tb_default_color\" target=\"_blank\" rel=\"noopener\">\n\t\t    \t\t    \t\t\t<span>Calendrier des prochains cours et inscription en ligne<\/span>\n\t\t    \t\t    \t\t\t<\/a>\n\t\t                    <\/div>\n                    <\/div>\n    <\/div>\n    <!-- \/module buttons -->\n\t        <\/div>\n\t    \t<\/div>\n\t\t    <\/div>\n\t    <!-- \/row_inner -->\n\t<\/div>\n\t<!-- \/module_row -->\n\t<\/div>\n\n\n","protected":false},"excerpt":{"rendered":"<p>Description Utilisation d&#8217;applications de base de donn\u00e9es. Utilisation par divers syst\u00e8mes d\u2019informations g\u00e9ographiques comme base de donn\u00e9es en arri\u00e8re-plan. Offrir la possibilit\u00e9 de cr\u00e9er ses propres applications en y incluant [&hellip;]<\/p>\n","protected":false},"author":2,"featured_media":0,"parent":898,"menu_order":2,"comment_status":"closed","ping_status":"closed","template":"","meta":{"_price":"","_stock":"","_tribe_ticket_header":"","_tribe_default_ticket_provider":"","_tribe_ticket_capacity":"0","_ticket_start_date":"","_ticket_end_date":"","_tribe_ticket_show_description":"","_tribe_ticket_show_not_going":false,"_tribe_ticket_use_global_stock":"","_tribe_ticket_global_stock_level":"","_global_stock_mode":"","_global_stock_cap":"","_tribe_rsvp_for_event":"","_tribe_ticket_going_count":"","_tribe_ticket_not_going_count":"","_tribe_tickets_list":"[]","_tribe_ticket_has_attendee_info_fields":false,"footnotes":""},"class_list":["post-1034","page","type-page","status-publish","hentry","has-post-title","has-post-date","has-post-category","has-post-tag","has-post-comment","has-post-author",""],"_links":{"self":[{"href":"https:\/\/geo-education.ch\/index.php?rest_route=\/wp\/v2\/pages\/1034","targetHints":{"allow":["GET"]}}],"collection":[{"href":"https:\/\/geo-education.ch\/index.php?rest_route=\/wp\/v2\/pages"}],"about":[{"href":"https:\/\/geo-education.ch\/index.php?rest_route=\/wp\/v2\/types\/page"}],"author":[{"embeddable":true,"href":"https:\/\/geo-education.ch\/index.php?rest_route=\/wp\/v2\/users\/2"}],"replies":[{"embeddable":true,"href":"https:\/\/geo-education.ch\/index.php?rest_route=%2Fwp%2Fv2%2Fcomments&post=1034"}],"version-history":[{"count":16,"href":"https:\/\/geo-education.ch\/index.php?rest_route=\/wp\/v2\/pages\/1034\/revisions"}],"predecessor-version":[{"id":15108,"href":"https:\/\/geo-education.ch\/index.php?rest_route=\/wp\/v2\/pages\/1034\/revisions\/15108"}],"up":[{"embeddable":true,"href":"https:\/\/geo-education.ch\/index.php?rest_route=\/wp\/v2\/pages\/898"}],"wp:attachment":[{"href":"https:\/\/geo-education.ch\/index.php?rest_route=%2Fwp%2Fv2%2Fmedia&parent=1034"}],"curies":[{"name":"wp","href":"https:\/\/api.w.org\/{rel}","templated":true}]}}