{"id":1044,"date":"2018-08-27T10:28:11","date_gmt":"2018-08-27T08:28:11","guid":{"rendered":"http:\/\/geo-education.ch\/?page_id=1044"},"modified":"2022-02-20T16:49:02","modified_gmt":"2022-02-20T15:49:02","slug":"s5a-saisie-de-donnees-3d","status":"publish","type":"page","link":"https:\/\/geo-education.ch\/?page_id=1044&lang=fr","title":{"rendered":"Saisie de donn\u00e9es 3D (S5a)"},"content":{"rendered":"<h4>Description<\/h4>\n<p>Pour des saisies id\u00e9ales en 3D sur de grandes et de petites surfaces, des connaissances fondamentales des diff\u00e9rentes m\u00e9thodes sont n\u00e9cessaires.<\/p>\n<h4>Pr\u00e9requis (recommandations)<\/h4>\n<p>Avoir suivi le module B4 G\u00e9omatique\u00a0+ TI, <a href=\"http:\/\/geo-education.ch\/index.php\/geo-education-landing\/module-b5-ti-administration\/\">B5 TI Administration<\/a> et\/ou <a href=\"http:\/\/geo-education.ch\/index.php\/geo-education-landing\/module-s6-methodes-de-saisie\/\">S6 M\u00e9thodes de saisie<\/a>, ou exp\u00e9rience professionnelle dans le domaine de la g\u00e9oinformatique, g\u00e9omatique, planification.<\/p>\n<h4>Objectifs<\/h4>\n<p>A l\u2019issu du cours, les participant(e)s sont capables de\u00a0:<\/p>\n<ul>\n<li>d\u00e9crire des g\u00e9odonn\u00e9es 3D.<\/li>\n<li>caract\u00e9riser des g\u00e9odonn\u00e9es 3D existantes.<\/li>\n<li>expliquer des m\u00e9thodes de saisie 3D.<\/li>\n<li>mettre en \u00e9vidence les avantages et les inconv\u00e9nients des m\u00e9thodes de saisie 3D.<\/li>\n<\/ul>\n<h4>Contenu<\/h4>\n<ul>\n<li>base \u2013 3D \u2013 \u00ab\u00a0pas seulement une coordonn\u00e9e Z\u00a0\u00bb.<\/li>\n<li>possibilit\u00e9s d\u2019utilisation de g\u00e9odonn\u00e9es en 3D.<\/li>\n<li>vue d\u2019ensemble de jeux de donn\u00e9es 3D existants en Suisse.<\/li>\n<li>saisie terrestre de g\u00e9odonn\u00e9es 3D (GNSS, tachym\u00e8tre, scanneur laser et photogramm\u00e9trie) pour de petits p\u00e9rim\u00e8tres.<\/li>\n<li>saisie a\u00e9rienne de g\u00e9odonn\u00e9es 3D laser a\u00e9roport\u00e9 (Airborne Laserscanning), photogramm\u00e9trie (image a\u00e9rienne\/drones) et t\u00e9l\u00e9d\u00e9tection) pour de grands p\u00e9rim\u00e8tres.<\/li>\n<li>saisie mobile de g\u00e9odonn\u00e9es 3D (par image st\u00e9r\u00e9o, par laser et par radar).<\/li>\n<li>avantages et inconv\u00e9nients des diff\u00e9rentes m\u00e9thodes.<\/li>\n<li>tendances et perspectives.<\/li>\n<\/ul>\n<h4>Dur\u00e9e d\u2019\u00e9tude<\/h4>\n<p>24 p\u00e9riodes enseign\u00e9es plus environ 10 p\u00e9riodes de travail individuel.<\/p>\n<h4>Prix du cours<\/h4>\n<p>CHF 750.-<\/p>\n<h4>Particularit\u00e9<\/h4>\n<p>Il n&#8217;est pas possible de ne suivre qu&#8217;un cours de ce module. Le module doit \u00eatre suivi dans son int\u00e9gralit\u00e9.<\/p>\n<div id=\"themify_builder_content-1044\" data-postid=\"1044\" class=\"themify_builder_content themify_builder_content-1044 themify_builder\">\n    \t<!-- module_row -->\n\t<div  class=\"themify_builder_row module_row clearfix module_row_0 themify_builder_1044_row module_row_1044-0 tb_kukg601\">\n\t    \t    <div class=\"row_inner col_align_top\" >\n\t\t\t<div  class=\"module_column tb-column col-full first tb_1044_column module_column_0 module_column_1044-0-0 tb_brtu602\">\n\t    \t    \t        <div class=\"tb-column-inner\">\n\t\t        <!-- module buttons -->\n    <div  class=\"module module-buttons tb_09ji602 xlarge solid squared  \">\n\t        \t<div class=\"module-buttons\">\n                            <div class=\"module-buttons-item buttons-fullwidth \">\n\t\t    \t\t\t<a href=\"https:\/\/geo-education.ch\/?tribe_events_cat=saisie-de-donnees-3d&#038;lang=fr\" class=\"ui builder_button tb_default_color\" target=\"_blank\" rel=\"noopener\">\n\t\t    \t\t    \t\t\t<span>Calendrier des prochains cours et inscription en ligne<\/span>\n\t\t    \t\t    \t\t\t<\/a>\n\t\t                    <\/div>\n                    <\/div>\n    <\/div>\n    <!-- \/module buttons -->\n\t        <\/div>\n\t    \t<\/div>\n\t\t    <\/div>\n\t    <!-- \/row_inner -->\n\t<\/div>\n\t<!-- \/module_row -->\n\t<\/div>\n\n\n","protected":false},"excerpt":{"rendered":"<p>Description Pour des saisies id\u00e9ales en 3D sur de grandes et de petites surfaces, des connaissances fondamentales des diff\u00e9rentes m\u00e9thodes sont n\u00e9cessaires. Pr\u00e9requis (recommandations) Avoir suivi le module B4 G\u00e9omatique\u00a0+ [&hellip;]<\/p>\n","protected":false},"author":2,"featured_media":0,"parent":904,"menu_order":0,"comment_status":"closed","ping_status":"closed","template":"","meta":{"_price":"","_stock":"","_tribe_ticket_header":"","_tribe_default_ticket_provider":"","_tribe_ticket_capacity":"0","_ticket_start_date":"","_ticket_end_date":"","_tribe_ticket_show_description":"","_tribe_ticket_show_not_going":false,"_tribe_ticket_use_global_stock":"","_tribe_ticket_global_stock_level":"","_global_stock_mode":"","_global_stock_cap":"","_tribe_rsvp_for_event":"","_tribe_ticket_going_count":"","_tribe_ticket_not_going_count":"","_tribe_tickets_list":"[]","_tribe_ticket_has_attendee_info_fields":false,"footnotes":""},"class_list":["post-1044","page","type-page","status-publish","hentry","has-post-title","has-post-date","has-post-category","has-post-tag","has-post-comment","has-post-author",""],"_links":{"self":[{"href":"https:\/\/geo-education.ch\/index.php?rest_route=\/wp\/v2\/pages\/1044","targetHints":{"allow":["GET"]}}],"collection":[{"href":"https:\/\/geo-education.ch\/index.php?rest_route=\/wp\/v2\/pages"}],"about":[{"href":"https:\/\/geo-education.ch\/index.php?rest_route=\/wp\/v2\/types\/page"}],"author":[{"embeddable":true,"href":"https:\/\/geo-education.ch\/index.php?rest_route=\/wp\/v2\/users\/2"}],"replies":[{"embeddable":true,"href":"https:\/\/geo-education.ch\/index.php?rest_route=%2Fwp%2Fv2%2Fcomments&post=1044"}],"version-history":[{"count":8,"href":"https:\/\/geo-education.ch\/index.php?rest_route=\/wp\/v2\/pages\/1044\/revisions"}],"predecessor-version":[{"id":15106,"href":"https:\/\/geo-education.ch\/index.php?rest_route=\/wp\/v2\/pages\/1044\/revisions\/15106"}],"up":[{"embeddable":true,"href":"https:\/\/geo-education.ch\/index.php?rest_route=\/wp\/v2\/pages\/904"}],"wp:attachment":[{"href":"https:\/\/geo-education.ch\/index.php?rest_route=%2Fwp%2Fv2%2Fmedia&parent=1044"}],"curies":[{"name":"wp","href":"https:\/\/api.w.org\/{rel}","templated":true}]}}