{"id":1050,"date":"2018-08-27T10:35:48","date_gmt":"2018-08-27T08:35:48","guid":{"rendered":"http:\/\/geo-education.ch\/?page_id=1050"},"modified":"2025-04-04T11:59:23","modified_gmt":"2025-04-04T09:59:23","slug":"s5b-gestion-de-donnees-3d","status":"publish","type":"page","link":"https:\/\/geo-education.ch\/?page_id=1050&lang=fr","title":{"rendered":"Gestion de donn\u00e9es 3D (S5b)"},"content":{"rendered":"<h4>Description<\/h4>\n<p>Quelle technique utiliser pour g\u00e9rer, analyser, et transmettre correctement des donn\u00e9es 3D \u00e0 des tiers\u00a0?<\/p>\n<h4>Pr\u00e9requis (recommandations)<\/h4>\n<p>Avoir suivi le module B4 G\u00e9omatique\u00a0+ TI, <a href=\"https:\/\/geo-education.ch\/?page_id=859&amp;lang=fr\">B5 TI Administration,<\/a> <a href=\"https:\/\/geo-education.ch\/?page_id=859&amp;lang=fr\">S4 Bases de donn\u00e9es<\/a> et\/ou <a href=\"https:\/\/geo-education.ch\/?page_id=909&amp;lang=fr\">S6 M\u00e9thodes de saisie<\/a>, ou exp\u00e9rience professionnelle dans le domaine de la g\u00e9oinformatique, g\u00e9omatique, planification.<\/p>\n<h4>Objectifs<\/h4>\n<p>A l\u2019issu du cours, les participant(e)s sont capables de\u00a0:<\/p>\n<ul>\n<li>conna\u00eetre les possibilit\u00e9s de mod\u00e9lisation de donn\u00e9es 3D.<\/li>\n<li>d\u00e9crire des solutions de bases de donn\u00e9es (gestion de donn\u00e9es).<\/li>\n<li>nommer et diff\u00e9rencier des interfaces 3D et des formats de donn\u00e9es 3D (diffusion de donn\u00e9es 3D).<\/li>\n<li>\u00e9num\u00e9rer des m\u00e9thodes d\u2019analyse et d\u2019utilisation.<\/li>\n<\/ul>\n<h4>Contenu<\/h4>\n<ul>\n<li>vue d\u2019ensemble des possibilit\u00e9s de gestion.<\/li>\n<li>variantes de mod\u00e9lisation de donn\u00e9es 3D (repr\u00e9sentations vectorielles, fragment\u00e9es et analytiques).<\/li>\n<li>solutions de bases de donn\u00e9es (commerciales et OpenSource).<\/li>\n<li>gestion de donn\u00e9es 3D (LOD, indexation spatiale).<\/li>\n<li>interfaces 3D et format de donn\u00e9es 3D (MO-3D, CityGML, KML, etc.).<\/li>\n<li>utilisation de donn\u00e9es 3D (analyses de SIG 3D, g\u00e9oservices).<\/li>\n<li>solutions de mises \u00e0 jour pour des g\u00e9odonn\u00e9es 3D.<\/li>\n<\/ul>\n<h4>Dur\u00e9e d\u2019\u00e9tude<\/h4>\n<p>16 p\u00e9riodes enseign\u00e9es plus environ 10 p\u00e9riodes de travail individuel.<\/p>\n<h4>Prix du cours<\/h4>\n<p>CHF 500.-<\/p>\n<h4>Particularit\u00e9<\/h4>\n<p>Il n&#8217;est pas possible de ne suivre qu&#8217;un cours de ce module. Le module doit \u00eatre suivi dans son int\u00e9gralit\u00e9.<\/p>\n<div id=\"themify_builder_content-1050\" data-postid=\"1050\" class=\"themify_builder_content themify_builder_content-1050 themify_builder\">\n    \t<!-- module_row -->\n\t<div  class=\"themify_builder_row module_row clearfix module_row_0 themify_builder_1050_row module_row_1050-0 tb_d0yb510\">\n\t    \t    <div class=\"row_inner col_align_top\" >\n\t\t\t<div  class=\"module_column tb-column col-full first tb_1050_column module_column_0 module_column_1050-0-0 tb_tzlr511\">\n\t    \t    \t        <div class=\"tb-column-inner\">\n\t\t        <!-- module buttons -->\n    <div  class=\"module module-buttons tb_p0xy511 xlarge solid squared  \">\n\t        \t<div class=\"module-buttons\">\n                            <div class=\"module-buttons-item buttons-fullwidth \">\n\t\t    \t\t\t<a href=\"https:\/\/geo-education.ch\/?tribe_events_cat=gestion-de-donnees-3d&#038;lang=fr\" class=\"ui builder_button tb_default_color\" target=\"_blank\" rel=\"noopener\">\n\t\t    \t\t    \t\t\t<span>Calendrier des prochains cours et inscription en ligne<\/span>\n\t\t    \t\t    \t\t\t<\/a>\n\t\t                    <\/div>\n                    <\/div>\n    <\/div>\n    <!-- \/module buttons -->\n\t        <\/div>\n\t    \t<\/div>\n\t\t    <\/div>\n\t    <!-- \/row_inner -->\n\t<\/div>\n\t<!-- \/module_row -->\n\t<\/div>\n\n\n","protected":false},"excerpt":{"rendered":"<p>Description Quelle technique utiliser pour g\u00e9rer, analyser, et transmettre correctement des donn\u00e9es 3D \u00e0 des tiers\u00a0? Pr\u00e9requis (recommandations) Avoir suivi le module B4 G\u00e9omatique\u00a0+ TI, B5 TI Administration, S4 Bases [&hellip;]<\/p>\n","protected":false},"author":2,"featured_media":0,"parent":904,"menu_order":0,"comment_status":"closed","ping_status":"closed","template":"","meta":{"_price":"","_stock":"","_tribe_ticket_header":"","_tribe_default_ticket_provider":"","_tribe_ticket_capacity":"0","_ticket_start_date":"","_ticket_end_date":"","_tribe_ticket_show_description":"","_tribe_ticket_show_not_going":false,"_tribe_ticket_use_global_stock":"","_tribe_ticket_global_stock_level":"","_global_stock_mode":"","_global_stock_cap":"","_tribe_rsvp_for_event":"","_tribe_ticket_going_count":"","_tribe_ticket_not_going_count":"","_tribe_tickets_list":"[]","_tribe_ticket_has_attendee_info_fields":false,"footnotes":""},"class_list":["post-1050","page","type-page","status-publish","hentry","has-post-title","has-post-date","has-post-category","has-post-tag","has-post-comment","has-post-author",""],"_links":{"self":[{"href":"https:\/\/geo-education.ch\/index.php?rest_route=\/wp\/v2\/pages\/1050","targetHints":{"allow":["GET"]}}],"collection":[{"href":"https:\/\/geo-education.ch\/index.php?rest_route=\/wp\/v2\/pages"}],"about":[{"href":"https:\/\/geo-education.ch\/index.php?rest_route=\/wp\/v2\/types\/page"}],"author":[{"embeddable":true,"href":"https:\/\/geo-education.ch\/index.php?rest_route=\/wp\/v2\/users\/2"}],"replies":[{"embeddable":true,"href":"https:\/\/geo-education.ch\/index.php?rest_route=%2Fwp%2Fv2%2Fcomments&post=1050"}],"version-history":[{"count":19,"href":"https:\/\/geo-education.ch\/index.php?rest_route=\/wp\/v2\/pages\/1050\/revisions"}],"predecessor-version":[{"id":22216,"href":"https:\/\/geo-education.ch\/index.php?rest_route=\/wp\/v2\/pages\/1050\/revisions\/22216"}],"up":[{"embeddable":true,"href":"https:\/\/geo-education.ch\/index.php?rest_route=\/wp\/v2\/pages\/904"}],"wp:attachment":[{"href":"https:\/\/geo-education.ch\/index.php?rest_route=%2Fwp%2Fv2%2Fmedia&parent=1050"}],"curies":[{"name":"wp","href":"https:\/\/api.w.org\/{rel}","templated":true}]}}