{"id":1053,"date":"2018-08-27T10:37:27","date_gmt":"2018-08-27T08:37:27","guid":{"rendered":"http:\/\/geo-education.ch\/?page_id=1053"},"modified":"2022-02-20T16:46:35","modified_gmt":"2022-02-20T15:46:35","slug":"s5c-analyses-et-publications-3d","status":"publish","type":"page","link":"https:\/\/geo-education.ch\/?page_id=1053&lang=fr","title":{"rendered":"Analyses et publications 3D (S5c)"},"content":{"rendered":"<h4>Description<\/h4>\n<p>Selon quels principes et m\u00e9thodes les g\u00e9odonn\u00e9es 3D doivent \u00eatre repr\u00e9sent\u00e9es et visualis\u00e9es\u00a0?<\/p>\n<h4>Pr\u00e9requis (recommandations)<\/h4>\n<p>Avoir suivi le module B4 G\u00e9omatique\u00a0+ TI, <a href=\"http:\/\/geo-education.ch\/?page_id=859\">B5 TI Administration<\/a> et\/ou <a href=\"http:\/\/geo-education.ch\/?page_id=909\">S6 M\u00e9thodes de saisie<\/a>, ou exp\u00e9rience professionnelle dans le domaine de la g\u00e9oinformatique, g\u00e9omatique, planification.<\/p>\n<h4>Objectifs<\/h4>\n<p>A l\u2019issu du cours, les participant(e)s sont capables de\u00a0:<\/p>\n<ul>\n<li>d\u00e9crire et d\u2019appliquer des principes de visualisation.<\/li>\n<li>monter une s\u00e9quence vid\u00e9o virtuelle.<\/li>\n<li>d\u00e9crire la reprise de donn\u00e9es.<\/li>\n<li>expliquer le principe du PDF 3D.<\/li>\n<li>pr\u00e9senter des solutions Internet.<\/li>\n<li>expliquer le fonctionnement de solutions d\u2019impression 3D.<\/li>\n<li>Mise en pratique au travers d&#8217;atelier de type &#8220;workshop&#8221;.<\/li>\n<\/ul>\n<h4>Contenu<\/h4>\n<ul>\n<li>philosophies et bases de la visualisation et perception de son \u00e9volution.<\/li>\n<li>utilisation de visualisations 3D, nouvelles tendances et \u00e9volutions.<\/li>\n<li>comment un film 3D est produit (sc\u00e9nario, positions des cam\u00e9ras, techniques).<\/li>\n<li>cr\u00e9er sa propre petite s\u00e9quence vid\u00e9o.<\/li>\n<li>PDF 3D et repr\u00e9sentations 3D dans la technologie Internet et outils.<\/li>\n<li>\u00e9laboration de fichiers print pour une impression 3D.<\/li>\n<li>utilisation d\u2019impression 3D, \u00e9laboration de fichier print, impression 3D (m\u00e9thodes, mat\u00e9riel, co\u00fbts, surfaces complexes).<\/li>\n<li>Atelier de travail par goupe.<\/li>\n<\/ul>\n<h4>Dur\u00e9e d\u2019\u00e9tude<\/h4>\n<p>32 p\u00e9riodes enseign\u00e9es plus environ 18 p\u00e9riodes de travail individuel.<\/p>\n<h4>Prix du cours<\/h4>\n<p>CHF 950.-<\/p>\n<h4>Particularit\u00e9<\/h4>\n<p>Il n&#8217;est pas possible de ne suivre qu&#8217;un cours de ce module. Le module doit \u00eatre suivi dans son int\u00e9gralit\u00e9.<\/p>\n<div id=\"themify_builder_content-1053\" data-postid=\"1053\" class=\"themify_builder_content themify_builder_content-1053 themify_builder\">\n    \t<!-- module_row -->\n\t<div  class=\"themify_builder_row module_row clearfix module_row_0 themify_builder_1053_row module_row_1053-0 tb_0l5o983\">\n\t    \t    <div class=\"row_inner col_align_top\" >\n\t\t\t<div  class=\"module_column tb-column col-full first tb_1053_column module_column_0 module_column_1053-0-0 tb_k4yt983\">\n\t    \t    \t        <div class=\"tb-column-inner\">\n\t\t        <!-- module buttons -->\n    <div  class=\"module module-buttons tb_rcun984 xlarge solid squared  \">\n\t        \t<div class=\"module-buttons\">\n                            <div class=\"module-buttons-item buttons-fullwidth \">\n\t\t    \t\t\t<a href=\"https:\/\/geo-education.ch\/?tribe_events_cat=analyses-et-publications-3d&#038;lang=fr\" class=\"ui builder_button tb_default_color\" target=\"_blank\" rel=\"noopener\">\n\t\t    \t\t    \t\t\t<span>Calendrier des prochains cours et inscription en ligne<\/span>\n\t\t    \t\t    \t\t\t<\/a>\n\t\t                    <\/div>\n                    <\/div>\n    <\/div>\n    <!-- \/module buttons -->\n\t        <\/div>\n\t    \t<\/div>\n\t\t    <\/div>\n\t    <!-- \/row_inner -->\n\t<\/div>\n\t<!-- \/module_row -->\n\t<\/div>\n\n\n","protected":false},"excerpt":{"rendered":"<p>Description Selon quels principes et m\u00e9thodes les g\u00e9odonn\u00e9es 3D doivent \u00eatre repr\u00e9sent\u00e9es et visualis\u00e9es\u00a0? Pr\u00e9requis (recommandations) Avoir suivi le module B4 G\u00e9omatique\u00a0+ TI, B5 TI Administration et\/ou S6 M\u00e9thodes de [&hellip;]<\/p>\n","protected":false},"author":2,"featured_media":0,"parent":904,"menu_order":2,"comment_status":"closed","ping_status":"closed","template":"","meta":{"_price":"","_stock":"","_tribe_ticket_header":"","_tribe_default_ticket_provider":"","_tribe_ticket_capacity":"0","_ticket_start_date":"","_ticket_end_date":"","_tribe_ticket_show_description":"","_tribe_ticket_show_not_going":false,"_tribe_ticket_use_global_stock":"","_tribe_ticket_global_stock_level":"","_global_stock_mode":"","_global_stock_cap":"","_tribe_rsvp_for_event":"","_tribe_ticket_going_count":"","_tribe_ticket_not_going_count":"","_tribe_tickets_list":"[]","_tribe_ticket_has_attendee_info_fields":false,"footnotes":""},"class_list":["post-1053","page","type-page","status-publish","hentry","has-post-title","has-post-date","has-post-category","has-post-tag","has-post-comment","has-post-author",""],"_links":{"self":[{"href":"https:\/\/geo-education.ch\/index.php?rest_route=\/wp\/v2\/pages\/1053","targetHints":{"allow":["GET"]}}],"collection":[{"href":"https:\/\/geo-education.ch\/index.php?rest_route=\/wp\/v2\/pages"}],"about":[{"href":"https:\/\/geo-education.ch\/index.php?rest_route=\/wp\/v2\/types\/page"}],"author":[{"embeddable":true,"href":"https:\/\/geo-education.ch\/index.php?rest_route=\/wp\/v2\/users\/2"}],"replies":[{"embeddable":true,"href":"https:\/\/geo-education.ch\/index.php?rest_route=%2Fwp%2Fv2%2Fcomments&post=1053"}],"version-history":[{"count":9,"href":"https:\/\/geo-education.ch\/index.php?rest_route=\/wp\/v2\/pages\/1053\/revisions"}],"predecessor-version":[{"id":15104,"href":"https:\/\/geo-education.ch\/index.php?rest_route=\/wp\/v2\/pages\/1053\/revisions\/15104"}],"up":[{"embeddable":true,"href":"https:\/\/geo-education.ch\/index.php?rest_route=\/wp\/v2\/pages\/904"}],"wp:attachment":[{"href":"https:\/\/geo-education.ch\/index.php?rest_route=%2Fwp%2Fv2%2Fmedia&parent=1053"}],"curies":[{"name":"wp","href":"https:\/\/api.w.org\/{rel}","templated":true}]}}