{"id":1061,"date":"2018-08-27T10:54:23","date_gmt":"2018-08-27T08:54:23","guid":{"rendered":"http:\/\/geo-education.ch\/?page_id=1061"},"modified":"2022-02-20T16:45:16","modified_gmt":"2022-02-20T15:45:16","slug":"s6a-photogrammetrie","status":"publish","type":"page","link":"https:\/\/geo-education.ch\/?page_id=1061&lang=fr","title":{"rendered":"Photogramm\u00e9trie (S6a)"},"content":{"rendered":"<h4>Description<\/h4>\n<p>La photogramm\u00e9trie num\u00e9rique est une technique de saisie importante, efficace et utile dans une entreprise moderne du secteur de la g\u00e9omatique et de la g\u00e9oinformatique. En outre, les produits typiques de la photogramm\u00e9trie num\u00e9rique comme les orthophotos, les mod\u00e8les num\u00e9riques de terrain, le LiDAR ou les mod\u00e8les 3D de villes jouent un r\u00f4le toujours plus importants dans les applications d\u2019informations g\u00e9ographiques actuelles.<\/p>\n<h4>Pr\u00e9requis (recommandations)<\/h4>\n<p>Connaissance de base de SIT.<\/p>\n<h4>Objectifs<\/h4>\n<ul>\n<li>\u00c9noncer les domaines d\u2019utilisation de la photogramm\u00e9trie num\u00e9rique (digitale).<\/li>\n<li>R\u00e9aliser des projets photogramm\u00e9triques en collaboration avec un sp\u00e9cialiste en photogramm\u00e9trie.<\/li>\n<li>Comprendre la technique de la photogramm\u00e9trie num\u00e9rique et l\u2019appliquer de mani\u00e8re rudimentaire.<\/li>\n<\/ul>\n<h4>Contenu<\/h4>\n<ul>\n<li>Bases de la photogramm\u00e9trie.<\/li>\n<li>Stations de travail pour la photogramm\u00e9trie num\u00e9rique.<\/li>\n<li>Utilisation de la photogramm\u00e9trie num\u00e9rique.<\/li>\n<li>Orientation de l\u2019image.<\/li>\n<li>Restitution st\u00e9r\u00e9o \/ enregistrement de donn\u00e9es SIT.<\/li>\n<li>G\u00e9n\u00e9ration de MNT.<\/li>\n<li>Traitement d\u2019images num\u00e9riques et de donn\u00e9es LIDAR.<\/li>\n<li>Orthophoto.<\/li>\n<li>Gestion de la qualit\u00e9 en photogramm\u00e9trie num\u00e9rique.<\/li>\n<li>Tendances dans la photogramm\u00e9trie num\u00e9rique (laserscanning, mod\u00e8les 3D, &#8230;).<\/li>\n<\/ul>\n<p>Divers contenus sont \u00e9tudi\u00e9s et appliqu\u00e9s si possible au moyen d\u2019exercices pratiques.<\/p>\n<h4>Dur\u00e9e d\u2019\u00e9tude<\/h4>\n<p>24 p\u00e9riodes enseign\u00e9es plus environ 16 p\u00e9riodes de travail individuel.<\/p>\n<h4>Prix du cours<\/h4>\n<p>CHF 750.-<\/p>\n<div id=\"themify_builder_content-1061\" data-postid=\"1061\" class=\"themify_builder_content themify_builder_content-1061 themify_builder\">\n    \t<!-- module_row -->\n\t<div  class=\"themify_builder_row module_row clearfix module_row_0 themify_builder_1061_row module_row_1061-0 tb_w63u983\">\n\t    \t    <div class=\"row_inner col_align_top\" >\n\t\t\t<div  class=\"module_column tb-column col-full first tb_1061_column module_column_0 module_column_1061-0-0 tb_79i6984\">\n\t    \t    \t        <div class=\"tb-column-inner\">\n\t\t        <!-- module buttons -->\n    <div  class=\"module module-buttons tb_rmlg984 xlarge solid squared  \">\n\t        \t<div class=\"module-buttons\">\n                            <div class=\"module-buttons-item buttons-fullwidth \">\n\t\t    \t\t\t<a href=\"https:\/\/geo-education.ch\/?tribe_events_cat=photogrammetrie&#038;lang=fr\" class=\"ui builder_button tb_default_color\" target=\"_blank\" rel=\"noopener\">\n\t\t    \t\t    \t\t\t<span>Calendrier des prochains cours et inscription en ligne<\/span>\n\t\t    \t\t    \t\t\t<\/a>\n\t\t                    <\/div>\n                    <\/div>\n    <\/div>\n    <!-- \/module buttons -->\n\t        <\/div>\n\t    \t<\/div>\n\t\t    <\/div>\n\t    <!-- \/row_inner -->\n\t<\/div>\n\t<!-- \/module_row -->\n\t<\/div>\n\n\n","protected":false},"excerpt":{"rendered":"<p>Description La photogramm\u00e9trie num\u00e9rique est une technique de saisie importante, efficace et utile dans une entreprise moderne du secteur de la g\u00e9omatique et de la g\u00e9oinformatique. En outre, les produits [&hellip;]<\/p>\n","protected":false},"author":2,"featured_media":0,"parent":909,"menu_order":0,"comment_status":"closed","ping_status":"closed","template":"","meta":{"_price":"","_stock":"","_tribe_ticket_header":"","_tribe_default_ticket_provider":"","_tribe_ticket_capacity":"0","_ticket_start_date":"","_ticket_end_date":"","_tribe_ticket_show_description":"","_tribe_ticket_show_not_going":false,"_tribe_ticket_use_global_stock":"","_tribe_ticket_global_stock_level":"","_global_stock_mode":"","_global_stock_cap":"","_tribe_rsvp_for_event":"","_tribe_ticket_going_count":"","_tribe_ticket_not_going_count":"","_tribe_tickets_list":"[]","_tribe_ticket_has_attendee_info_fields":false,"footnotes":""},"class_list":["post-1061","page","type-page","status-publish","hentry","has-post-title","has-post-date","has-post-category","has-post-tag","has-post-comment","has-post-author",""],"_links":{"self":[{"href":"https:\/\/geo-education.ch\/index.php?rest_route=\/wp\/v2\/pages\/1061","targetHints":{"allow":["GET"]}}],"collection":[{"href":"https:\/\/geo-education.ch\/index.php?rest_route=\/wp\/v2\/pages"}],"about":[{"href":"https:\/\/geo-education.ch\/index.php?rest_route=\/wp\/v2\/types\/page"}],"author":[{"embeddable":true,"href":"https:\/\/geo-education.ch\/index.php?rest_route=\/wp\/v2\/users\/2"}],"replies":[{"embeddable":true,"href":"https:\/\/geo-education.ch\/index.php?rest_route=%2Fwp%2Fv2%2Fcomments&post=1061"}],"version-history":[{"count":8,"href":"https:\/\/geo-education.ch\/index.php?rest_route=\/wp\/v2\/pages\/1061\/revisions"}],"predecessor-version":[{"id":15103,"href":"https:\/\/geo-education.ch\/index.php?rest_route=\/wp\/v2\/pages\/1061\/revisions\/15103"}],"up":[{"embeddable":true,"href":"https:\/\/geo-education.ch\/index.php?rest_route=\/wp\/v2\/pages\/909"}],"wp:attachment":[{"href":"https:\/\/geo-education.ch\/index.php?rest_route=%2Fwp%2Fv2%2Fmedia&parent=1061"}],"curies":[{"name":"wp","href":"https:\/\/api.w.org\/{rel}","templated":true}]}}