{"id":1066,"date":"2018-08-27T10:56:43","date_gmt":"2018-08-27T08:56:43","guid":{"rendered":"http:\/\/geo-education.ch\/?page_id=1066"},"modified":"2022-02-20T16:43:47","modified_gmt":"2022-02-20T15:43:47","slug":"s6b-technique-des-instruments","status":"publish","type":"page","link":"https:\/\/geo-education.ch\/?page_id=1066&lang=fr","title":{"rendered":"S6b Technique des instruments"},"content":{"rendered":"<h4>Description<\/h4>\n<p><span style=\"font-weight: 400;\">La technique des appareils de saisie de terrain s&#8217;est fortement d\u00e9velopp\u00e9e au cours des derni\u00e8res ann\u00e9es. Les appareils purement techniques sont devenus des syst\u00e8mes assist\u00e9s par ordinateur. Savoir les utiliser correctement et les contr\u00f4ler est important. Comprendre leur fonctionnement est \u00e9galement essentiel.<\/span><\/p>\n<h4>Pr\u00e9requis (recommandations)<\/h4>\n<p>Pratique r\u00e9guli\u00e8re de mesures avec diff\u00e9rents instruments g\u00e9od\u00e9siques.<\/p>\n<h4>Objectifs<\/h4>\n<ul>\n<li>Appliquer l\u2019examen et l\u2019ajustage des instruments de saisie aujourd\u2019hui en service sur le terrain.<\/li>\n<li>D\u00e9crire les fonctionnalit\u00e9s et les pr\u00e9cisions des instruments habituellement utilis\u00e9s pour la saisie de g\u00e9odonn\u00e9es.<\/li>\n<li>Diff\u00e9rencier les domaines d\u2019application des diff\u00e9rents instruments de saisie.<\/li>\n<li>D\u00e9crire des instruments de mesure sp\u00e9cifiques pour la mensuration technique.<\/li>\n<\/ul>\n<h4>Contenu<\/h4>\n<ul>\n<li>D\u00e9crire les pr\u00e9cisions, valeurs par d\u00e9faut et domaines d\u2019application des instruments de mesure aujourd\u2019hui usuels (tachym\u00e8tre, instruments de mesure \u00e0 laser, instruments scanners \u00e0 laser, niveaux, GNSS, &#8230;).<\/li>\n<li>Construction technique d\u2019instruments de mesure.<\/li>\n<li>Contr\u00f4ler et ajuster des instruments.<\/li>\n<li>Tendances.<\/li>\n<\/ul>\n<h4>Dur\u00e9e d\u2019\u00e9tude<\/h4>\n<p>40 p\u00e9riodes enseign\u00e9es plus environ 20 p\u00e9riodes de travail individuel.<\/p>\n<h4>Prix du cours<\/h4>\n<p>CHF 1250.-<\/p>\n<div id=\"themify_builder_content-1066\" data-postid=\"1066\" class=\"themify_builder_content themify_builder_content-1066 themify_builder\">\n    \t<!-- module_row -->\n\t<div  class=\"themify_builder_row module_row clearfix module_row_0 themify_builder_1066_row module_row_1066-0 tb_rtqa564\">\n\t    \t    <div class=\"row_inner col_align_top\" >\n\t\t\t<div  class=\"module_column tb-column col-full first tb_1066_column module_column_0 module_column_1066-0-0 tb_vkya564\">\n\t    \t    \t        <div class=\"tb-column-inner\">\n\t\t        <!-- module buttons -->\n    <div  class=\"module module-buttons tb_q3uz565 xlarge solid squared  \">\n\t        \t<div class=\"module-buttons\">\n                            <div class=\"module-buttons-item buttons-fullwidth \">\n\t\t    \t\t\t<a href=\"https:\/\/geo-education.ch\/?tribe_events_cat=technique-des-instruments&#038;lang=fr\" class=\"ui builder_button tb_default_color\" target=\"_blank\" rel=\"noopener\">\n\t\t    \t\t    \t\t\t<span>Calendrier des prochains cours et inscription en ligne<\/span>\n\t\t    \t\t    \t\t\t<\/a>\n\t\t                    <\/div>\n                    <\/div>\n    <\/div>\n    <!-- \/module buttons -->\n\t        <\/div>\n\t    \t<\/div>\n\t\t    <\/div>\n\t    <!-- \/row_inner -->\n\t<\/div>\n\t<!-- \/module_row -->\n\t<\/div>\n\n\n","protected":false},"excerpt":{"rendered":"<p>Description La technique des appareils de saisie de terrain s&#8217;est fortement d\u00e9velopp\u00e9e au cours des derni\u00e8res ann\u00e9es. Les appareils purement techniques sont devenus des syst\u00e8mes assist\u00e9s par ordinateur. Savoir les [&hellip;]<\/p>\n","protected":false},"author":2,"featured_media":0,"parent":909,"menu_order":1,"comment_status":"closed","ping_status":"closed","template":"","meta":{"_price":"","_stock":"","_tribe_ticket_header":"","_tribe_default_ticket_provider":"","_tribe_ticket_capacity":"0","_ticket_start_date":"","_ticket_end_date":"","_tribe_ticket_show_description":"","_tribe_ticket_show_not_going":false,"_tribe_ticket_use_global_stock":"","_tribe_ticket_global_stock_level":"","_global_stock_mode":"","_global_stock_cap":"","_tribe_rsvp_for_event":"","_tribe_ticket_going_count":"","_tribe_ticket_not_going_count":"","_tribe_tickets_list":"[]","_tribe_ticket_has_attendee_info_fields":false,"footnotes":""},"class_list":["post-1066","page","type-page","status-publish","hentry","has-post-title","has-post-date","has-post-category","has-post-tag","has-post-comment","has-post-author",""],"_links":{"self":[{"href":"https:\/\/geo-education.ch\/index.php?rest_route=\/wp\/v2\/pages\/1066","targetHints":{"allow":["GET"]}}],"collection":[{"href":"https:\/\/geo-education.ch\/index.php?rest_route=\/wp\/v2\/pages"}],"about":[{"href":"https:\/\/geo-education.ch\/index.php?rest_route=\/wp\/v2\/types\/page"}],"author":[{"embeddable":true,"href":"https:\/\/geo-education.ch\/index.php?rest_route=\/wp\/v2\/users\/2"}],"replies":[{"embeddable":true,"href":"https:\/\/geo-education.ch\/index.php?rest_route=%2Fwp%2Fv2%2Fcomments&post=1066"}],"version-history":[{"count":6,"href":"https:\/\/geo-education.ch\/index.php?rest_route=\/wp\/v2\/pages\/1066\/revisions"}],"predecessor-version":[{"id":15102,"href":"https:\/\/geo-education.ch\/index.php?rest_route=\/wp\/v2\/pages\/1066\/revisions\/15102"}],"up":[{"embeddable":true,"href":"https:\/\/geo-education.ch\/index.php?rest_route=\/wp\/v2\/pages\/909"}],"wp:attachment":[{"href":"https:\/\/geo-education.ch\/index.php?rest_route=%2Fwp%2Fv2%2Fmedia&parent=1066"}],"curies":[{"name":"wp","href":"https:\/\/api.w.org\/{rel}","templated":true}]}}