{"id":1070,"date":"2018-08-27T10:59:04","date_gmt":"2018-08-27T08:59:04","guid":{"rendered":"http:\/\/geo-education.ch\/?page_id=1070"},"modified":"2022-02-20T16:42:03","modified_gmt":"2022-02-20T15:42:03","slug":"s7-points-fixes","status":"publish","type":"page","link":"https:\/\/geo-education.ch\/?page_id=1070&lang=fr","title":{"rendered":"R\u00e9seaux pts fixes &#038; GNSS (S7a)"},"content":{"rendered":"<h4>Description<\/h4>\n<p>Les r\u00e9seaux de points fixes forment la r\u00e9f\u00e9rence spatiale de la mensuration officielle et d\u2019autres travaux.<\/p>\n<h4>Pr\u00e9requis (recommandations)<\/h4>\n<p>Connaissance de base en g\u00e9omatique et MO. Liaison avec le module <a href=\"http:\/\/geo-education.ch\/?page_id=920\">S8 Mensuration Officielle<\/a>.<\/p>\n<h4>Objectifs<\/h4>\n<ul>\n<li style=\"font-weight: 400;\" aria-level=\"1\"><span style=\"font-weight: 400;\">Cr\u00e9ation et mise \u00e0 jour de r\u00e9seaux de PFP3.<\/span><\/li>\n<li style=\"font-weight: 400;\" aria-level=\"1\"><span style=\"font-weight: 400;\">Appliquer diverses techniques de mesures GNSS et terrestres actuelles.<\/span><\/li>\n<li style=\"font-weight: 400;\" aria-level=\"1\"><span style=\"font-weight: 400;\">Comprendre les principes d\u2019un calcul de compensation avec le logiciel LTOP (GeoSuite).<\/span><\/li>\n<li style=\"font-weight: 400;\" aria-level=\"1\"><span style=\"font-weight: 400;\">Comprendre les pr\u00e9cisions et les fiabilit\u00e9s de r\u00e9seau de points de base calcul\u00e9s avec LTOP.<\/span><\/li>\n<\/ul>\n<h4>Contenu<\/h4>\n<ul>\n<li style=\"font-weight: 400;\" aria-level=\"1\"><span style=\"font-weight: 400;\">Conception d\u2019un r\u00e9seau.<\/span><\/li>\n<li style=\"font-weight: 400;\" aria-level=\"1\"><span style=\"font-weight: 400;\">Pr\u00e9paration et mat\u00e9rialisation (projet de canevas).<\/span><\/li>\n<li style=\"font-weight: 400;\" aria-level=\"1\"><span style=\"font-weight: 400;\">Mesures. Compensation et rapports techniques.<\/span><\/li>\n<li style=\"font-weight: 400;\" aria-level=\"1\"><span style=\"font-weight: 400;\">Transferts de donn\u00e9es de \/ vers des logiciels ext\u00e9rieurs.<\/span><\/li>\n<li style=\"font-weight: 400;\" aria-level=\"1\"><span style=\"font-weight: 400;\">G\u00e9od\u00e9sie.<\/span><\/li>\n<li style=\"font-weight: 400;\" aria-level=\"1\"><span style=\"font-weight: 400;\">Syst\u00e8mes de coordonn\u00e9es, syst\u00e8mes de projection.<\/span><\/li>\n<li style=\"font-weight: 400;\" aria-level=\"1\"><span style=\"font-weight: 400;\">Coordonn\u00e9es et d\u2019altitudes (WGS84, Bessel, coordonn\u00e9es nationales, g\u00e9o\u00efde, &#8230;).<\/span><\/li>\n<li style=\"font-weight: 400;\" aria-level=\"1\"><span style=\"font-weight: 400;\">Cadres de r\u00e9f\u00e9rence g\u00e9od\u00e9siques, g\u00e9o\u00efde.<\/span><\/li>\n<li style=\"font-weight: 400;\" aria-level=\"1\"><span style=\"font-weight: 400;\">Calcul de compensation (\u00e0 suivre lors d\u2019une compensation de r\u00e9seau par LTOP).<\/span><\/li>\n<li style=\"font-weight: 400;\" aria-level=\"1\"><span style=\"font-weight: 400;\">Pr\u00e9cision, fiabilit\u00e9.<\/span><\/li>\n<li style=\"font-weight: 400;\" aria-level=\"1\"><span style=\"font-weight: 400;\">Transformations.<\/span><\/li>\n<li style=\"font-weight: 400;\" aria-level=\"1\"><span style=\"font-weight: 400;\">R\u00e8gles g\u00e9n\u00e9rales pour l\u2019optimisation de r\u00e9seaux.<\/span><\/li>\n<li style=\"font-weight: 400;\" aria-level=\"1\"><span style=\"font-weight: 400;\">Calculs simples de r\u00e9seau avec le programme de compensation LTOP.<\/span><\/li>\n<\/ul>\n<h4>Dur\u00e9e d\u2019\u00e9tude<\/h4>\n<p>40 p\u00e9riodes enseign\u00e9es plus environ 20 p\u00e9riodes de travail individuel.<\/p>\n<h4>Prix du cours<\/h4>\n<p>CHF 1&#8217;250.-<\/p>\n<h4>Particularit\u00e9<\/h4>\n<p>Il n&#8217;est pas possible de ne suivre qu&#8217;un cours de ce module. Le module doit \u00eatre suivi dans son int\u00e9gralit\u00e9.<\/p>\n<div id=\"themify_builder_content-1070\" data-postid=\"1070\" class=\"themify_builder_content themify_builder_content-1070 themify_builder\">\n    \t<!-- module_row -->\n\t<div  class=\"themify_builder_row module_row clearfix module_row_0 themify_builder_1070_row module_row_1070-0 tb_js21461\">\n\t    \t    <div class=\"row_inner col_align_top\" >\n\t\t\t<div  class=\"module_column tb-column col-full first tb_1070_column module_column_0 module_column_1070-0-0 tb_2ing462\">\n\t    \t    \t        <div class=\"tb-column-inner\">\n\t\t        <!-- module buttons -->\n    <div  class=\"module module-buttons tb_ga1l462 xlarge solid squared  \">\n\t        \t<div class=\"module-buttons\">\n                            <div class=\"module-buttons-item buttons-fullwidth \">\n\t\t    \t\t\t<a href=\"https:\/\/geo-education.ch\/?tribe_events_cat=reseaux-pts-fixes-gnss-s7a&#038;lang=fr\" class=\"ui builder_button tb_default_color\" target=\"_blank\" rel=\"noopener\">\n\t\t    \t\t    \t\t\t<span>Calendrier des prochains cours et inscription en ligne<\/span>\n\t\t    \t\t    \t\t\t<\/a>\n\t\t                    <\/div>\n                    <\/div>\n    <\/div>\n    <!-- \/module buttons -->\n\t        <\/div>\n\t    \t<\/div>\n\t\t    <\/div>\n\t    <!-- \/row_inner -->\n\t<\/div>\n\t<!-- \/module_row -->\n\t<\/div>\n\n\n","protected":false},"excerpt":{"rendered":"<p>Description Les r\u00e9seaux de points fixes forment la r\u00e9f\u00e9rence spatiale de la mensuration officielle et d\u2019autres travaux. Pr\u00e9requis (recommandations) Connaissance de base en g\u00e9omatique et MO. Liaison avec le module [&hellip;]<\/p>\n","protected":false},"author":2,"featured_media":0,"parent":914,"menu_order":0,"comment_status":"closed","ping_status":"closed","template":"","meta":{"_price":"","_stock":"","_tribe_ticket_header":"","_tribe_default_ticket_provider":"","_tribe_ticket_capacity":"0","_ticket_start_date":"","_ticket_end_date":"","_tribe_ticket_show_description":"","_tribe_ticket_show_not_going":false,"_tribe_ticket_use_global_stock":"","_tribe_ticket_global_stock_level":"","_global_stock_mode":"","_global_stock_cap":"","_tribe_rsvp_for_event":"","_tribe_ticket_going_count":"","_tribe_ticket_not_going_count":"","_tribe_tickets_list":"[]","_tribe_ticket_has_attendee_info_fields":false,"footnotes":""},"class_list":["post-1070","page","type-page","status-publish","hentry","has-post-title","has-post-date","has-post-category","has-post-tag","has-post-comment","has-post-author",""],"_links":{"self":[{"href":"https:\/\/geo-education.ch\/index.php?rest_route=\/wp\/v2\/pages\/1070","targetHints":{"allow":["GET"]}}],"collection":[{"href":"https:\/\/geo-education.ch\/index.php?rest_route=\/wp\/v2\/pages"}],"about":[{"href":"https:\/\/geo-education.ch\/index.php?rest_route=\/wp\/v2\/types\/page"}],"author":[{"embeddable":true,"href":"https:\/\/geo-education.ch\/index.php?rest_route=\/wp\/v2\/users\/2"}],"replies":[{"embeddable":true,"href":"https:\/\/geo-education.ch\/index.php?rest_route=%2Fwp%2Fv2%2Fcomments&post=1070"}],"version-history":[{"count":13,"href":"https:\/\/geo-education.ch\/index.php?rest_route=\/wp\/v2\/pages\/1070\/revisions"}],"predecessor-version":[{"id":15101,"href":"https:\/\/geo-education.ch\/index.php?rest_route=\/wp\/v2\/pages\/1070\/revisions\/15101"}],"up":[{"embeddable":true,"href":"https:\/\/geo-education.ch\/index.php?rest_route=\/wp\/v2\/pages\/914"}],"wp:attachment":[{"href":"https:\/\/geo-education.ch\/index.php?rest_route=%2Fwp%2Fv2%2Fmedia&parent=1070"}],"curies":[{"name":"wp","href":"https:\/\/api.w.org\/{rel}","templated":true}]}}