{"id":1079,"date":"2018-08-27T11:06:09","date_gmt":"2018-08-27T09:06:09","guid":{"rendered":"http:\/\/geo-education.ch\/?page_id=1079"},"modified":"2022-02-20T16:40:02","modified_gmt":"2022-02-20T15:40:02","slug":"s7b-theorie-des-erreurs","status":"publish","type":"page","link":"https:\/\/geo-education.ch\/?page_id=1079&lang=fr","title":{"rendered":"Th\u00e9orie des erreurs (S7b)"},"content":{"rendered":"<h4>Description<\/h4>\n<p>Les grandes campagnes de mesures et les calculs de compensations n\u00e9cessitent des connaissances de base sur la th\u00e9orie des erreurs.<\/p>\n<h4>Pr\u00e9requis (recommandations)<\/h4>\n<p>Connaissance de base en g\u00e9omatique et de math\u00e9matique.<\/p>\n<h4>Objectifs<\/h4>\n<ul>\n<li style=\"font-weight: 400;\" aria-level=\"1\"><span style=\"font-weight: 400;\">Comprendre les principes de la th\u00e9orie des erreurs.<\/span><\/li>\n<li style=\"font-weight: 400;\" aria-level=\"1\"><span style=\"font-weight: 400;\">Comprendre les lois des erreurs et la propagation des erreurs comme base pour l\u2019\u00e9valuation de pr\u00e9cisions.<\/span><\/li>\n<li style=\"font-weight: 400;\" aria-level=\"1\"><span style=\"font-weight: 400;\">Diff\u00e9rencier les pr\u00e9cisions des divers outils de saisie de donn\u00e9es g\u00e9ographiques et d\u00e9crire leurs domaines d\u2019utilisation.<\/span><\/li>\n<\/ul>\n<h4>Contenu<\/h4>\n<ul>\n<li style=\"font-weight: 400;\" aria-level=\"1\"><span style=\"font-weight: 400;\">Appliquer la loi de propagation des erreurs \u00e0 des exemples simples.<\/span><\/li>\n<li style=\"font-weight: 400;\" aria-level=\"1\"><span style=\"font-weight: 400;\">\u00c9valuer \u00e0 l\u2019aide d\u2019exemples pratiques les sources et grandeurs d\u2019erreurs et \u00e9valuer les pr\u00e9cisions.<\/span><\/li>\n<li style=\"font-weight: 400;\" aria-level=\"1\"><span style=\"font-weight: 400;\">Pr\u00e9cisions d\u2019instruments de saisie de terrain.<\/span><\/li>\n<li style=\"font-weight: 400;\" aria-level=\"1\"><span style=\"font-weight: 400;\">Mise en pratique de r\u00e9seaux de points fixes de type PFP3.<\/span><\/li>\n<\/ul>\n<h4>Dur\u00e9e d\u2019\u00e9tude<\/h4>\n<p>24 p\u00e9riodes enseign\u00e9es plus environ 16 p\u00e9riodes de travail individuel.<\/p>\n<h4>Prix du cours<\/h4>\n<p>CHF 750.-<\/p>\n<h4>Particularit\u00e9<\/h4>\n<p>Il n&#8217;est pas possible de ne suivre qu&#8217;un cours de ce module. Le module doit \u00eatre suivi dans son int\u00e9gralit\u00e9.<\/p>\n<div id=\"themify_builder_content-1079\" data-postid=\"1079\" class=\"themify_builder_content themify_builder_content-1079 themify_builder\">\n    \t<!-- module_row -->\n\t<div  class=\"themify_builder_row module_row clearfix module_row_0 themify_builder_1079_row module_row_1079-0 tb_zjc9550\">\n\t    \t    <div class=\"row_inner col_align_top\" >\n\t\t\t<div  class=\"module_column tb-column col-full first tb_1079_column module_column_0 module_column_1079-0-0 tb_s8eu550\">\n\t    \t    \t        <div class=\"tb-column-inner\">\n\t\t        <!-- module buttons -->\n    <div  class=\"module module-buttons tb_ss31551 xlarge solid squared  \">\n\t        \t<div class=\"module-buttons\">\n                            <div class=\"module-buttons-item buttons-fullwidth \">\n\t\t    \t\t\t<a href=\"https:\/\/geo-education.ch\/?tribe_events_cat=theorie-des-erreurs-s7b&#038;lang=fr\" class=\"ui builder_button tb_default_color\" target=\"_blank\" rel=\"noopener\">\n\t\t    \t\t    \t\t\t<span>Calendrier des prochains cours et inscription en ligne<\/span>\n\t\t    \t\t    \t\t\t<\/a>\n\t\t                    <\/div>\n                    <\/div>\n    <\/div>\n    <!-- \/module buttons -->\n\t        <\/div>\n\t    \t<\/div>\n\t\t    <\/div>\n\t    <!-- \/row_inner -->\n\t<\/div>\n\t<!-- \/module_row -->\n\t<\/div>\n\n\n","protected":false},"excerpt":{"rendered":"<p>Description Les grandes campagnes de mesures et les calculs de compensations n\u00e9cessitent des connaissances de base sur la th\u00e9orie des erreurs. Pr\u00e9requis (recommandations) Connaissance de base en g\u00e9omatique et de [&hellip;]<\/p>\n","protected":false},"author":2,"featured_media":0,"parent":914,"menu_order":1,"comment_status":"closed","ping_status":"closed","template":"","meta":{"_price":"","_stock":"","_tribe_ticket_header":"","_tribe_default_ticket_provider":"","_tribe_ticket_capacity":"0","_ticket_start_date":"","_ticket_end_date":"","_tribe_ticket_show_description":"","_tribe_ticket_show_not_going":false,"_tribe_ticket_use_global_stock":"","_tribe_ticket_global_stock_level":"","_global_stock_mode":"","_global_stock_cap":"","_tribe_rsvp_for_event":"","_tribe_ticket_going_count":"","_tribe_ticket_not_going_count":"","_tribe_tickets_list":"[]","_tribe_ticket_has_attendee_info_fields":false,"footnotes":""},"class_list":["post-1079","page","type-page","status-publish","hentry","has-post-title","has-post-date","has-post-category","has-post-tag","has-post-comment","has-post-author",""],"_links":{"self":[{"href":"https:\/\/geo-education.ch\/index.php?rest_route=\/wp\/v2\/pages\/1079","targetHints":{"allow":["GET"]}}],"collection":[{"href":"https:\/\/geo-education.ch\/index.php?rest_route=\/wp\/v2\/pages"}],"about":[{"href":"https:\/\/geo-education.ch\/index.php?rest_route=\/wp\/v2\/types\/page"}],"author":[{"embeddable":true,"href":"https:\/\/geo-education.ch\/index.php?rest_route=\/wp\/v2\/users\/2"}],"replies":[{"embeddable":true,"href":"https:\/\/geo-education.ch\/index.php?rest_route=%2Fwp%2Fv2%2Fcomments&post=1079"}],"version-history":[{"count":7,"href":"https:\/\/geo-education.ch\/index.php?rest_route=\/wp\/v2\/pages\/1079\/revisions"}],"predecessor-version":[{"id":15100,"href":"https:\/\/geo-education.ch\/index.php?rest_route=\/wp\/v2\/pages\/1079\/revisions\/15100"}],"up":[{"embeddable":true,"href":"https:\/\/geo-education.ch\/index.php?rest_route=\/wp\/v2\/pages\/914"}],"wp:attachment":[{"href":"https:\/\/geo-education.ch\/index.php?rest_route=%2Fwp%2Fv2%2Fmedia&parent=1079"}],"curies":[{"name":"wp","href":"https:\/\/api.w.org\/{rel}","templated":true}]}}