{"id":1084,"date":"2018-08-27T11:08:36","date_gmt":"2018-08-27T09:08:36","guid":{"rendered":"http:\/\/geo-education.ch\/?page_id=1084"},"modified":"2022-02-20T16:38:11","modified_gmt":"2022-02-20T15:38:11","slug":"s8a-rf-droits","status":"publish","type":"page","link":"https:\/\/geo-education.ch\/?page_id=1084&lang=fr","title":{"rendered":"RF \/ droit (S8a)"},"content":{"rendered":"<h4>Description<\/h4>\n<p>En Suisse les relations de propri\u00e9t\u00e9 fonci\u00e8re sont r\u00e9gl\u00e9es par le droit foncier.<\/p>\n<h4>Pr\u00e9requis (recommandations)<\/h4>\n<p>Connaissances de base sur la MO.<\/p>\n<h4>Objectifs<\/h4>\n<ul>\n<li>D\u00e9crire les articles importants pour la pratique, issus du droit foncier, r\u00e8glements de construction et de la loi sur l\u2019am\u00e9nagement du territoire.<\/li>\n<li>Transposer dans les r\u00e8gles de l\u2019art le conseil \u00e0 la client\u00e8le.<\/li>\n<li>Appliquer certains rapports contractuels issus du code des obligations.<\/li>\n<li>D\u00e9crire les principes du droit commercial et des soci\u00e9t\u00e9s.<\/li>\n<li>Appliquer les principes du droit des personnes et des choses.<\/li>\n<li>D\u00e9crire les principes du droit de construction.<\/li>\n<\/ul>\n<h4>Contenu<\/h4>\n<h5>Nommer et d\u00e9crire les points principaux des prescriptions l\u00e9gales suivantes\u00a0:<\/h5>\n<ul>\n<li>Registre foncier.<\/li>\n<li>Propri\u00e9t\u00e9, copropri\u00e9t\u00e9, propri\u00e9t\u00e9 par \u00e9tages.<\/li>\n<li>Restrictions \u00e0 la propri\u00e9t\u00e9 fonci\u00e8re.<\/li>\n<li>Droits r\u00e9els restreints.<\/li>\n<li>Droit foncier rural.<\/li>\n<li>Analyser des exemples tir\u00e9s de cas r\u00e9els.<\/li>\n<li>Principes dans la loi sur les constructions et les zones.<\/li>\n<\/ul>\n<h5>D\u00e9crire le d\u00e9roulement des affaires suivantes :<\/h5>\n<ul>\n<li>Transfert de propri\u00e9t\u00e9.<\/li>\n<li>Modifications de limites.<\/li>\n<li>Suppression et modification de droits.<\/li>\n<\/ul>\n<h5>Droit g\u00e9n\u00e9ral\u00a0:<\/h5>\n<ul>\n<li>R\u00e9glementation juridique en Suisse<\/li>\n<li>Principes du droit contractuel (droit des contrats)<\/li>\n<li>Fondements du droit commercial et des soci\u00e9t\u00e9s<\/li>\n<li>Droit des personnes et des choses<\/li>\n<\/ul>\n<h4>Dur\u00e9e d\u2019\u00e9tude<\/h4>\n<p>30 p\u00e9riodes enseign\u00e9es plus environ 20 p\u00e9riodes de travail individuel.<\/p>\n<h4>Prix du cours<\/h4>\n<p>CHF 950.-<\/p>\n<div id=\"themify_builder_content-1084\" data-postid=\"1084\" class=\"themify_builder_content themify_builder_content-1084 themify_builder\">\n    \t<!-- module_row -->\n\t<div  class=\"themify_builder_row module_row clearfix module_row_0 themify_builder_1084_row module_row_1084-0 tb_34ed39e\">\n\t    \t    <div class=\"row_inner col_align_top\" >\n\t\t\t<div  class=\"module_column tb-column col-full first tb_1084_column module_column_0 module_column_1084-0-0 tb_e932513\">\n\t    \t    \t        <div class=\"tb-column-inner\">\n\t\t        <!-- module buttons -->\n    <div  class=\"module module-buttons tb_457f59f xlarge solid squared  \">\n\t        \t<div class=\"module-buttons\">\n                            <div class=\"module-buttons-item buttons-fullwidth \">\n\t\t    \t\t\t<a href=\"https:\/\/geo-education.ch\/?tribe_events_cat=registre-foncier-droit&#038;lang=fr\" class=\"ui builder_button tb_default_color\" target=\"_blank\" rel=\"noopener\">\n\t\t    \t\t    \t\t\t<span>Calendrier des prochains cours et inscription en ligne<\/span>\n\t\t    \t\t    \t\t\t<\/a>\n\t\t                    <\/div>\n                    <\/div>\n    <\/div>\n    <!-- \/module buttons -->\n\t        <\/div>\n\t    \t<\/div>\n\t\t    <\/div>\n\t    <!-- \/row_inner -->\n\t<\/div>\n\t<!-- \/module_row -->\n\t<\/div>\n\n\n","protected":false},"excerpt":{"rendered":"<p>Description En Suisse les relations de propri\u00e9t\u00e9 fonci\u00e8re sont r\u00e9gl\u00e9es par le droit foncier. Pr\u00e9requis (recommandations) Connaissances de base sur la MO. Objectifs D\u00e9crire les articles importants pour la pratique, [&hellip;]<\/p>\n","protected":false},"author":2,"featured_media":0,"parent":920,"menu_order":0,"comment_status":"closed","ping_status":"closed","template":"","meta":{"_price":"","_stock":"","_tribe_ticket_header":"","_tribe_default_ticket_provider":"","_tribe_ticket_capacity":"0","_ticket_start_date":"","_ticket_end_date":"","_tribe_ticket_show_description":"","_tribe_ticket_show_not_going":false,"_tribe_ticket_use_global_stock":"","_tribe_ticket_global_stock_level":"","_global_stock_mode":"","_global_stock_cap":"","_tribe_rsvp_for_event":"","_tribe_ticket_going_count":"","_tribe_ticket_not_going_count":"","_tribe_tickets_list":"[]","_tribe_ticket_has_attendee_info_fields":false,"footnotes":""},"class_list":["post-1084","page","type-page","status-publish","hentry","has-post-title","has-post-date","has-post-category","has-post-tag","has-post-comment","has-post-author",""],"_links":{"self":[{"href":"https:\/\/geo-education.ch\/index.php?rest_route=\/wp\/v2\/pages\/1084","targetHints":{"allow":["GET"]}}],"collection":[{"href":"https:\/\/geo-education.ch\/index.php?rest_route=\/wp\/v2\/pages"}],"about":[{"href":"https:\/\/geo-education.ch\/index.php?rest_route=\/wp\/v2\/types\/page"}],"author":[{"embeddable":true,"href":"https:\/\/geo-education.ch\/index.php?rest_route=\/wp\/v2\/users\/2"}],"replies":[{"embeddable":true,"href":"https:\/\/geo-education.ch\/index.php?rest_route=%2Fwp%2Fv2%2Fcomments&post=1084"}],"version-history":[{"count":10,"href":"https:\/\/geo-education.ch\/index.php?rest_route=\/wp\/v2\/pages\/1084\/revisions"}],"predecessor-version":[{"id":15099,"href":"https:\/\/geo-education.ch\/index.php?rest_route=\/wp\/v2\/pages\/1084\/revisions\/15099"}],"up":[{"embeddable":true,"href":"https:\/\/geo-education.ch\/index.php?rest_route=\/wp\/v2\/pages\/920"}],"wp:attachment":[{"href":"https:\/\/geo-education.ch\/index.php?rest_route=%2Fwp%2Fv2%2Fmedia&parent=1084"}],"curies":[{"name":"wp","href":"https:\/\/api.w.org\/{rel}","templated":true}]}}