{"id":1095,"date":"2018-08-27T11:18:04","date_gmt":"2018-08-27T09:18:04","guid":{"rendered":"http:\/\/geo-education.ch\/?page_id=1095"},"modified":"2025-08-07T15:44:42","modified_gmt":"2025-08-07T13:44:42","slug":"s9a-installations-techniques","status":"publish","type":"page","link":"https:\/\/geo-education.ch\/?page_id=1095&lang=fr","title":{"rendered":"Installations techniques (S9a)"},"content":{"rendered":"<h4>Description<\/h4>\n<p>Les relev\u00e9s et implantations dans la construction de canalisations font de plus en plus partie du quotidien du g\u00e9omaticien(ne). La complexit\u00e9 des diff\u00e9rentes installations techniques, comme le cadastre souterrain n\u00e9cessite de plus en plus de connaissances dans ces domaines.<\/p>\n<h4>Pr\u00e9requis (recommandations)<\/h4>\n<p>Aucun.<\/p>\n<h4>Objectifs<\/h4>\n<ul>\n<li>D\u00e9crire les termes de base du cadastre des conduites.<\/li>\n<li>Expliquer la norme SIA traitant le cadastre des conduites.<\/li>\n<li>D\u00e9crire la configuration d\u2019un r\u00e9seau.<\/li>\n<li>Diff\u00e9rencier les mat\u00e9riaux et \u00e9noncer la d\u00e9nomination d\u2019armatures.<\/li>\n<li>D\u00e9crire les mod\u00e8les de donn\u00e9es et symboles dans le cadastre des conduites.<\/li>\n<\/ul>\n<h4>Contenu<\/h4>\n<ul>\n<li>Termes de base du cadastre des conduites.<\/li>\n<li>Connaissance des mat\u00e9riaux.<\/li>\n<li>D\u00e9signations d\u2019armatures.<\/li>\n<li>Symboles du cadastre des conduites.<\/li>\n<li>Norme SIA pour le cadastre souterrain.<\/li>\n<li>Techniques de la mesure lors du lev\u00e9 de conduites.<\/li>\n<li>Adduction d\u2019eau, cadastre des conduites, projet g\u00e9n\u00e9ral d\u2019adduction d\u2019eau PGA.<\/li>\n<\/ul>\n<h4>Dur\u00e9e d\u2019\u00e9tude<\/h4>\n<p>16 p\u00e9riodes enseign\u00e9es plus environ 8 p\u00e9riodes de travail individuel.<\/p>\n<h4>Prix du cours<\/h4>\n<p>CHF 500.-<div id=\"themify_builder_content-1095\" data-postid=\"1095\" class=\"themify_builder_content themify_builder_content-1095 themify_builder\">\n    \t<!-- module_row -->\n\t<div  class=\"themify_builder_row module_row clearfix module_row_0 themify_builder_1095_row module_row_1095-0 tb_ijle426\">\n\t    \t    <div class=\"row_inner col_align_top\" >\n\t\t\t<div  class=\"module_column tb-column col-full first tb_1095_column module_column_0 module_column_1095-0-0 tb_z0ty427\">\n\t    \t    \t        <div class=\"tb-column-inner\">\n\t\t        <!-- module buttons -->\n    <div  class=\"module module-buttons tb_yhk7427 xlarge solid squared  \">\n\t        \t<div class=\"module-buttons\">\n                            <div class=\"module-buttons-item buttons-fullwidth \">\n\t\t    \t\t\t<a href=\"https:\/\/geo-education.ch\/?tribe_events_cat=installations-techniques-s9a&#038;lang=fr\" class=\"ui builder_button tb_default_color\" target=\"_blank\" rel=\"noopener\">\n\t\t    \t\t    \t\t\t<span>Calendrier des prochains cours et inscription en ligne<\/span>\n\t\t    \t\t    \t\t\t<\/a>\n\t\t                    <\/div>\n                    <\/div>\n    <\/div>\n    <!-- \/module buttons -->\n\t        <\/div>\n\t    \t<\/div>\n\t\t    <\/div>\n\t    <!-- \/row_inner -->\n\t<\/div>\n\t<!-- \/module_row -->\n\t<\/div>\n\n\n","protected":false},"excerpt":{"rendered":"<p>Description Les relev\u00e9s et implantations dans la construction de canalisations font de plus en plus partie du quotidien du g\u00e9omaticien(ne). La complexit\u00e9 des diff\u00e9rentes installations techniques, comme le cadastre souterrain [&hellip;]<\/p>\n","protected":false},"author":2,"featured_media":0,"parent":926,"menu_order":0,"comment_status":"closed","ping_status":"closed","template":"","meta":{"_price":"","_stock":"","_tribe_ticket_header":"","_tribe_default_ticket_provider":"","_tribe_ticket_capacity":"0","_ticket_start_date":"","_ticket_end_date":"","_tribe_ticket_show_description":"","_tribe_ticket_show_not_going":false,"_tribe_ticket_use_global_stock":"","_tribe_ticket_global_stock_level":"","_global_stock_mode":"","_global_stock_cap":"","_tribe_rsvp_for_event":"","_tribe_ticket_going_count":"","_tribe_ticket_not_going_count":"","_tribe_tickets_list":"[]","_tribe_ticket_has_attendee_info_fields":false,"footnotes":""},"class_list":["post-1095","page","type-page","status-publish","hentry","has-post-title","has-post-date","has-post-category","has-post-tag","has-post-comment","has-post-author",""],"_links":{"self":[{"href":"https:\/\/geo-education.ch\/index.php?rest_route=\/wp\/v2\/pages\/1095","targetHints":{"allow":["GET"]}}],"collection":[{"href":"https:\/\/geo-education.ch\/index.php?rest_route=\/wp\/v2\/pages"}],"about":[{"href":"https:\/\/geo-education.ch\/index.php?rest_route=\/wp\/v2\/types\/page"}],"author":[{"embeddable":true,"href":"https:\/\/geo-education.ch\/index.php?rest_route=\/wp\/v2\/users\/2"}],"replies":[{"embeddable":true,"href":"https:\/\/geo-education.ch\/index.php?rest_route=%2Fwp%2Fv2%2Fcomments&post=1095"}],"version-history":[{"count":5,"href":"https:\/\/geo-education.ch\/index.php?rest_route=\/wp\/v2\/pages\/1095\/revisions"}],"predecessor-version":[{"id":22610,"href":"https:\/\/geo-education.ch\/index.php?rest_route=\/wp\/v2\/pages\/1095\/revisions\/22610"}],"up":[{"embeddable":true,"href":"https:\/\/geo-education.ch\/index.php?rest_route=\/wp\/v2\/pages\/926"}],"wp:attachment":[{"href":"https:\/\/geo-education.ch\/index.php?rest_route=%2Fwp%2Fv2%2Fmedia&parent=1095"}],"curies":[{"name":"wp","href":"https:\/\/api.w.org\/{rel}","templated":true}]}}