{"id":1099,"date":"2018-08-27T11:20:03","date_gmt":"2018-08-27T09:20:03","guid":{"rendered":"http:\/\/geo-education.ch\/?page_id=1099"},"modified":"2025-08-07T15:45:59","modified_gmt":"2025-08-07T13:45:59","slug":"s9b-calcul-technique","status":"publish","type":"page","link":"https:\/\/geo-education.ch\/?page_id=1099&lang=fr","title":{"rendered":"Calcul technique (S9b)"},"content":{"rendered":"<h4>Description<\/h4>\n<p>Dans la g\u00e9omatique les connaissances en math\u00e9matique sont la base de divers travaux.<\/p>\n<h4>Pr\u00e9requis (recommandations)<\/h4>\n<p>Une bonne compr\u00e9hension des math\u00e9matiques. Cours de mise \u00e0 niveau du <a href=\"http:\/\/geo-education.ch\/?page_id=605\">module B1<\/a> math\u00e9matique th\u00e9orie.<\/p>\n<h4>Objectifs<\/h4>\n<ul>\n<li>Conna\u00eetre et appliquer les connaissances math\u00e9matiques de base.<\/li>\n<\/ul>\n<h4>Contenu<\/h4>\n<h5>Alg\u00e8bre\u00a0:<\/h5>\n<ul>\n<li>\u00c9quations et \u00e9quations de texte.<\/li>\n<li>\u00c9quations lin\u00e9aires avec deux inconnues.<\/li>\n<li>\u00c9quations quadratiques.<\/li>\n<\/ul>\n<h5>G\u00e9om\u00e9trie\u00a0:<\/h5>\n<ul>\n<li>R\u00e9p\u00e9tition trigonom\u00e9trie.<\/li>\n<li>Cercle.<\/li>\n<li>C\u00f4ne.<\/li>\n<li>Sph\u00e8re.<\/li>\n<li>Cylindre.<\/li>\n<\/ul>\n<h5>Calcul g\u00e9n\u00e9ral :<\/h5>\n<ul>\n<li>Int\u00e9r\u00eats, int\u00e9r\u00eats compos\u00e9s.<\/li>\n<\/ul>\n<h5>Bases du calcul de la probabilit\u00e9 et de la statistique :<\/h5>\n<ul>\n<li>Termes et d\u00e9finitions.<\/li>\n<li>M\u00e9thodes statistiques et de probabilit\u00e9s.<\/li>\n<\/ul>\n<h4>Dur\u00e9e d\u2019\u00e9tude<\/h4>\n<p>16 p\u00e9riodes enseign\u00e9es plus environ 8 p\u00e9riodes de travail individuel.<\/p>\n<h4>Prix du cours<\/h4>\n<p>CHF 500.-<div id=\"themify_builder_content-1099\" data-postid=\"1099\" class=\"themify_builder_content themify_builder_content-1099 themify_builder\">\n    \t<!-- module_row -->\n\t<div  class=\"themify_builder_row module_row clearfix module_row_0 themify_builder_1099_row module_row_1099-0 tb_btrk421\">\n\t    \t    <div class=\"row_inner col_align_top\" >\n\t\t\t<div  class=\"module_column tb-column col-full first tb_1099_column module_column_0 module_column_1099-0-0 tb_qg4s421\">\n\t    \t    \t        <div class=\"tb-column-inner\">\n\t\t        <!-- module buttons -->\n    <div  class=\"module module-buttons tb_7snw422 xlarge solid squared  \">\n\t        \t<div class=\"module-buttons\">\n                            <div class=\"module-buttons-item buttons-fullwidth \">\n\t\t    \t\t\t<a href=\"https:\/\/geo-education.ch\/?tribe_events_cat=calcul-technique-s9b&#038;lang=fr\" class=\"ui builder_button tb_default_color\" target=\"_blank\" rel=\"noopener\">\n\t\t    \t\t    \t\t\t<span>Calendrier des prochains cours et inscription en ligne<\/span>\n\t\t    \t\t    \t\t\t<\/a>\n\t\t                    <\/div>\n                    <\/div>\n    <\/div>\n    <!-- \/module buttons -->\n\t        <\/div>\n\t    \t<\/div>\n\t\t    <\/div>\n\t    <!-- \/row_inner -->\n\t<\/div>\n\t<!-- \/module_row -->\n\t<\/div>\n\n\n","protected":false},"excerpt":{"rendered":"<p>Description Dans la g\u00e9omatique les connaissances en math\u00e9matique sont la base de divers travaux. Pr\u00e9requis (recommandations) Une bonne compr\u00e9hension des math\u00e9matiques. Cours de mise \u00e0 niveau du module B1 math\u00e9matique [&hellip;]<\/p>\n","protected":false},"author":2,"featured_media":0,"parent":926,"menu_order":1,"comment_status":"closed","ping_status":"closed","template":"","meta":{"_price":"","_stock":"","_tribe_ticket_header":"","_tribe_default_ticket_provider":"","_tribe_ticket_capacity":"0","_ticket_start_date":"","_ticket_end_date":"","_tribe_ticket_show_description":"","_tribe_ticket_show_not_going":false,"_tribe_ticket_use_global_stock":"","_tribe_ticket_global_stock_level":"","_global_stock_mode":"","_global_stock_cap":"","_tribe_rsvp_for_event":"","_tribe_ticket_going_count":"","_tribe_ticket_not_going_count":"","_tribe_tickets_list":"[]","_tribe_ticket_has_attendee_info_fields":false,"footnotes":""},"class_list":["post-1099","page","type-page","status-publish","hentry","has-post-title","has-post-date","has-post-category","has-post-tag","has-post-comment","has-post-author",""],"_links":{"self":[{"href":"https:\/\/geo-education.ch\/index.php?rest_route=\/wp\/v2\/pages\/1099","targetHints":{"allow":["GET"]}}],"collection":[{"href":"https:\/\/geo-education.ch\/index.php?rest_route=\/wp\/v2\/pages"}],"about":[{"href":"https:\/\/geo-education.ch\/index.php?rest_route=\/wp\/v2\/types\/page"}],"author":[{"embeddable":true,"href":"https:\/\/geo-education.ch\/index.php?rest_route=\/wp\/v2\/users\/2"}],"replies":[{"embeddable":true,"href":"https:\/\/geo-education.ch\/index.php?rest_route=%2Fwp%2Fv2%2Fcomments&post=1099"}],"version-history":[{"count":9,"href":"https:\/\/geo-education.ch\/index.php?rest_route=\/wp\/v2\/pages\/1099\/revisions"}],"predecessor-version":[{"id":22611,"href":"https:\/\/geo-education.ch\/index.php?rest_route=\/wp\/v2\/pages\/1099\/revisions\/22611"}],"up":[{"embeddable":true,"href":"https:\/\/geo-education.ch\/index.php?rest_route=\/wp\/v2\/pages\/926"}],"wp:attachment":[{"href":"https:\/\/geo-education.ch\/index.php?rest_route=%2Fwp%2Fv2%2Fmedia&parent=1099"}],"curies":[{"name":"wp","href":"https:\/\/api.w.org\/{rel}","templated":true}]}}