{"id":1104,"date":"2018-08-27T11:32:42","date_gmt":"2018-08-27T09:32:42","guid":{"rendered":"http:\/\/geo-education.ch\/?page_id=1104"},"modified":"2025-08-07T15:47:18","modified_gmt":"2025-08-07T13:47:18","slug":"s9c-mensuration-technique-et-industrielle","status":"publish","type":"page","link":"https:\/\/geo-education.ch\/?page_id=1104&lang=fr","title":{"rendered":"Mensuration technique et industrielle (S9c)"},"content":{"rendered":"<h4>Description<\/h4>\n<p>Dans le cadre de diff\u00e9rents contrats de mensurations techniques et industrielles co\u00fbteuses, par exemple, dans les secteurs de la construction, de ponts et de tunnels ou de mesures de d\u00e9formations, les personnes sp\u00e9cialis\u00e9es exp\u00e9riment\u00e9es connaissent diff\u00e9rents trucs et tuyaux pour le d\u00e9roulement efficace de projets.<\/p>\n<h4>Pr\u00e9requis (recommandations)<\/h4>\n<p>Compr\u00e9hension math\u00e9matiques et exp\u00e9rience en g\u00e9omatique.<\/p>\n<h4>Objectifs<\/h4>\n<ul>\n<li>Comparer et d\u00e9montrer les possibilit\u00e9s et domaines de comp\u00e9tence dans la mensuration technique sup\u00e9rieure \u00e0 l\u2019aide de projets actuels.<\/li>\n<\/ul>\n<h4>Contenu<\/h4>\n<ul>\n<li>D\u00e9montrer et expliquer des projets actuels du domaine de la mensuration technique.<\/li>\n<li>Analyser des concepts sur place.<\/li>\n<li>Pr\u00e9senter graphiquement les r\u00e9sultats de mensurations industrielles importantes.<\/li>\n<\/ul>\n<h4>Dur\u00e9e d\u2019\u00e9tude<\/h4>\n<p>24 p\u00e9riodes enseign\u00e9es plus environ 14 p\u00e9riodes de travail individuel.<\/p>\n<h4>Prix du cours<\/h4>\n<p>CHF 700.-<\/p>\n<h4>Particularit\u00e9<\/h4>\n<p>Il n&#8217;est pas possible de suivre de mani\u00e8re ind\u00e9pendante le cours <a href=\"http:\/\/geo-education.ch\/?page_id=1104\">S9c<\/a> ou <a href=\"http:\/\/geo-education.ch\/?page_id=1108\">S9d<\/a>. On doit s\u2019inscrire aux 2 cours qui sont fusionn\u00e9s.<div id=\"themify_builder_content-1104\" data-postid=\"1104\" class=\"themify_builder_content themify_builder_content-1104 themify_builder\">\n    \t<!-- module_row -->\n\t<div  class=\"themify_builder_row module_row clearfix module_row_0 themify_builder_1104_row module_row_1104-0 tb_t87x770\">\n\t    \t    <div class=\"row_inner col_align_top\" >\n\t\t\t<div  class=\"module_column tb-column col-full first tb_1104_column module_column_0 module_column_1104-0-0 tb_3un1770\">\n\t    \t    \t        <div class=\"tb-column-inner\">\n\t\t        <!-- module buttons -->\n    <div  class=\"module module-buttons tb_ufyo770 xlarge solid squared  \">\n\t        \t<div class=\"module-buttons\">\n                            <div class=\"module-buttons-item buttons-fullwidth \">\n\t\t    \t\t\t<a href=\"https:\/\/geo-education.ch\/?tribe_events_cat=mensuration-technique-et-industrielle-s9c&#038;lang=fr\" class=\"ui builder_button tb_default_color\" target=\"_blank\" rel=\"noopener\">\n\t\t    \t\t    \t\t\t<span>Calendrier des prochains cours et inscription en ligne<\/span>\n\t\t    \t\t    \t\t\t<\/a>\n\t\t                    <\/div>\n                    <\/div>\n    <\/div>\n    <!-- \/module buttons -->\n\t        <\/div>\n\t    \t<\/div>\n\t\t    <\/div>\n\t    <!-- \/row_inner -->\n\t<\/div>\n\t<!-- \/module_row -->\n\t<\/div>\n\n\n","protected":false},"excerpt":{"rendered":"<p>Description Dans le cadre de diff\u00e9rents contrats de mensurations techniques et industrielles co\u00fbteuses, par exemple, dans les secteurs de la construction, de ponts et de tunnels ou de mesures de [&hellip;]<\/p>\n","protected":false},"author":2,"featured_media":0,"parent":926,"menu_order":2,"comment_status":"closed","ping_status":"closed","template":"","meta":{"_price":"","_stock":"","_tribe_ticket_header":"","_tribe_default_ticket_provider":"","_tribe_ticket_capacity":"0","_ticket_start_date":"","_ticket_end_date":"","_tribe_ticket_show_description":"","_tribe_ticket_show_not_going":false,"_tribe_ticket_use_global_stock":"","_tribe_ticket_global_stock_level":"","_global_stock_mode":"","_global_stock_cap":"","_tribe_rsvp_for_event":"","_tribe_ticket_going_count":"","_tribe_ticket_not_going_count":"","_tribe_tickets_list":"[]","_tribe_ticket_has_attendee_info_fields":false,"footnotes":""},"class_list":["post-1104","page","type-page","status-publish","hentry","has-post-title","has-post-date","has-post-category","has-post-tag","has-post-comment","has-post-author",""],"_links":{"self":[{"href":"https:\/\/geo-education.ch\/index.php?rest_route=\/wp\/v2\/pages\/1104","targetHints":{"allow":["GET"]}}],"collection":[{"href":"https:\/\/geo-education.ch\/index.php?rest_route=\/wp\/v2\/pages"}],"about":[{"href":"https:\/\/geo-education.ch\/index.php?rest_route=\/wp\/v2\/types\/page"}],"author":[{"embeddable":true,"href":"https:\/\/geo-education.ch\/index.php?rest_route=\/wp\/v2\/users\/2"}],"replies":[{"embeddable":true,"href":"https:\/\/geo-education.ch\/index.php?rest_route=%2Fwp%2Fv2%2Fcomments&post=1104"}],"version-history":[{"count":11,"href":"https:\/\/geo-education.ch\/index.php?rest_route=\/wp\/v2\/pages\/1104\/revisions"}],"predecessor-version":[{"id":22612,"href":"https:\/\/geo-education.ch\/index.php?rest_route=\/wp\/v2\/pages\/1104\/revisions\/22612"}],"up":[{"embeddable":true,"href":"https:\/\/geo-education.ch\/index.php?rest_route=\/wp\/v2\/pages\/926"}],"wp:attachment":[{"href":"https:\/\/geo-education.ch\/index.php?rest_route=%2Fwp%2Fv2%2Fmedia&parent=1104"}],"curies":[{"name":"wp","href":"https:\/\/api.w.org\/{rel}","templated":true}]}}