{"id":1108,"date":"2018-08-27T11:35:57","date_gmt":"2018-08-27T09:35:57","guid":{"rendered":"http:\/\/geo-education.ch\/?page_id=1108"},"modified":"2025-08-07T15:48:35","modified_gmt":"2025-08-07T13:48:35","slug":"s9d-mensuration-de-chantier","status":"publish","type":"page","link":"https:\/\/geo-education.ch\/?page_id=1108&lang=fr","title":{"rendered":"Mensuration de chantier (S9d)"},"content":{"rendered":"<h4>Description<\/h4>\n<p>Les rapports empiriques, les indications, les trucs et astuces des sp\u00e9cialistes exp\u00e9riment\u00e9s aident au traitement efficace des projets de mesure dans le b\u00e2timent.<\/p>\n<h4>Pr\u00e9requis (recommandations)<\/h4>\n<p>Connaissance de base en g\u00e9omatique.<\/p>\n<h4>Objectifs<\/h4>\n<ul>\n<li>R\u00e9soudre au bureau et sur le terrain des probl\u00e8mes issus des diff\u00e9rents domaines de la mensuration de chantier et de la mensuration technique simple.<\/li>\n<\/ul>\n<h4>Contenu<\/h4>\n<ul>\n<li>Calculer des g\u00e9om\u00e9tries routi\u00e8res.<\/li>\n<li>Ex\u00e9cuter et exploiter des lev\u00e9s de profils et des lev\u00e9s topographiques.<\/li>\n<li>Calculer et implanter des b\u00e2timents et des fils sur banquetages (gabarits).<\/li>\n<li>\u00c9tablir des concepts pour des mesures de d\u00e9formation sur des chantiers moyens.<\/li>\n<li>Repr\u00e9senter graphiquement des r\u00e9sultats de mesures de d\u00e9formation dans la mensuration de chantier.<\/li>\n<li>Ex\u00e9cuter des d\u00e9terminations altim\u00e9triques.<\/li>\n<li>Ex\u00e9cuter des moyennes de quantit\u00e9s.<\/li>\n<li>Nommer les principes de la technique laser.<\/li>\n<li>Principes de l\u2019offre, \u00e9tablir des devis (pour ce genre de travaux).<\/li>\n<\/ul>\n<h4>Dur\u00e9e d\u2019\u00e9tude<\/h4>\n<p>16 p\u00e9riodes enseign\u00e9es plus environ 8 p\u00e9riodes de travail individuel.<\/p>\n<h4>Prix du cours<\/h4>\n<p>CHF 500.-<\/p>\n<h4>Particularit\u00e9<\/h4>\n<p>Il n&#8217;est pas possible de suivre de mani\u00e8re ind\u00e9pendante le cours <a href=\"http:\/\/geo-education.ch\/?page_id=1104\">S9c<\/a> ou <a href=\"http:\/\/geo-education.ch\/?page_id=1108\">S9d<\/a>. On doit s\u2019inscrire aux 2 cours qui sont fusionn\u00e9s.<div id=\"themify_builder_content-1108\" data-postid=\"1108\" class=\"themify_builder_content themify_builder_content-1108 themify_builder\">\n    \t<!-- module_row -->\n\t<div  class=\"themify_builder_row module_row clearfix module_row_0 themify_builder_1108_row module_row_1108-0 tb_msld327\">\n\t    \t    <div class=\"row_inner col_align_top\" >\n\t\t\t<div  class=\"module_column tb-column col-full first tb_1108_column module_column_0 module_column_1108-0-0 tb_ohgx327\">\n\t    \t    \t        <div class=\"tb-column-inner\">\n\t\t        <!-- module buttons -->\n    <div  class=\"module module-buttons tb_p407327 xlarge solid squared  \">\n\t        \t<div class=\"module-buttons\">\n                            <div class=\"module-buttons-item buttons-fullwidth \">\n\t\t    \t\t\t<a href=\"https:\/\/geo-education.ch\/?tribe_events_cat=mensuration-de-chantier-s9d&#038;lang=fr\" class=\"ui builder_button tb_default_color\" target=\"_blank\" rel=\"noopener\">\n\t\t    \t\t    \t\t\t<span>Calendrier des prochains cours et inscription en ligne<\/span>\n\t\t    \t\t    \t\t\t<\/a>\n\t\t                    <\/div>\n                    <\/div>\n    <\/div>\n    <!-- \/module buttons -->\n\t        <\/div>\n\t    \t<\/div>\n\t\t    <\/div>\n\t    <!-- \/row_inner -->\n\t<\/div>\n\t<!-- \/module_row -->\n\t<\/div>\n\n\n","protected":false},"excerpt":{"rendered":"<p>Description Les rapports empiriques, les indications, les trucs et astuces des sp\u00e9cialistes exp\u00e9riment\u00e9s aident au traitement efficace des projets de mesure dans le b\u00e2timent. Pr\u00e9requis (recommandations) Connaissance de base en [&hellip;]<\/p>\n","protected":false},"author":2,"featured_media":0,"parent":926,"menu_order":3,"comment_status":"closed","ping_status":"closed","template":"","meta":{"_price":"","_stock":"","_tribe_ticket_header":"","_tribe_default_ticket_provider":"","_tribe_ticket_capacity":"0","_ticket_start_date":"","_ticket_end_date":"","_tribe_ticket_show_description":"","_tribe_ticket_show_not_going":false,"_tribe_ticket_use_global_stock":"","_tribe_ticket_global_stock_level":"","_global_stock_mode":"","_global_stock_cap":"","_tribe_rsvp_for_event":"","_tribe_ticket_going_count":"","_tribe_ticket_not_going_count":"","_tribe_tickets_list":"[]","_tribe_ticket_has_attendee_info_fields":false,"footnotes":""},"class_list":["post-1108","page","type-page","status-publish","hentry","has-post-title","has-post-date","has-post-category","has-post-tag","has-post-comment","has-post-author",""],"_links":{"self":[{"href":"https:\/\/geo-education.ch\/index.php?rest_route=\/wp\/v2\/pages\/1108","targetHints":{"allow":["GET"]}}],"collection":[{"href":"https:\/\/geo-education.ch\/index.php?rest_route=\/wp\/v2\/pages"}],"about":[{"href":"https:\/\/geo-education.ch\/index.php?rest_route=\/wp\/v2\/types\/page"}],"author":[{"embeddable":true,"href":"https:\/\/geo-education.ch\/index.php?rest_route=\/wp\/v2\/users\/2"}],"replies":[{"embeddable":true,"href":"https:\/\/geo-education.ch\/index.php?rest_route=%2Fwp%2Fv2%2Fcomments&post=1108"}],"version-history":[{"count":10,"href":"https:\/\/geo-education.ch\/index.php?rest_route=\/wp\/v2\/pages\/1108\/revisions"}],"predecessor-version":[{"id":22613,"href":"https:\/\/geo-education.ch\/index.php?rest_route=\/wp\/v2\/pages\/1108\/revisions\/22613"}],"up":[{"embeddable":true,"href":"https:\/\/geo-education.ch\/index.php?rest_route=\/wp\/v2\/pages\/926"}],"wp:attachment":[{"href":"https:\/\/geo-education.ch\/index.php?rest_route=%2Fwp%2Fv2%2Fmedia&parent=1108"}],"curies":[{"name":"wp","href":"https:\/\/api.w.org\/{rel}","templated":true}]}}