{"id":1120,"date":"2018-08-27T11:47:18","date_gmt":"2018-08-27T09:47:18","guid":{"rendered":"http:\/\/geo-education.ch\/?page_id=1120"},"modified":"2022-02-20T16:27:17","modified_gmt":"2022-02-20T15:27:17","slug":"s10b-hydrologie-et-hydraulique","status":"publish","type":"page","link":"https:\/\/geo-education.ch\/?page_id=1120&lang=fr","title":{"rendered":"Hydrologie et hydraulique (S10b)"},"content":{"rendered":"<h4>Description<\/h4>\n<p>Lors de constructions, les connaissances de l\u2019hydrologie sont une composante \u00e9l\u00e9mentaire. Des connaissances suppl\u00e9mentaires en hydrologie et hydraulique sont un avantage pour des personnes actives dans le domaine de la construction, car elles peuvent combiner leur savoir professionnel avec ces connaissances compl\u00e9mentaires.<\/p>\n<h4>Pr\u00e9requis (recommandations)<\/h4>\n<p>Activit\u00e9 autour de la construction (mensuration de chantier, g\u00e9oinformatique, am\u00e9nagement du territoire, \u2026).<\/p>\n<h4>Objectifs<\/h4>\n<ul>\n<li>Comprendre les plus importantes bases de l\u2019hydrologie et relations avec l\u2019hydraulique.<\/li>\n<li>D\u00e9crire des th\u00e8mes de l\u2019hydraulique et syst\u00e8mes les plus importants de l\u2019hydraulique.<\/li>\n<\/ul>\n<h4>Contenu<\/h4>\n<h5>Hydrologie\u00a0:<\/h5>\n<ul>\n<li>Pr\u00e9cipitations (mesurer et pr\u00e9senter, r\u00e9seau de mesure des pluies, pluies intenses\/trombes).<\/li>\n<li>Ecoulements (mesurer et pr\u00e9senter, r\u00e9seau de mesure des \u00e9coulements, crues, mod\u00e9lisation de l\u2019\u00e9coulement des pr\u00e9cipitations).<\/li>\n<li>Nappes phr\u00e9atiques (mesurer et pr\u00e9senter, hydrog\u00e9ologie, mod\u00e9lisation des nappes, construire dans des nappes phr\u00e9atiques).<\/li>\n<li>Qualit\u00e9 de l\u2019eau (mesurer la qualit\u00e9 de l\u2019eau, r\u00e9seaux de mesure et sortes de tests).<\/li>\n<li>R\u00e9gimes hydriques (cycle de l\u2019eau, bilan hydrique de la Suisse).<\/li>\n<\/ul>\n<h5>Hydraulique\u00a0:<\/h5>\n<ul>\n<li>Adduction d\u2019eau (besoin en eau, ressources\/captage d\u2019eau, traitement, extraction).<\/li>\n<li>Production d\u2019\u00e9nergie (utilisation de l\u2019\u00e9nergie hydraulique, am\u00e9nagements, stations de mise sous pression, stations de pompage).<\/li>\n<li>Assainissement (protection des eaux, assainissement de quartiers, hydraulique, ouvrages de canalisation, \u00e9puration).<\/li>\n<li>Drainage (syst\u00e8mes de drainage, drainage par foss\u00e9s, drainage).<\/li>\n<li>Protection des crues (carte des risques, concepts, retenues de crue, correction de torrents , mod\u00e8les, revitalisation).<\/li>\n<\/ul>\n<h4>Dur\u00e9e d\u2019\u00e9tude<\/h4>\n<p>16 p\u00e9riodes enseign\u00e9es plus environ 12 p\u00e9riodes de travail individuel.<\/p>\n<h4>Prix du cours<\/h4>\n<p>CHF 500.-<\/p>\n<div id=\"themify_builder_content-1120\" data-postid=\"1120\" class=\"themify_builder_content themify_builder_content-1120 themify_builder\">\n    <\/div>\n<!-- \/themify_builder_content -->\n","protected":false},"excerpt":{"rendered":"<p>Description Lors de constructions, les connaissances de l\u2019hydrologie sont une composante \u00e9l\u00e9mentaire. Des connaissances suppl\u00e9mentaires en hydrologie et hydraulique sont un avantage pour des personnes actives dans le domaine de [&hellip;]<\/p>\n","protected":false},"author":2,"featured_media":0,"parent":932,"menu_order":1,"comment_status":"closed","ping_status":"closed","template":"","meta":{"_price":"","_stock":"","_tribe_ticket_header":"","_tribe_default_ticket_provider":"","_tribe_ticket_capacity":"0","_ticket_start_date":"","_ticket_end_date":"","_tribe_ticket_show_description":"","_tribe_ticket_show_not_going":false,"_tribe_ticket_use_global_stock":"","_tribe_ticket_global_stock_level":"","_global_stock_mode":"","_global_stock_cap":"","_tribe_rsvp_for_event":"","_tribe_ticket_going_count":"","_tribe_ticket_not_going_count":"","_tribe_tickets_list":"[]","_tribe_ticket_has_attendee_info_fields":false,"footnotes":""},"class_list":["post-1120","page","type-page","status-publish","hentry","has-post-title","has-post-date","has-post-category","has-post-tag","has-post-comment","has-post-author",""],"_links":{"self":[{"href":"https:\/\/geo-education.ch\/index.php?rest_route=\/wp\/v2\/pages\/1120","targetHints":{"allow":["GET"]}}],"collection":[{"href":"https:\/\/geo-education.ch\/index.php?rest_route=\/wp\/v2\/pages"}],"about":[{"href":"https:\/\/geo-education.ch\/index.php?rest_route=\/wp\/v2\/types\/page"}],"author":[{"embeddable":true,"href":"https:\/\/geo-education.ch\/index.php?rest_route=\/wp\/v2\/users\/2"}],"replies":[{"embeddable":true,"href":"https:\/\/geo-education.ch\/index.php?rest_route=%2Fwp%2Fv2%2Fcomments&post=1120"}],"version-history":[{"count":7,"href":"https:\/\/geo-education.ch\/index.php?rest_route=\/wp\/v2\/pages\/1120\/revisions"}],"predecessor-version":[{"id":15086,"href":"https:\/\/geo-education.ch\/index.php?rest_route=\/wp\/v2\/pages\/1120\/revisions\/15086"}],"up":[{"embeddable":true,"href":"https:\/\/geo-education.ch\/index.php?rest_route=\/wp\/v2\/pages\/932"}],"wp:attachment":[{"href":"https:\/\/geo-education.ch\/index.php?rest_route=%2Fwp%2Fv2%2Fmedia&parent=1120"}],"curies":[{"name":"wp","href":"https:\/\/api.w.org\/{rel}","templated":true}]}}