{"id":12089,"date":"2020-06-15T17:36:58","date_gmt":"2020-06-15T15:36:58","guid":{"rendered":"https:\/\/geo-education.ch\/?page_id=12089"},"modified":"2023-04-20T08:29:15","modified_gmt":"2023-04-20T06:29:15","slug":"3dworx-to-bim","status":"publish","type":"page","link":"https:\/\/geo-education.ch\/?page_id=12089","title":{"rendered":"3DWorx to BIM"},"content":{"rendered":"<div id=\"themify_builder_content-12089\" data-postid=\"12089\" class=\"themify_builder_content themify_builder_content-12089 themify_builder\">\n    \t<!-- module_row -->\n\t<div  class=\"themify_builder_row module_row clearfix module_row_1 themify_builder_12089_row module_row_12089-1 tb_1aqz538\">\n\t    \t    <div class=\"row_inner col_align_top\" >\n\t\t\t<div  class=\"module_column tb-column col-full first tb_12089_column module_column_0 module_column_12089-1-0 tb_84l4540\">\n\t    \t    \t        <div class=\"tb-column-inner\">\n\t\t        <!-- module feature -->\n   <div  class=\"module module-feature tb_yq52322 with-chart layout-icon-left size-large  \">\n        <style type=\"text\/css\">.tb_yq52322 .module-feature-chart-html5 {\n\t\t\t    box-shadow: inset 0 0 0 3px rgba(0,0,0,.1);\n\t\t\t}\n\t\t\t.tb_yq52322 .chart-loaded.chart-html5-fill {\n\t\t\t    box-shadow: inset 0 0 0 3px #de5d5d;\n\t\t    }<\/style>\n        \n        <div class=\"module-feature-image\">\n            \n            \n                <div class=\"module-feature-chart-html5\"\n                                         data-progress=\"0\"\n                         data-progress-end=\"100\"\n                         data-size=\"200\"\n                                          >\n                    <div class=\"chart-html5-circle\">\n                                                    <div class=\"chart-html5-mask chart-html5-full\">\n                                <div class=\"chart-html5-fill\"><\/div>\n                            <\/div>\n                            <div class=\"chart-html5-mask chart-html5-half\">\n                                <div class=\"chart-html5-fill\"><\/div>\n                            <\/div>\n                                                <div class=\"chart-html5-inset\">\n\n                            \t\t\t\t\t\t\t\t    \t\t\t\t    <img decoding=\"async\" src=\"https:\/\/geo-education.ch\/wp-content\/uploads\/2020\/06\/csm_rmd_icons_256x256_3dworx_0f08de5dda.png\" alt=\"rmDATA 3DWorx to BIM\" \/>\n\t\t\t\t                            \n                        <\/div>\n                    <\/div>\n                <\/div>\n\n                        <\/div>\n\n        <div class=\"module-feature-content\">\n\t\t\t                                        <h3 class=\"module-feature-title\">\n                                                                                            rmDATA 3DWorx to BIM                                                                                    <\/h3>\n                                \t    <div class=\"tb_text_wrap\">\n\t\t<h4>Beschreibung<\/h4>\n<p>Dieser Kurs zeigt den einfachen Weg vom Bestand zum Modell zur Software rmDATA 3DWorx.<\/p>\n<p>Die im Kurs verwendeten Beispiele zeigen den Arbeitsablauf zur Erstellung eines Modells mit rmDATA 3DWorx.\u00a0<\/p>\n<h4>Voraussetzungen<\/h4>\n<ul>\n<li>Pers\u00f6nlicher Laptop f\u00fcr die praktischen \u00dcbungen mit rmDATA 3DWorx.<\/li>\n<li><a href=\"https:\/\/www.rmdatagroup.com\/schweiz\/systemvoraussetzungen\/\" target=\"_blank\" rel=\"noopener\"><u>Entsprechende Hardware<\/u><\/a><\/li>\n<\/ul>\n<h4>Ziel<\/h4>\n<p>Die aktuellen Auswertem\u00f6glichkeiten anhand rmDATA 3DWorx verstehen und selbstst\u00e4ndig durchf\u00fchren.\u00a0<\/p>\n<h4>Inhalt<\/h4>\n<h5>Kennenlernen der Workflows <span class=\"ui-provider a b c d e f g h i j k l m n o p q r s t u v w x y z ab ac ae af ag ah ai aj ak\" dir=\"ltr\">Bauwerk und Gel\u00e4nde<\/span><\/h5>\n<ul>\n<li>Grundkenntnisse in der Software (Eigenschaften, Darstellungen, Arbeitsbereiche, Umgang mit CAD Typen, usw.)<\/li>\n<li>Umgang mit Punktwolken, vom Import \u00fcber das legen von Schnitten und die Ableitung von Geometrien<\/li>\n<li>Registrieren mehrerer Punktwolken zueinander<\/li>\n<li>Geb\u00e4udeschnitte, Ableiten von Grundrissen und Ansichten<\/li>\n<li>BIM\/3D-Elemente<\/li>\n<li>DGM: Klassifizierung von Gel\u00e4nde-Bodenpunkten, Berechnung von digitalen Gel\u00e4ndemodellen<\/li>\n<li>Punktwolkenanalyse (Ebenheitsanalyse)<\/li>\n<\/ul>\n<h4>Unterrichtszeit<\/h4>\n<p>8 (1 Tag)<\/p>\n<h4>Kurskosten<\/h4>\n<p>CHF 600.- (CHF 720.- Nichtmitglied)<\/p>\t    <\/div>\n\t<\/div>\n\n    <\/div>\n    <!-- \/module feature -->\n\t        <\/div>\n\t    \t<\/div>\n\t\t    <\/div>\n\t    <!-- \/row_inner -->\n\t<\/div>\n\t<!-- \/module_row -->\n\t\t<!-- module_row -->\n\t<div  class=\"themify_builder_row module_row clearfix module_row_3 themify_builder_12089_row module_row_12089-3 tb_4r3d71\">\n\t    \t    <div class=\"row_inner col_align_top\" >\n\t\t\t<div  class=\"module_column tb-column col-full first tb_12089_column module_column_0 module_column_12089-3-0 tb_yqfs71\">\n\t    \t    \t        <div class=\"tb-column-inner\">\n\t\t        <!-- module buttons -->\n    <div  class=\"module module-buttons tb_yvn172 xlarge solid squared  \">\n\t        \t<div class=\"module-buttons\">\n                            <div class=\"module-buttons-item buttons-fullwidth \">\n\t\t    \t\t\t<a href=\"https:\/\/geo-education.ch\/?tribe_events_cat=3dworx-to-bim\" class=\"ui builder_button tb_default_color\" target=\"_blank\" rel=\"noopener\">\n\t\t    \t\t    \t\t\t<span>N\u00e4chste Kursdaten und Online-Registrierung<\/span>\n\t\t    \t\t    \t\t\t<\/a>\n\t\t                    <\/div>\n                    <\/div>\n    <\/div>\n    <!-- \/module buttons -->\n\t        <\/div>\n\t    \t<\/div>\n\t\t    <\/div>\n\t    <!-- \/row_inner -->\n\t<\/div>\n\t<!-- \/module_row -->\n\t<\/div>\n\n\n","protected":false},"excerpt":{"rendered":"<p>rmDATA 3DWorx to BIM Beschreibung Dieser Kurs zeigt den einfachen Weg vom Bestand zum Modell zur Software rmDATA 3DWorx. Die im Kurs verwendeten Beispiele zeigen den Arbeitsablauf zur Erstellung eines [&hellip;]<\/p>\n","protected":false},"author":2,"featured_media":0,"parent":8673,"menu_order":0,"comment_status":"closed","ping_status":"closed","template":"","meta":{"_price":"","_stock":"","_tribe_ticket_header":"","_tribe_default_ticket_provider":"","_tribe_ticket_capacity":"0","_ticket_start_date":"","_ticket_end_date":"","_tribe_ticket_show_description":"","_tribe_ticket_show_not_going":false,"_tribe_ticket_use_global_stock":"","_tribe_ticket_global_stock_level":"","_global_stock_mode":"","_global_stock_cap":"","_tribe_rsvp_for_event":"","_tribe_ticket_going_count":"","_tribe_ticket_not_going_count":"","_tribe_tickets_list":"[]","_tribe_ticket_has_attendee_info_fields":false,"footnotes":""},"class_list":["post-12089","page","type-page","status-publish","hentry","has-post-title","has-post-date","has-post-category","has-post-tag","has-post-comment","has-post-author",""],"_links":{"self":[{"href":"https:\/\/geo-education.ch\/index.php?rest_route=\/wp\/v2\/pages\/12089","targetHints":{"allow":["GET"]}}],"collection":[{"href":"https:\/\/geo-education.ch\/index.php?rest_route=\/wp\/v2\/pages"}],"about":[{"href":"https:\/\/geo-education.ch\/index.php?rest_route=\/wp\/v2\/types\/page"}],"author":[{"embeddable":true,"href":"https:\/\/geo-education.ch\/index.php?rest_route=\/wp\/v2\/users\/2"}],"replies":[{"embeddable":true,"href":"https:\/\/geo-education.ch\/index.php?rest_route=%2Fwp%2Fv2%2Fcomments&post=12089"}],"version-history":[{"count":39,"href":"https:\/\/geo-education.ch\/index.php?rest_route=\/wp\/v2\/pages\/12089\/revisions"}],"predecessor-version":[{"id":18023,"href":"https:\/\/geo-education.ch\/index.php?rest_route=\/wp\/v2\/pages\/12089\/revisions\/18023"}],"up":[{"embeddable":true,"href":"https:\/\/geo-education.ch\/index.php?rest_route=\/wp\/v2\/pages\/8673"}],"wp:attachment":[{"href":"https:\/\/geo-education.ch\/index.php?rest_route=%2Fwp%2Fv2%2Fmedia&parent=12089"}],"curies":[{"name":"wp","href":"https:\/\/api.w.org\/{rel}","templated":true}]}}