{"id":15534,"date":"2022-04-10T16:06:26","date_gmt":"2022-04-10T14:06:26","guid":{"rendered":"https:\/\/geo-education.ch\/?page_id=15534"},"modified":"2023-10-14T15:55:33","modified_gmt":"2023-10-14T13:55:33","slug":"bim-und-cobie-grundlagen-und-technologien","status":"publish","type":"page","link":"https:\/\/geo-education.ch\/?page_id=15534","title":{"rendered":"BIM und COBie Grundlagen und Technologien"},"content":{"rendered":"<div id=\"themify_builder_content-15534\" data-postid=\"15534\" class=\"themify_builder_content themify_builder_content-15534 themify_builder\">\n    \t<!-- module_row -->\n\t<div  class=\"themify_builder_row module_row clearfix module_row_0 themify_builder_15534_row module_row_15534-0 tb_xbc7766\">\n\t    \t    <div class=\"row_inner col_align_top\" >\n\t\t\t<div  class=\"module_column tb-column col-full first tb_15534_column module_column_0 module_column_15534-0-0 tb_7ju2767\">\n\t    \t    \t        <div class=\"tb-column-inner\">\n\t\t        <!-- module feature -->\n   <div  class=\"module module-feature tb_ykli431 with-chart layout-icon-left size-small  \">\n        <style type=\"text\/css\">.tb_ykli431 .module-feature-chart-html5 {\n\t\t\t    box-shadow: inset 0 0 0 3px rgba(0,0,0,.1);\n\t\t\t}\n\t\t\t.tb_ykli431 .chart-loaded.chart-html5-fill {\n\t\t\t    box-shadow: inset 0 0 0 3px #de5d5d;\n\t\t    }<\/style>\n        \n        <div class=\"module-feature-image\">\n            \n            \n                <div class=\"module-feature-chart-html5\"\n                                         data-progress=\"0\"\n                         data-progress-end=\"100\"\n                         data-size=\"100\"\n                                          >\n                    <div class=\"chart-html5-circle\">\n                                                    <div class=\"chart-html5-mask chart-html5-full\">\n                                <div class=\"chart-html5-fill\"><\/div>\n                            <\/div>\n                            <div class=\"chart-html5-mask chart-html5-half\">\n                                <div class=\"chart-html5-fill\"><\/div>\n                            <\/div>\n                                                <div class=\"chart-html5-inset\">\n\n                            \t\t\t\t\t\t\t\t    \t\t\t\t    <img decoding=\"async\" src=\"https:\/\/geo-education.ch\/wp-content\/uploads\/2023\/10\/BIM-2.jpg\" alt=\"BIM und COBie - Grundlagen und Technologien\" \/>\n\t\t\t\t                            \n                        <\/div>\n                    <\/div>\n                <\/div>\n\n                        <\/div>\n\n        <div class=\"module-feature-content\">\n\t\t\t                                        <h3 class=\"module-feature-title\">\n                                                                                            BIM und COBie - Grundlagen und Technologien                                                                                    <\/h3>\n                                \t    <div class=\"tb_text_wrap\">\n\t\t<h4>\u00a0<\/h4>\n<h4>BESCHREIBUNG<\/h4>\n<p class=\"p1\">Bauprojekte werden immer mehr mit digitalen Werkzeugen mit der BIM-Methodik abgewickelt. Digitale Zwillinge werden k\u00fcnftig das Facility Management beeinflussen.<\/p>\n<p class=\"p2\">Der Tag vermittelt Basics zu BIM und COBie.<\/p>\n<h4>VORAUSSETZUNGEN<\/h4>\n<p class=\"p1\">Interesse am digitalen Bauen<\/p>\n<h4>ZIEL<\/h4>\n<p class=\"p1\">Grunds\u00e4tzliches Verst\u00e4ndnis und Kenntnisse der Methoden und Standards beim digitalen Bauen und der Daten\u00fcbergabe an das Facility Management.<\/p>\n<h4>INHALT<\/h4>\n<ul>\n<li class=\"li1\">BIM-Methodik und spezifische Terminologien<\/li>\n<li class=\"li1\">Internationale und nationale Standards<span class=\"Apple-converted-space\">\u00a0<\/span><\/li>\n<li class=\"li1\">bulidungSMART Standards<span class=\"Apple-converted-space\">\u00a0<\/span><\/li>\n<li class=\"li1\">Use-Cases<\/li>\n<li class=\"li1\">Beispiel-Projekte, die mit der BIM-Methodik ausgef\u00fchrt werden<\/li>\n<li class=\"li1\">COBie Standards und Terminologien<\/li>\n<li class=\"li1\">Dateiformate f\u00fcr die Lieferung von COBie Datens\u00e4tzen<\/li>\n<li class=\"li1\">Vorteile und Nutzen von COBie f\u00fcr Eigent\u00fcmer, Facility Manager, Planer und Unternehmer<\/li>\n<\/ul>\n<h4>UNTERRICHTSZEIT<\/h4>\n<p class=\"p1\">8 Lektionen Unterricht (1 Seminartag)<\/p>\n<h4>KURSKOSTEN<\/h4>\n<p>CHF 600.- (CHF 720.- Nichtmitglied)<\/p>\t    <\/div>\n\t<\/div>\n\n    <\/div>\n    <!-- \/module feature -->\n\t        <\/div>\n\t    \t<\/div>\n\t\t    <\/div>\n\t    <!-- \/row_inner -->\n\t<\/div>\n\t<!-- \/module_row -->\n\t\t<!-- module_row -->\n\t<div  class=\"themify_builder_row module_row clearfix module_row_1 themify_builder_15534_row module_row_15534-1 tb_ii1x233\">\n\t    \t    <div class=\"row_inner col_align_top\" >\n\t\t\t<div  class=\"module_column tb-column col-full first tb_15534_column module_column_0 module_column_15534-1-0 tb_b74k233\">\n\t    \t    \t        <div class=\"tb-column-inner\">\n\t\t        <!-- module buttons -->\n    <div  class=\"module module-buttons tb_e6ya234 xlarge solid squared  \">\n\t        \t<div class=\"module-buttons\">\n                            <div class=\"module-buttons-item buttons-fullwidth \">\n\t\t    \t\t\t<a href=\"https:\/\/geo-education.ch\/?tribe_events_cat=bim-und-cobie-grundlagen-und-technologien\" class=\"ui builder_button tb_default_color\" target=\"_blank\" rel=\"noopener\">\n\t\t    \t\t    \t\t\t<span>N\u00e4chste Kursdaten und Online-Registrierung<\/span>\n\t\t    \t\t    \t\t\t<\/a>\n\t\t                    <\/div>\n                    <\/div>\n    <\/div>\n    <!-- \/module buttons -->\n\t        <\/div>\n\t    \t<\/div>\n\t\t    <\/div>\n\t    <!-- \/row_inner -->\n\t<\/div>\n\t<!-- \/module_row -->\n\t<\/div>\n\n\n","protected":false},"excerpt":{"rendered":"<p>BIM und COBie &#8211; Grundlagen und Technologien \u00a0 BESCHREIBUNG Bauprojekte werden immer mehr mit digitalen Werkzeugen mit der BIM-Methodik abgewickelt. Digitale Zwillinge werden k\u00fcnftig das Facility Management beeinflussen. Der Tag [&hellip;]<\/p>\n","protected":false},"author":2,"featured_media":0,"parent":0,"menu_order":0,"comment_status":"closed","ping_status":"closed","template":"","meta":{"_price":"","_stock":"","_tribe_ticket_header":"","_tribe_default_ticket_provider":"","_tribe_ticket_capacity":"0","_ticket_start_date":"","_ticket_end_date":"","_tribe_ticket_show_description":"","_tribe_ticket_show_not_going":false,"_tribe_ticket_use_global_stock":"","_tribe_ticket_global_stock_level":"","_global_stock_mode":"","_global_stock_cap":"","_tribe_rsvp_for_event":"","_tribe_ticket_going_count":"","_tribe_ticket_not_going_count":"","_tribe_tickets_list":"[]","_tribe_ticket_has_attendee_info_fields":false,"footnotes":""},"class_list":["post-15534","page","type-page","status-publish","hentry","has-post-title","has-post-date","has-post-category","has-post-tag","has-post-comment","has-post-author",""],"_links":{"self":[{"href":"https:\/\/geo-education.ch\/index.php?rest_route=\/wp\/v2\/pages\/15534","targetHints":{"allow":["GET"]}}],"collection":[{"href":"https:\/\/geo-education.ch\/index.php?rest_route=\/wp\/v2\/pages"}],"about":[{"href":"https:\/\/geo-education.ch\/index.php?rest_route=\/wp\/v2\/types\/page"}],"author":[{"embeddable":true,"href":"https:\/\/geo-education.ch\/index.php?rest_route=\/wp\/v2\/users\/2"}],"replies":[{"embeddable":true,"href":"https:\/\/geo-education.ch\/index.php?rest_route=%2Fwp%2Fv2%2Fcomments&post=15534"}],"version-history":[{"count":14,"href":"https:\/\/geo-education.ch\/index.php?rest_route=\/wp\/v2\/pages\/15534\/revisions"}],"predecessor-version":[{"id":19607,"href":"https:\/\/geo-education.ch\/index.php?rest_route=\/wp\/v2\/pages\/15534\/revisions\/19607"}],"wp:attachment":[{"href":"https:\/\/geo-education.ch\/index.php?rest_route=%2Fwp%2Fv2%2Fmedia&parent=15534"}],"curies":[{"name":"wp","href":"https:\/\/api.w.org\/{rel}","templated":true}]}}