{"id":17084,"date":"2023-01-28T15:13:27","date_gmt":"2023-01-28T14:13:27","guid":{"rendered":"https:\/\/geo-education.ch\/?page_id=17084"},"modified":"2024-01-28T14:30:56","modified_gmt":"2024-01-28T13:30:56","slug":"initial-workshop-gmt","status":"publish","type":"page","link":"https:\/\/geo-education.ch\/?page_id=17084","title":{"rendered":"Initial Workshop GMT"},"content":{"rendered":"<h4>Beschreibung<\/h4>\n<p><span style=\"font-weight: 400;\">Im Workshop werden Organisation und Planung der eigenen Weiterbildung vorbereitet und Teams eingef\u00fchrt. Zudem werden die k\u00fcnftigen Berufsperspektiven thematisiert<\/span>.<\/p>\n<h4>Voraussetzungen<\/h4>\n<p>Keine<\/p>\n<h4>Ziel<\/h4>\n<ul>\n<li><span style=\"font-weight: 400;\">Pers\u00f6nliche Weiterbildung planen<\/span><\/li>\n<li><span style=\"font-weight: 400;\">Berufsperspektiven erl\u00e4utern<\/span><\/li>\n<\/ul>\n<h4>Inhalt<\/h4>\n<ul>\n<li><span style=\"font-weight: 400;\">Kennenlernen<\/span><\/li>\n<li><span style=\"font-weight: 400;\">Onboarding modulare Weiterbildung und BIZGeo Teams<\/span><\/li>\n<li><span style=\"font-weight: 400;\">Berufsperspektiven<\/span><\/li>\n<\/ul>\n<h4>Unterrichtszeit<\/h4>\n<p>4 (1\/2 Tag)<\/p>\n<h4>Kurskosten<\/h4>\n<p>CHF 100.-<\/p>\n<div id=\"themify_builder_content-17084\" data-postid=\"17084\" class=\"themify_builder_content themify_builder_content-17084 themify_builder\">\n    \t<!-- module_row -->\n\t<div  class=\"themify_builder_row module_row clearfix module_row_0 themify_builder_17084_row module_row_17084-0 tb_zvlx844\">\n\t    \t    <div class=\"row_inner col_align_top\" >\n\t\t\t<div  class=\"module_column tb-column col-full first tb_17084_column module_column_0 module_column_17084-0-0 tb_atfa846\">\n\t    \t    \t        <div class=\"tb-column-inner\">\n\t\t        <!-- module buttons -->\n    <div  class=\"module module-buttons tb_jgso847 xlarge solid squared  \">\n\t        \t<div class=\"module-buttons\">\n                            <div class=\"module-buttons-item buttons-fullwidth \">\n\t\t    \t\t\t<a href=\"https:\/\/geo-education.ch\/?tribe_events_cat=initial-workshop-gmt\" class=\"ui builder_button tb_default_color\" target=\"_blank\" rel=\"noopener\">\n\t\t    \t\t    \t\t\t<span>N\u00e4chste Kursdaten und Online-Registrierung<\/span>\n\t\t    \t\t    \t\t\t<\/a>\n\t\t                    <\/div>\n                    <\/div>\n    <\/div>\n    <!-- \/module buttons -->\n\t        <\/div>\n\t    \t<\/div>\n\t\t    <\/div>\n\t    <!-- \/row_inner -->\n\t<\/div>\n\t<!-- \/module_row -->\n\t<\/div>\n\n\n","protected":false},"excerpt":{"rendered":"<p>Beschreibung Im Workshop werden Organisation und Planung der eigenen Weiterbildung vorbereitet und Teams eingef\u00fchrt. Zudem werden die k\u00fcnftigen Berufsperspektiven thematisiert. Voraussetzungen Keine Ziel Pers\u00f6nliche Weiterbildung planen Berufsperspektiven erl\u00e4utern Inhalt Kennenlernen [&hellip;]<\/p>\n","protected":false},"author":2,"featured_media":0,"parent":3331,"menu_order":0,"comment_status":"closed","ping_status":"closed","template":"","meta":{"_price":"","_stock":"","_tribe_ticket_header":"","_tribe_default_ticket_provider":"","_tribe_ticket_capacity":"0","_ticket_start_date":"","_ticket_end_date":"","_tribe_ticket_show_description":"","_tribe_ticket_show_not_going":false,"_tribe_ticket_use_global_stock":"","_tribe_ticket_global_stock_level":"","_global_stock_mode":"","_global_stock_cap":"","_tribe_rsvp_for_event":"","_tribe_ticket_going_count":"","_tribe_ticket_not_going_count":"","_tribe_tickets_list":"[]","_tribe_ticket_has_attendee_info_fields":false,"footnotes":""},"class_list":["post-17084","page","type-page","status-publish","hentry","has-post-title","has-post-date","has-post-category","has-post-tag","has-post-comment","has-post-author",""],"_links":{"self":[{"href":"https:\/\/geo-education.ch\/index.php?rest_route=\/wp\/v2\/pages\/17084","targetHints":{"allow":["GET"]}}],"collection":[{"href":"https:\/\/geo-education.ch\/index.php?rest_route=\/wp\/v2\/pages"}],"about":[{"href":"https:\/\/geo-education.ch\/index.php?rest_route=\/wp\/v2\/types\/page"}],"author":[{"embeddable":true,"href":"https:\/\/geo-education.ch\/index.php?rest_route=\/wp\/v2\/users\/2"}],"replies":[{"embeddable":true,"href":"https:\/\/geo-education.ch\/index.php?rest_route=%2Fwp%2Fv2%2Fcomments&post=17084"}],"version-history":[{"count":10,"href":"https:\/\/geo-education.ch\/index.php?rest_route=\/wp\/v2\/pages\/17084\/revisions"}],"predecessor-version":[{"id":20215,"href":"https:\/\/geo-education.ch\/index.php?rest_route=\/wp\/v2\/pages\/17084\/revisions\/20215"}],"up":[{"embeddable":true,"href":"https:\/\/geo-education.ch\/index.php?rest_route=\/wp\/v2\/pages\/3331"}],"wp:attachment":[{"href":"https:\/\/geo-education.ch\/index.php?rest_route=%2Fwp%2Fv2%2Fmedia&parent=17084"}],"curies":[{"name":"wp","href":"https:\/\/api.w.org\/{rel}","templated":true}]}}