{"id":22666,"date":"2025-08-08T16:28:40","date_gmt":"2025-08-08T14:28:40","guid":{"rendered":"https:\/\/geo-education.ch\/?page_id=22666"},"modified":"2025-08-08T16:43:39","modified_gmt":"2025-08-08T14:43:39","slug":"cartographie-mobile-avec-la-technologie-slam","status":"publish","type":"page","link":"https:\/\/geo-education.ch\/?page_id=22666&lang=fr","title":{"rendered":"Cartographie mobile avec la technologie SLAM"},"content":{"rendered":"<h4>Description<\/h4>\n<p><span style=\"font-weight: 400;\">Localisation simultan\u00e9e et capture de l&#8217;environnement spatial \u2013 comment cela fonctionne-t-il ? Nous explorons cette question et montrons comment fonctionne le processus de mesure ainsi que de reconstruction num\u00e9rique. Le cours comprend notamment une application pratique avec d\u00e9monstration des \u00e9tapes de mesure et d&#8217;\u00e9valuation d&#8217;un scanner terrestre portable.<\/span><\/p>\n<h4>Pr\u00e9requis (recommandations)<\/h4>\n<p><span style=\"font-weight: 400;\">Les participants apportent de bonnes connaissances de base en g\u00e9omatique. Le cours s&#8217;adresse aux professionnels de la g\u00e9omatique ou aux profanes exp\u00e9riment\u00e9s en g\u00e9omatique, pour qui la technologie SLAM repr\u00e9sente un \u00ab territoire inexplor\u00e9 \u00bb.<\/span><\/p>\n<h4>Objectifs<\/h4>\n<p><span style=\"font-weight: 400;\">Apr\u00e8s le cours, les participants comprennent le mode de fonctionnement d&#8217;un scanner SLAM. Ils savent ce qui compte pour que la capture 3D soit un succ\u00e8s. Ils connaissent les \u00e9tapes de travail de la cartographie 3D jusqu&#8217;au nuage de points color\u00e9 et sont inform\u00e9s sur le grand potentiel, les particularit\u00e9s (syst\u00e9matiques) et les limites de performance de la technologie SLAM.<\/span><\/p>\n<h4>Contenu<\/h4>\n<ul>\n<li style=\"font-weight: 400;\" aria-level=\"1\"><span style=\"font-weight: 400;\">Introduction \u00e0 la cartographie mobile avec la technologie SLAM<\/span><\/li>\n<li style=\"font-weight: 400;\" aria-level=\"1\"><span style=\"font-weight: 400;\">Strat\u00e9gies de mesure, disposition de mesure, g\u00e9or\u00e9f\u00e9rencement<\/span><\/li>\n<li style=\"font-weight: 400;\" aria-level=\"1\"><span style=\"font-weight: 400;\">Installation et mesure de points de r\u00e9f\u00e9rence<\/span><\/li>\n<li style=\"font-weight: 400;\" aria-level=\"1\"><span style=\"font-weight: 400;\">R\u00e8gles de mesure, conditions de mesure et processus de mesure<\/span><\/li>\n<li style=\"font-weight: 400;\" aria-level=\"1\"><span style=\"font-weight: 400;\">Campagne de mesure (espaces int\u00e9rieurs et ext\u00e9rieurs)<\/span><\/li>\n<li style=\"font-weight: 400;\" aria-level=\"1\"><span style=\"font-weight: 400;\">Cinq \u00e9tapes de la cartographie 3D avec d\u00e9monstration en direct<\/span><\/li>\n<li style=\"font-weight: 400;\" aria-level=\"1\"><span style=\"font-weight: 400;\">Export de la sc\u00e8ne captur\u00e9e sous forme de nuage de points color\u00e9<\/span><\/li>\n<li style=\"font-weight: 400;\" aria-level=\"1\"><span style=\"font-weight: 400;\">Syst\u00e9matiques, influences d&#8217;erreur et limites de performance<\/span><\/li>\n<li style=\"font-weight: 400;\" aria-level=\"1\"><span style=\"font-weight: 400;\">Coupes 2D \u00e0 partir du nuage de points avec rmDATA 3DWorx<\/span><\/li>\n<\/ul>\n<h4>Dur\u00e9e d\u2019\u00e9tude<\/h4>\n<p><span style=\"font-weight: 400;\">8 le\u00e7ons d&#8217;enseignement (1 jour de s\u00e9minaire)<\/span><\/p>\n<h4>Prix du cours<\/h4>\n<p>CHF 3<span style=\"font-weight: 400;\">50 pour les membres d&#8217;une association professionnelle \/ CHF 420<\/span><\/p>\n<div id=\"themify_builder_content-22666\" data-postid=\"22666\" class=\"themify_builder_content themify_builder_content-22666 themify_builder\">\n    \t<!-- module_row -->\n\t<div  class=\"themify_builder_row module_row clearfix module_row_0 themify_builder_22666_row module_row_22666-0 tb_e2gf430\">\n\t    \t    <div class=\"row_inner col_align_top\" >\n\t\t\t<div  class=\"module_column tb-column col-full first tb_22666_column module_column_0 module_column_22666-0-0 tb_zuam430\">\n\t    \t    \t        <div class=\"tb-column-inner\">\n\t\t        <!-- module buttons -->\n    <div  class=\"module module-buttons tb_44g7430 xlarge solid squared  \">\n\t        \t<div class=\"module-buttons\">\n                            <div class=\"module-buttons-item buttons-fullwidth \">\n\t\t    \t\t\t<a href=\"https:\/\/geo-education.ch\/?tribe_events_cat=cartographie-mobile-avec-la-technologie-slam&#038;lang=fr\" class=\"ui builder_button tb_default_color\" target=\"_blank\" rel=\"noopener\">\n\t\t    \t\t    \t\t\t<span>Calendrier des prochains cours et inscription en ligne<\/span>\n\t\t    \t\t    \t\t\t<\/a>\n\t\t                    <\/div>\n                    <\/div>\n    <\/div>\n    <!-- \/module buttons -->\n\t        <\/div>\n\t    \t<\/div>\n\t\t    <\/div>\n\t    <!-- \/row_inner -->\n\t<\/div>\n\t<!-- \/module_row -->\n\t<\/div>\n\n\n","protected":false},"excerpt":{"rendered":"<p>Description Localisation simultan\u00e9e et capture de l&#8217;environnement spatial \u2013 comment cela fonctionne-t-il ? Nous explorons cette question et montrons comment fonctionne le processus de mesure ainsi que de reconstruction num\u00e9rique. [&hellip;]<\/p>\n","protected":false},"author":2,"featured_media":22646,"parent":8703,"menu_order":0,"comment_status":"closed","ping_status":"closed","template":"","meta":{"_price":"","_stock":"","_tribe_ticket_header":"","_tribe_default_ticket_provider":"","_tribe_ticket_capacity":"0","_ticket_start_date":"","_ticket_end_date":"","_tribe_ticket_show_description":"","_tribe_ticket_show_not_going":false,"_tribe_ticket_use_global_stock":"","_tribe_ticket_global_stock_level":"","_global_stock_mode":"","_global_stock_cap":"","_tribe_rsvp_for_event":"","_tribe_ticket_going_count":"","_tribe_ticket_not_going_count":"","_tribe_tickets_list":"[]","_tribe_ticket_has_attendee_info_fields":false,"footnotes":""},"class_list":["post-22666","page","type-page","status-publish","has-post-thumbnail","hentry","has-post-title","has-post-date","has-post-category","has-post-tag","has-post-comment","has-post-author",""],"_links":{"self":[{"href":"https:\/\/geo-education.ch\/index.php?rest_route=\/wp\/v2\/pages\/22666","targetHints":{"allow":["GET"]}}],"collection":[{"href":"https:\/\/geo-education.ch\/index.php?rest_route=\/wp\/v2\/pages"}],"about":[{"href":"https:\/\/geo-education.ch\/index.php?rest_route=\/wp\/v2\/types\/page"}],"author":[{"embeddable":true,"href":"https:\/\/geo-education.ch\/index.php?rest_route=\/wp\/v2\/users\/2"}],"replies":[{"embeddable":true,"href":"https:\/\/geo-education.ch\/index.php?rest_route=%2Fwp%2Fv2%2Fcomments&post=22666"}],"version-history":[{"count":5,"href":"https:\/\/geo-education.ch\/index.php?rest_route=\/wp\/v2\/pages\/22666\/revisions"}],"predecessor-version":[{"id":22672,"href":"https:\/\/geo-education.ch\/index.php?rest_route=\/wp\/v2\/pages\/22666\/revisions\/22672"}],"up":[{"embeddable":true,"href":"https:\/\/geo-education.ch\/index.php?rest_route=\/wp\/v2\/pages\/8703"}],"wp:featuredmedia":[{"embeddable":true,"href":"https:\/\/geo-education.ch\/index.php?rest_route=\/wp\/v2\/media\/22646"}],"wp:attachment":[{"href":"https:\/\/geo-education.ch\/index.php?rest_route=%2Fwp%2Fv2%2Fmedia&parent=22666"}],"curies":[{"name":"wp","href":"https:\/\/api.w.org\/{rel}","templated":true}]}}