{"id":2373,"date":"2018-09-04T11:46:24","date_gmt":"2018-09-04T09:46:24","guid":{"rendered":"http:\/\/geo-education.ch\/?page_id=2373"},"modified":"2022-08-17T20:11:36","modified_gmt":"2022-08-17T18:11:36","slug":"la-commission-dassurance-qualite-c-aq","status":"publish","type":"page","link":"https:\/\/geo-education.ch\/?page_id=2373&lang=fr","title":{"rendered":"La commission AQ"},"content":{"rendered":"<h5><\/h5>\n<div id=\"themify_builder_content-2373\" data-postid=\"2373\" class=\"themify_builder_content themify_builder_content-2373 themify_builder\">\n    \t<!-- module_row -->\n\t<div  class=\"themify_builder_row module_row clearfix module_row_0 themify_builder_2373_row module_row_2373-0 tb_db839ec\">\n\t    \t    <div class=\"row_inner col_align_top\" >\n\t\t\t<div  class=\"module_column tb-column col-full first tb_2373_column module_column_0 module_column_2373-0-0 tb_83a0812\">\n\t    \t    \t        <div class=\"tb-column-inner\">\n\t\t        <!-- module feature -->\n   <div  class=\"module module-feature tb_2494334 with-chart layout-icon-left size-small  \">\n        <style type=\"text\/css\">.tb_2494334 .module-feature-chart-html5 {\n\t\t\t    box-shadow: inset 0 0 0 3px rgba(0,0,0,.1);\n\t\t\t}\n\t\t\t.tb_2494334 .chart-loaded.chart-html5-fill {\n\t\t\t    box-shadow: inset 0 0 0 3px #de5d5d;\n\t\t    }<\/style>\n        \n        <div class=\"module-feature-image\">\n            \n            \n                <div class=\"module-feature-chart-html5\"\n                                         data-progress=\"0\"\n                         data-progress-end=\"100\"\n                         data-size=\"100\"\n                                          >\n                    <div class=\"chart-html5-circle\">\n                                                    <div class=\"chart-html5-mask chart-html5-full\">\n                                <div class=\"chart-html5-fill\"><\/div>\n                            <\/div>\n                            <div class=\"chart-html5-mask chart-html5-half\">\n                                <div class=\"chart-html5-fill\"><\/div>\n                            <\/div>\n                                                <div class=\"chart-html5-inset chart-html5-inset-icon\">\n\n                                                                                            <i class=\"module-feature-icon fa fa-check\"><\/i>                            \n                        <\/div>\n                    <\/div>\n                <\/div>\n\n                        <\/div>\n\n        <div class=\"module-feature-content\">\n\t\t\t                                        <h3 class=\"module-feature-title\">\n                                                                                            La commission d\u2019assurance qualit\u00e9 (C-AQ)                                                                                    <\/h3>\n                                \t    <div class=\"tb_text_wrap\">\n\t\t<p>La commission d\u2019assurance qualit\u00e9 (C-AQ) est responsable de l\u2019ensemble des t\u00e2ches li\u00e9es \u00e0 l\u2019obtention du brevet f\u00e9d\u00e9ral pour techniciennes et techniciens en g\u00e9omatique, en termes de m\u00e9tier et d\u2019organisation. Elle agit en qualit\u00e9 de r\u00e9pondant pour les candidates et candidats, l\u2019association fa\u00eeti\u00e8re et les \u00e9coles professionnelles. Par son accompagnement et sa surveillance permanents de l\u2019enseignement et des examens finals, elle veille \u00e0 maintenir la qualit\u00e9 de cette fili\u00e8re de formation au niveau requis, homog\u00e8ne dans l\u2019ensemble du pays. Elle rend compte de son activit\u00e9 au Secr\u00e9tariat d\u2019Etat \u00e0 la formation, \u00e0 la recherche et \u00e0 l\u2019innovation SEFRI.<\/p>\n<h5><a href=\"https:\/\/www.berufsbildung-geomatik.ch\/fr\/formation-continue\/commission-dassurance-qualite-c-aq.html\" target=\"_blank\" rel=\"noopener\">&gt; Commission d\u2019assurance qualit\u00e9 de l&#8217;Association fa\u00eeti\u00e8re G\u00e9omaticiens\/G\u00e9omaticiennes Suisse<\/a><\/h5>\t    <\/div>\n\t<\/div>\n\n    <\/div>\n    <!-- \/module feature -->\n\t        <\/div>\n\t    \t<\/div>\n\t\t    <\/div>\n\t    <!-- \/row_inner -->\n\t<\/div>\n\t<!-- \/module_row -->\n\t<\/div>\n\n\n","protected":false},"excerpt":{"rendered":"<p>La commission d\u2019assurance qualit\u00e9 (C-AQ) La commission d\u2019assurance qualit\u00e9 (C-AQ) est responsable de l\u2019ensemble des t\u00e2ches li\u00e9es \u00e0 l\u2019obtention du brevet f\u00e9d\u00e9ral pour techniciennes et techniciens en g\u00e9omatique, en termes [&hellip;]<\/p>\n","protected":false},"author":2,"featured_media":0,"parent":6611,"menu_order":1,"comment_status":"closed","ping_status":"closed","template":"","meta":{"_price":"","_stock":"","_tribe_ticket_header":"","_tribe_default_ticket_provider":"","_tribe_ticket_capacity":"0","_ticket_start_date":"","_ticket_end_date":"","_tribe_ticket_show_description":"","_tribe_ticket_show_not_going":false,"_tribe_ticket_use_global_stock":"","_tribe_ticket_global_stock_level":"","_global_stock_mode":"","_global_stock_cap":"","_tribe_rsvp_for_event":"","_tribe_ticket_going_count":"","_tribe_ticket_not_going_count":"","_tribe_tickets_list":"[]","_tribe_ticket_has_attendee_info_fields":false,"footnotes":""},"class_list":["post-2373","page","type-page","status-publish","hentry","has-post-title","has-post-date","has-post-category","has-post-tag","has-post-comment","has-post-author",""],"_links":{"self":[{"href":"https:\/\/geo-education.ch\/index.php?rest_route=\/wp\/v2\/pages\/2373","targetHints":{"allow":["GET"]}}],"collection":[{"href":"https:\/\/geo-education.ch\/index.php?rest_route=\/wp\/v2\/pages"}],"about":[{"href":"https:\/\/geo-education.ch\/index.php?rest_route=\/wp\/v2\/types\/page"}],"author":[{"embeddable":true,"href":"https:\/\/geo-education.ch\/index.php?rest_route=\/wp\/v2\/users\/2"}],"replies":[{"embeddable":true,"href":"https:\/\/geo-education.ch\/index.php?rest_route=%2Fwp%2Fv2%2Fcomments&post=2373"}],"version-history":[{"count":27,"href":"https:\/\/geo-education.ch\/index.php?rest_route=\/wp\/v2\/pages\/2373\/revisions"}],"predecessor-version":[{"id":15940,"href":"https:\/\/geo-education.ch\/index.php?rest_route=\/wp\/v2\/pages\/2373\/revisions\/15940"}],"up":[{"embeddable":true,"href":"https:\/\/geo-education.ch\/index.php?rest_route=\/wp\/v2\/pages\/6611"}],"wp:attachment":[{"href":"https:\/\/geo-education.ch\/index.php?rest_route=%2Fwp%2Fv2%2Fmedia&parent=2373"}],"curies":[{"name":"wp","href":"https:\/\/api.w.org\/{rel}","templated":true}]}}