{"id":3335,"date":"2018-08-19T17:51:47","date_gmt":"2018-08-19T15:51:47","guid":{"rendered":"http:\/\/geo-education.ch\/?page_id=3335"},"modified":"2023-02-04T15:05:50","modified_gmt":"2023-02-04T14:05:50","slug":"module-b1-personnalite-2","status":"publish","type":"page","link":"https:\/\/geo-education.ch\/?page_id=3335","title":{"rendered":"Modul B2 Kommunikation"},"content":{"rendered":"<div id=\"themify_builder_content-3335\" data-postid=\"3335\" class=\"themify_builder_content themify_builder_content-3335 themify_builder\">\n    \t<!-- module_row -->\n\t<div  class=\"themify_builder_row module_row clearfix module_row_0 themify_builder_3335_row module_row_3335-0 tb_9ca4823\">\n\t    \t    <div class=\"row_inner col_align_top\" >\n\t\t\t<div  class=\"module_column tb-column col-full first tb_3335_column module_column_0 module_column_3335-0-0 tb_c1801e0\">\n\t    \t    \t        <div class=\"tb-column-inner\">\n\t\t        <!-- module feature -->\n   <div  class=\"module module-feature tb_2948772 with-chart with-overlay-image layout-icon-left size-custom  \">\n        <style type=\"text\/css\">.tb_2948772 .module-feature-chart-html5 {\n\t\t\t    box-shadow: inset 0 0 0 3px rgba(0,0,0,.1);\n\t\t\t}\n\t\t\t.tb_2948772 .chart-loaded.chart-html5-fill {\n\t\t\t    box-shadow: inset 0 0 0 3px #de5d5d;\n\t\t    }<\/style>\n        \n        <div class=\"module-feature-image\">\n            <img loading=\"lazy\" decoding=\"async\" width=\"288\" height=\"319\" src=\"https:\/\/geo-education.ch\/wp-content\/uploads\/2018\/08\/B2.png\" class=\" wp-post-image wp-image-536\" title=\"B2\" alt=\"B2\" srcset=\"https:\/\/geo-education.ch\/wp-content\/uploads\/2018\/08\/B2.png 288w, https:\/\/geo-education.ch\/wp-content\/uploads\/2018\/08\/B2-271x300.png 271w, https:\/\/geo-education.ch\/wp-content\/uploads\/2018\/08\/B2-256x283.png 256w, https:\/\/geo-education.ch\/wp-content\/uploads\/2018\/08\/B2-978x1083.png 978w\" sizes=\"auto, (max-width: 288px) 100vw, 288px\" \/>\n            \n                <div class=\"module-feature-chart-html5\"\n                                         data-progress=\"0\"\n                         data-progress-end=\"100\"\n                         data-size=\"\"\n                                          >\n                    <div class=\"chart-html5-circle\">\n                                                    <div class=\"chart-html5-mask chart-html5-full\">\n                                <div class=\"chart-html5-fill\"><\/div>\n                            <\/div>\n                            <div class=\"chart-html5-mask chart-html5-half\">\n                                <div class=\"chart-html5-fill\"><\/div>\n                            <\/div>\n                                                <div class=\"chart-html5-inset chart-html5-inset-icon\">\n\n                                                                                            <i class=\"module-feature-icon fa fa-home\" style=\"color: #000\"><\/i>                            \n                        <\/div>\n                    <\/div>\n                <\/div>\n\n                        <\/div>\n\n        <div class=\"module-feature-content\">\n\t\t\t\t    <div class=\"tb_text_wrap\">\n\t\t<h5>Ihre Kompetenzen nach erfolgreicher Modulpr\u00fcfung<\/h5>\n<p>Wirkungsvoll pr\u00e4sentieren und verschiedene Vortragstechniken situationsgerecht anwenden, Pr\u00e4sentationen gestalten und rhetorisches Grundverst\u00e4ndnis umsetzen. Im Weiteren f\u00fchren sie kompetent Verhandlungen und Sitzungen. Sie kennen verschiedene Textsorten und wenden diese an. Sie analysieren Texte und schreiben Briefe und Protokolle f\u00fcr den gesellschaftlichen oder privaten Bereich.<\/p>\n<h4>MODULUMFANG<\/h4>\n<h5>Unterrichtszeit<\/h5>\n<p>40 Lektionen<\/p>\n<h4>VORAUSSETZUNGEN<\/h4>\n<p>Keine<\/p>\n<h4>KURSE, INHALTE UND LERNZIELE<\/h4>\n<h5><a href=\"https:\/\/geo-education.ch\/?page_id=3406&amp;lang=de\">Pr\u00e4sentieren<\/a><\/h5>\n<h5><a href=\"https:\/\/geo-education.ch\/?page_id=3410&amp;lang=de\">Kommunizieren<\/a><\/h5>\n<h4>MODULKOSTEN (ALLE KURSE UND MODULPR\u00dcFUNG)<\/h4>\n<p>CHF 1&#8217;400 .-<\/p>\t    <\/div>\n\t<\/div>\n\n    <\/div>\n    <!-- \/module feature -->\n\t        <\/div>\n\t    \t<\/div>\n\t\t    <\/div>\n\t    <!-- \/row_inner -->\n\t<\/div>\n\t<!-- \/module_row -->\n\t\t<!-- module_row -->\n\t<div  class=\"themify_builder_row module_row clearfix module_row_1 themify_builder_3335_row module_row_3335-1 tb_qkgx947\">\n\t    \t    <div class=\"row_inner col_align_top\" >\n\t\t\t<div  class=\"module_column tb-column col-full first tb_3335_column module_column_0 module_column_3335-1-0 tb_9mh2948\">\n\t    \t    \t        <div class=\"tb-column-inner\">\n\t\t        <!-- module buttons -->\n    <div  class=\"module module-buttons tb_kxlq948 xlarge solid squared  \">\n\t        \t<div class=\"module-buttons\">\n                            <div class=\"module-buttons-item buttons-fullwidth \">\n\t\t    \t\t\t<a href=\"https:\/\/geo-education.ch\/?tribe_events_cat=modul-kommunikation-o2\" class=\"ui builder_button tb_default_color\" target=\"_blank\" rel=\"noopener\">\n\t\t    \t\t    \t\t\t<span>N\u00e4chste Kursdaten und Online-Registrierung<\/span>\n\t\t    \t\t    \t\t\t<\/a>\n\t\t                    <\/div>\n                    <\/div>\n    <\/div>\n    <!-- \/module buttons -->\n\t        <\/div>\n\t    \t<\/div>\n\t\t    <\/div>\n\t    <!-- \/row_inner -->\n\t<\/div>\n\t<!-- \/module_row -->\n\t<\/div>\n\n\n","protected":false},"excerpt":{"rendered":"<p>Ihre Kompetenzen nach erfolgreicher Modulpr\u00fcfung Wirkungsvoll pr\u00e4sentieren und verschiedene Vortragstechniken situationsgerecht anwenden, Pr\u00e4sentationen gestalten und rhetorisches Grundverst\u00e4ndnis umsetzen. Im Weiteren f\u00fchren sie kompetent Verhandlungen und Sitzungen. Sie kennen verschiedene Textsorten [&hellip;]<\/p>\n","protected":false},"author":2,"featured_media":0,"parent":3305,"menu_order":0,"comment_status":"closed","ping_status":"closed","template":"","meta":{"_price":"","_stock":"","_tribe_ticket_header":"","_tribe_default_ticket_provider":"","_tribe_ticket_capacity":"0","_ticket_start_date":"","_ticket_end_date":"","_tribe_ticket_show_description":"","_tribe_ticket_show_not_going":false,"_tribe_ticket_use_global_stock":"","_tribe_ticket_global_stock_level":"","_global_stock_mode":"","_global_stock_cap":"","_tribe_rsvp_for_event":"","_tribe_ticket_going_count":"","_tribe_ticket_not_going_count":"","_tribe_tickets_list":"[]","_tribe_ticket_has_attendee_info_fields":false,"footnotes":""},"class_list":["post-3335","page","type-page","status-publish","hentry","has-post-title","has-post-date","has-post-category","has-post-tag","has-post-comment","has-post-author",""],"_links":{"self":[{"href":"https:\/\/geo-education.ch\/index.php?rest_route=\/wp\/v2\/pages\/3335","targetHints":{"allow":["GET"]}}],"collection":[{"href":"https:\/\/geo-education.ch\/index.php?rest_route=\/wp\/v2\/pages"}],"about":[{"href":"https:\/\/geo-education.ch\/index.php?rest_route=\/wp\/v2\/types\/page"}],"author":[{"embeddable":true,"href":"https:\/\/geo-education.ch\/index.php?rest_route=\/wp\/v2\/users\/2"}],"replies":[{"embeddable":true,"href":"https:\/\/geo-education.ch\/index.php?rest_route=%2Fwp%2Fv2%2Fcomments&post=3335"}],"version-history":[{"count":30,"href":"https:\/\/geo-education.ch\/index.php?rest_route=\/wp\/v2\/pages\/3335\/revisions"}],"predecessor-version":[{"id":17240,"href":"https:\/\/geo-education.ch\/index.php?rest_route=\/wp\/v2\/pages\/3335\/revisions\/17240"}],"up":[{"embeddable":true,"href":"https:\/\/geo-education.ch\/index.php?rest_route=\/wp\/v2\/pages\/3305"}],"wp:attachment":[{"href":"https:\/\/geo-education.ch\/index.php?rest_route=%2Fwp%2Fv2%2Fmedia&parent=3335"}],"curies":[{"name":"wp","href":"https:\/\/api.w.org\/{rel}","templated":true}]}}