{"id":3339,"date":"2018-08-21T18:57:23","date_gmt":"2018-08-21T16:57:23","guid":{"rendered":"http:\/\/geo-education.ch\/?page_id=3339"},"modified":"2023-02-04T22:54:13","modified_gmt":"2023-02-04T21:54:13","slug":"module-b3-gestion-dentreprise","status":"publish","type":"page","link":"https:\/\/geo-education.ch\/?page_id=3339","title":{"rendered":"Modul B3 Gesch\u00e4ftsprozesse"},"content":{"rendered":"<div id=\"themify_builder_content-3339\" data-postid=\"3339\" class=\"themify_builder_content themify_builder_content-3339 themify_builder\">\n    \t<!-- module_row -->\n\t<div  class=\"themify_builder_row module_row clearfix module_row_0 themify_builder_3339_row module_row_3339-0 tb_90ec2ac\">\n\t    \t    <div class=\"row_inner col_align_top\" >\n\t\t\t<div  class=\"module_column tb-column col-full first tb_3339_column module_column_0 module_column_3339-0-0 tb_9e7ba50\">\n\t    \t    \t        <div class=\"tb-column-inner\">\n\t\t        <!-- module feature -->\n   <div  class=\"module module-feature tb_5436069 with-chart with-overlay-image layout-icon-left size-custom  \">\n        <style type=\"text\/css\">.tb_5436069 .module-feature-chart-html5 {\n\t\t\t    box-shadow: inset 0 0 0 3px rgba(0,0,0,.1);\n\t\t\t}\n\t\t\t.tb_5436069 .chart-loaded.chart-html5-fill {\n\t\t\t    box-shadow: inset 0 0 0 3px #de5d5d;\n\t\t    }<\/style>\n        \n        <div class=\"module-feature-image\">\n            <img loading=\"lazy\" decoding=\"async\" width=\"300\" height=\"307\" src=\"https:\/\/geo-education.ch\/wp-content\/uploads\/2018\/08\/B3.png\" class=\" wp-post-image wp-image-540\" title=\"B3\" alt=\"B3\" srcset=\"https:\/\/geo-education.ch\/wp-content\/uploads\/2018\/08\/B3.png 300w, https:\/\/geo-education.ch\/wp-content\/uploads\/2018\/08\/B3-293x300.png 293w, https:\/\/geo-education.ch\/wp-content\/uploads\/2018\/08\/B3-256x261.png 256w, https:\/\/geo-education.ch\/wp-content\/uploads\/2018\/08\/B3-978x1000.png 978w, https:\/\/geo-education.ch\/wp-content\/uploads\/2018\/08\/B3-50x50.png 50w\" sizes=\"auto, (max-width: 300px) 100vw, 300px\" \/>\n            \n                <div class=\"module-feature-chart-html5\"\n                                         data-progress=\"0\"\n                         data-progress-end=\"100\"\n                         data-size=\"\"\n                                          >\n                    <div class=\"chart-html5-circle\">\n                                                    <div class=\"chart-html5-mask chart-html5-full\">\n                                <div class=\"chart-html5-fill\"><\/div>\n                            <\/div>\n                            <div class=\"chart-html5-mask chart-html5-half\">\n                                <div class=\"chart-html5-fill\"><\/div>\n                            <\/div>\n                                                <div class=\"chart-html5-inset chart-html5-inset-icon\">\n\n                                                                                            <i class=\"module-feature-icon fa fa-home\" style=\"color: #000\"><\/i>                            \n                        <\/div>\n                    <\/div>\n                <\/div>\n\n                        <\/div>\n\n        <div class=\"module-feature-content\">\n\t\t\t\t    <div class=\"tb_text_wrap\">\n\t\t<div class=\"\">\n<div class=\"\">\n<div class=\"\">\n<div class=\"\">\n<h5>Ihre Kompetenzen nach erfolgreicher Modulpr\u00fcfung<\/h5>\n<\/div>\n<\/div>\n<\/div>\n<\/div>\n<p>Die wesentlichen staatlichen Verh\u00e4ltnisse der Schweiz beschreiben und einfache wirtschaftliche Zusammenh\u00e4nge erkl\u00e4ren. Im Weiteren zeigen sie den \u00dcberblick \u00fcber das Normenwerk und die wichtigsten SIA \u2013 Normen f\u00fcr die Geomatikbranche auf. Sie beschreiben das Vorgehen beim Aufbau eines Qualit\u00e4tsmanagement-Systems und wenden im Bereich der Arbeitssicherheit wichtige Punkte bedarfsgerecht an und setzen diese um. Durch \u201egelebte\u201c Kundenorientierung entwickeln sie Wettbewerbsvorteile und analysieren eigene Kundenorientierungen. Sie beschreiben Methoden, Instrumente und Modalit\u00e4ten des Projektmanagements und setzen diese zweckdienlich um.<\/p>\n<h4>MODULUMFANG<\/h4>\n<h5>Unterrichtszeit<\/h5>\n<p>84 Lektionen<\/p>\n<h4>VORAUSSETZUNGEN<\/h4>\n<h5>Keine<\/h5>\n<h4>KURSE, INHALTE UND LERNZIELE<\/h4>\n<h5><a href=\"https:\/\/geo-education.ch\/?page_id=3414&amp;lang=de\">Normen<\/a><\/h5>\n<h5><a href=\"https:\/\/geo-education.ch\/?page_id=3418&amp;lang=de\">Staat und Wirtschaft<\/a><\/h5>\n<h5><a href=\"https:\/\/geo-education.ch\/?page_id=3422&amp;lang=de\">Qualit\u00e4tsmanagement<\/a><\/h5>\n<h5><a href=\"https:\/\/geo-education.ch\/?page_id=3427&amp;lang=de\">Kunden<\/a><\/h5>\n<h5><a href=\"https:\/\/geo-education.ch\/?page_id=3429&amp;lang=de\">Projektmanagement<\/a><\/h5>\n<h4>MODULKOSTEN (ALLE KURSE UND MODULPR\u00dcFUNG)<\/h4>\n<p>CHF 2\u2019100 .-<\/p>\t    <\/div>\n\t<\/div>\n\n    <\/div>\n    <!-- \/module feature -->\n\t        <\/div>\n\t    \t<\/div>\n\t\t    <\/div>\n\t    <!-- \/row_inner -->\n\t<\/div>\n\t<!-- \/module_row -->\n\t\t<!-- module_row -->\n\t<div  class=\"themify_builder_row module_row clearfix module_row_1 themify_builder_3339_row module_row_3339-1 tb_34ed39e\">\n\t    \t    <div class=\"row_inner col_align_top\" >\n\t\t\t<div  class=\"module_column tb-column col-full first tb_3339_column module_column_0 module_column_3339-1-0 tb_e932513\">\n\t    \t    \t        <div class=\"tb-column-inner\">\n\t\t        <!-- module buttons -->\n    <div  class=\"module module-buttons tb_457f59f xlarge solid squared  \">\n\t        \t<div class=\"module-buttons\">\n                            <div class=\"module-buttons-item buttons-fullwidth \">\n\t\t    \t\t\t<a href=\"https:\/\/geo-education.ch\/?tribe_events_cat=modul-geschaeftsprozesse-o3\" class=\"ui builder_button tb_default_color\" target=\"_blank\" rel=\"noopener\">\n\t\t    \t\t    \t\t\t<span>N\u00e4chste Kursdaten und Online-Registrierung<\/span>\n\t\t    \t\t    \t\t\t<\/a>\n\t\t                    <\/div>\n                    <\/div>\n    <\/div>\n    <!-- \/module buttons -->\n\t        <\/div>\n\t    \t<\/div>\n\t\t    <\/div>\n\t    <!-- \/row_inner -->\n\t<\/div>\n\t<!-- \/module_row -->\n\t<\/div>\n\n\n","protected":false},"excerpt":{"rendered":"<p>Ihre Kompetenzen nach erfolgreicher Modulpr\u00fcfung Die wesentlichen staatlichen Verh\u00e4ltnisse der Schweiz beschreiben und einfache wirtschaftliche Zusammenh\u00e4nge erkl\u00e4ren. Im Weiteren zeigen sie den \u00dcberblick \u00fcber das Normenwerk und die wichtigsten SIA [&hellip;]<\/p>\n","protected":false},"author":2,"featured_media":0,"parent":3305,"menu_order":2,"comment_status":"closed","ping_status":"closed","template":"","meta":{"_price":"","_stock":"","_tribe_ticket_header":"","_tribe_default_ticket_provider":"","_tribe_ticket_capacity":"0","_ticket_start_date":"","_ticket_end_date":"","_tribe_ticket_show_description":"","_tribe_ticket_show_not_going":false,"_tribe_ticket_use_global_stock":"","_tribe_ticket_global_stock_level":"","_global_stock_mode":"","_global_stock_cap":"","_tribe_rsvp_for_event":"","_tribe_ticket_going_count":"","_tribe_ticket_not_going_count":"","_tribe_tickets_list":"[]","_tribe_ticket_has_attendee_info_fields":false,"footnotes":""},"class_list":["post-3339","page","type-page","status-publish","hentry","has-post-title","has-post-date","has-post-category","has-post-tag","has-post-comment","has-post-author",""],"_links":{"self":[{"href":"https:\/\/geo-education.ch\/index.php?rest_route=\/wp\/v2\/pages\/3339","targetHints":{"allow":["GET"]}}],"collection":[{"href":"https:\/\/geo-education.ch\/index.php?rest_route=\/wp\/v2\/pages"}],"about":[{"href":"https:\/\/geo-education.ch\/index.php?rest_route=\/wp\/v2\/types\/page"}],"author":[{"embeddable":true,"href":"https:\/\/geo-education.ch\/index.php?rest_route=\/wp\/v2\/users\/2"}],"replies":[{"embeddable":true,"href":"https:\/\/geo-education.ch\/index.php?rest_route=%2Fwp%2Fv2%2Fcomments&post=3339"}],"version-history":[{"count":21,"href":"https:\/\/geo-education.ch\/index.php?rest_route=\/wp\/v2\/pages\/3339\/revisions"}],"predecessor-version":[{"id":17370,"href":"https:\/\/geo-education.ch\/index.php?rest_route=\/wp\/v2\/pages\/3339\/revisions\/17370"}],"up":[{"embeddable":true,"href":"https:\/\/geo-education.ch\/index.php?rest_route=\/wp\/v2\/pages\/3305"}],"wp:attachment":[{"href":"https:\/\/geo-education.ch\/index.php?rest_route=%2Fwp%2Fv2%2Fmedia&parent=3339"}],"curies":[{"name":"wp","href":"https:\/\/api.w.org\/{rel}","templated":true}]}}