{"id":3358,"date":"2018-08-22T14:38:16","date_gmt":"2018-08-22T12:38:16","guid":{"rendered":"http:\/\/geo-education.ch\/?page_id=3358"},"modified":"2020-07-12T13:35:10","modified_gmt":"2020-07-12T11:35:10","slug":"s2-sit-systemes","status":"publish","type":"page","link":"https:\/\/geo-education.ch\/?page_id=3358","title":{"rendered":"Modul F2 GIS-Systeme"},"content":{"rendered":"<div id=\"themify_builder_content-3358\" data-postid=\"3358\" class=\"themify_builder_content themify_builder_content-3358 themify_builder\">\n    \t<!-- module_row -->\n\t<div  class=\"themify_builder_row module_row clearfix module_row_0 themify_builder_3358_row module_row_3358-0 tb_db83c2e\">\n\t    \t    <div class=\"row_inner col_align_top\" >\n\t\t\t<div  class=\"module_column tb-column col-full first tb_3358_column module_column_0 module_column_3358-0-0 tb_18330f8\">\n\t    \t    \t        <div class=\"tb-column-inner\">\n\t\t        <!-- module feature -->\n   <div  class=\"module module-feature tb_70a0b0f with-chart with-overlay-image layout-icon-left size-custom  \">\n        <style type=\"text\/css\">.tb_70a0b0f .module-feature-chart-html5 {\n\t\t\t    box-shadow: inset 0 0 0 3px rgba(0,0,0,.1);\n\t\t\t}\n\t\t\t.tb_70a0b0f .chart-loaded.chart-html5-fill {\n\t\t\t    box-shadow: inset 0 0 0 3px #de5d5d;\n\t\t    }<\/style>\n        \n        <div class=\"module-feature-image\">\n            <img loading=\"lazy\" decoding=\"async\" width=\"287\" height=\"292\" src=\"https:\/\/geo-education.ch\/wp-content\/uploads\/2018\/08\/S2.png\" class=\" wp-post-image wp-image-556\" title=\"S2\" alt=\"S2\" srcset=\"https:\/\/geo-education.ch\/wp-content\/uploads\/2018\/08\/S2.png 287w, https:\/\/geo-education.ch\/wp-content\/uploads\/2018\/08\/S2-256x260.png 256w, https:\/\/geo-education.ch\/wp-content\/uploads\/2018\/08\/S2-978x995.png 978w\" sizes=\"auto, (max-width: 287px) 100vw, 287px\" \/>\n            \n                <div class=\"module-feature-chart-html5\"\n                                         data-progress=\"0\"\n                         data-progress-end=\"100\"\n                         data-size=\"\"\n                                          >\n                    <div class=\"chart-html5-circle\">\n                                                    <div class=\"chart-html5-mask chart-html5-full\">\n                                <div class=\"chart-html5-fill\"><\/div>\n                            <\/div>\n                            <div class=\"chart-html5-mask chart-html5-half\">\n                                <div class=\"chart-html5-fill\"><\/div>\n                            <\/div>\n                                                <div class=\"chart-html5-inset chart-html5-inset-icon\">\n\n                                                                                            <i class=\"module-feature-icon fa fa-home\" style=\"color: #000\"><\/i>                            \n                        <\/div>\n                    <\/div>\n                <\/div>\n\n                        <\/div>\n\n        <div class=\"module-feature-content\">\n\t\t\t\t    <div class=\"tb_text_wrap\">\n\t\t<h5>Ihre Kompetenzen nach erfolgreicher Modulpr\u00fcfung<\/h5>\n<p>Kennen den Begriff Mobile-GIS und erkl\u00e4ren die damit in Zusammenhang stehenden Komponenten und k\u00f6nnen Systemarchitektur, Schnittstellen und Systeme erl\u00e4utern. Sie planen den Einsatz eines Mobilen GIS nach Sinn und Zweck und k\u00f6nnen Anforderungen an ein solches System beschreiben und kennen aktuelle Technologien.<\/p>\n<p>Im Weiteren kennen sie die Anspr\u00fcche eines NIS und kennen die Komponenten und Anforderungen eines Werksinformationssystems nach SIA405.<\/p>\n<p>Anhand des Teils Web-GIS kennen sie die Technologien und Produkte, nennen wichtige Kartendienste und Datenformate und kennen die API und Frameworks aber auch der Einsatzgebiete und Grenzen von WebGIS.<\/p>\n<h4>MODULUMFANG<\/h4>\n<h5>Unterrichtszeit<\/h5>\n<p>56 Lektionen<\/p>\n<h5>Lernzeit<\/h5>\n<p>34 Lektionen<\/p>\n<h4>VORAUSSETZUNGEN<\/h4>\n<p>GIS Basiskenntnisse<\/p>\n<h4>KURSE, INHALTE UND LERNZIELE<\/h4>\n<h5><a href=\"https:\/\/geo-education.ch\/?page_id=3467&amp;lang=de\">F2a Web-GIS<\/a><\/h5>\n<h5><a href=\"https:\/\/geo-education.ch\/?page_id=3480&amp;lang=de\">F2b Web Praxis<\/a><\/h5>\n<h5><a href=\"https:\/\/geo-education.ch\/?page_id=3476&amp;lang=de\">F2c Netzinformationssysteme<\/a><\/h5>\n<h4>MODULKOSTEN (ALLE KURSE UND MODULPR\u00dcFUNG)<\/h4>\n<p>CHF 1\u2019800 .-<\/p>\n<div id=\"themify_builder_content-3358\" class=\"themify_builder_content themify_builder_content-3358 themify_builder\" data-postid=\"3358\">\u00a0<\/div>\t    <\/div>\n\t<\/div>\n\n    <\/div>\n    <!-- \/module feature -->\n\t        <\/div>\n\t    \t<\/div>\n\t\t    <\/div>\n\t    <!-- \/row_inner -->\n\t<\/div>\n\t<!-- \/module_row -->\n\t\t<!-- module_row -->\n\t<div  class=\"themify_builder_row module_row clearfix module_row_1 themify_builder_3358_row module_row_3358-1 tb_34ed39e\">\n\t    \t    <div class=\"row_inner col_align_top\" >\n\t\t\t<div  class=\"module_column tb-column col-full first tb_3358_column module_column_0 module_column_3358-1-0 tb_e932513\">\n\t    \t    \t        <div class=\"tb-column-inner\">\n\t\t        <!-- module buttons -->\n    <div  class=\"module module-buttons tb_457f59f xlarge solid squared  \">\n\t        \t<div class=\"module-buttons\">\n                            <div class=\"module-buttons-item buttons-fullwidth \">\n\t\t    \t\t\t<a href=\"https:\/\/geo-education.ch\/?tribe_events_cat=modul-gis-systeme-f2\" class=\"ui builder_button tb_default_color\" target=\"_blank\" rel=\"noopener\">\n\t\t    \t\t    \t\t\t<span>N\u00e4chste Kursdaten und Online-Registrierung<\/span>\n\t\t    \t\t    \t\t\t<\/a>\n\t\t                    <\/div>\n                    <\/div>\n    <\/div>\n    <!-- \/module buttons -->\n\t        <\/div>\n\t    \t<\/div>\n\t\t    <\/div>\n\t    <!-- \/row_inner -->\n\t<\/div>\n\t<!-- \/module_row -->\n\t<\/div>\n\n\n","protected":false},"excerpt":{"rendered":"<p>Ihre Kompetenzen nach erfolgreicher Modulpr\u00fcfung Kennen den Begriff Mobile-GIS und erkl\u00e4ren die damit in Zusammenhang stehenden Komponenten und k\u00f6nnen Systemarchitektur, Schnittstellen und Systeme erl\u00e4utern. Sie planen den Einsatz eines Mobilen [&hellip;]<\/p>\n","protected":false},"author":2,"featured_media":0,"parent":3317,"menu_order":1,"comment_status":"closed","ping_status":"closed","template":"","meta":{"_price":"","_stock":"","_tribe_ticket_header":"","_tribe_default_ticket_provider":"","_tribe_ticket_capacity":"0","_ticket_start_date":"","_ticket_end_date":"","_tribe_ticket_show_description":"","_tribe_ticket_show_not_going":false,"_tribe_ticket_use_global_stock":"","_tribe_ticket_global_stock_level":"","_global_stock_mode":"","_global_stock_cap":"","_tribe_rsvp_for_event":"","_tribe_ticket_going_count":"","_tribe_ticket_not_going_count":"","_tribe_tickets_list":"[]","_tribe_ticket_has_attendee_info_fields":false,"footnotes":""},"class_list":["post-3358","page","type-page","status-publish","hentry","has-post-title","has-post-date","has-post-category","has-post-tag","has-post-comment","has-post-author",""],"_links":{"self":[{"href":"https:\/\/geo-education.ch\/index.php?rest_route=\/wp\/v2\/pages\/3358","targetHints":{"allow":["GET"]}}],"collection":[{"href":"https:\/\/geo-education.ch\/index.php?rest_route=\/wp\/v2\/pages"}],"about":[{"href":"https:\/\/geo-education.ch\/index.php?rest_route=\/wp\/v2\/types\/page"}],"author":[{"embeddable":true,"href":"https:\/\/geo-education.ch\/index.php?rest_route=\/wp\/v2\/users\/2"}],"replies":[{"embeddable":true,"href":"https:\/\/geo-education.ch\/index.php?rest_route=%2Fwp%2Fv2%2Fcomments&post=3358"}],"version-history":[{"count":31,"href":"https:\/\/geo-education.ch\/index.php?rest_route=\/wp\/v2\/pages\/3358\/revisions"}],"predecessor-version":[{"id":12325,"href":"https:\/\/geo-education.ch\/index.php?rest_route=\/wp\/v2\/pages\/3358\/revisions\/12325"}],"up":[{"embeddable":true,"href":"https:\/\/geo-education.ch\/index.php?rest_route=\/wp\/v2\/pages\/3317"}],"wp:attachment":[{"href":"https:\/\/geo-education.ch\/index.php?rest_route=%2Fwp%2Fv2%2Fmedia&parent=3358"}],"curies":[{"name":"wp","href":"https:\/\/api.w.org\/{rel}","templated":true}]}}