{"id":3371,"date":"2018-08-22T14:45:51","date_gmt":"2018-08-22T12:45:51","guid":{"rendered":"http:\/\/geo-education.ch\/?page_id=3371"},"modified":"2026-02-17T15:43:43","modified_gmt":"2026-02-17T14:43:43","slug":"module-s5-geodonnees-3d","status":"publish","type":"page","link":"https:\/\/geo-education.ch\/?page_id=3371","title":{"rendered":"Modul S2 3D Geodaten"},"content":{"rendered":"<div id=\"themify_builder_content-3371\" data-postid=\"3371\" class=\"themify_builder_content themify_builder_content-3371 themify_builder\">\n    \t<!-- module_row -->\n\t<div  class=\"themify_builder_row module_row clearfix module_row_0 themify_builder_3371_row module_row_3371-0 tb_89183e8\">\n\t    \t    <div class=\"row_inner col_align_top\" >\n\t\t\t<div  class=\"module_column tb-column col-full first tb_3371_column module_column_0 module_column_3371-0-0 tb_7643c76\">\n\t    \t    \t        <div class=\"tb-column-inner\">\n\t\t        <!-- module feature -->\n   <div  class=\"module module-feature tb_7c1a0ca with-chart with-overlay-image layout-icon-left size-custom  \">\n        <style type=\"text\/css\">.tb_7c1a0ca .module-feature-chart-html5 {\n\t\t\t    box-shadow: inset 0 0 0 3px rgba(0,0,0,.1);\n\t\t\t}\n\t\t\t.tb_7c1a0ca .chart-loaded.chart-html5-fill {\n\t\t\t    box-shadow: inset 0 0 0 3px #de5d5d;\n\t\t    }<\/style>\n        \n        <div class=\"module-feature-image\">\n            <img loading=\"lazy\" decoding=\"async\" width=\"90\" height=\"90\" src=\"https:\/\/geo-education.ch\/wp-content\/uploads\/2018\/08\/S5.png\" class=\" wp-post-image wp-image-568\" title=\"S5\" alt=\"S5\" srcset=\"https:\/\/geo-education.ch\/wp-content\/uploads\/2018\/08\/S5.png 90w, https:\/\/geo-education.ch\/wp-content\/uploads\/2018\/08\/S5-256x256.png 256w, https:\/\/geo-education.ch\/wp-content\/uploads\/2018\/08\/S5-978x978.png 978w\" sizes=\"auto, (max-width: 90px) 100vw, 90px\" \/>\n            \n                <div class=\"module-feature-chart-html5\"\n                                         data-progress=\"0\"\n                         data-progress-end=\"100\"\n                         data-size=\"\"\n                                          >\n                    <div class=\"chart-html5-circle\">\n                                                    <div class=\"chart-html5-mask chart-html5-full\">\n                                <div class=\"chart-html5-fill\"><\/div>\n                            <\/div>\n                            <div class=\"chart-html5-mask chart-html5-half\">\n                                <div class=\"chart-html5-fill\"><\/div>\n                            <\/div>\n                                                <div class=\"chart-html5-inset chart-html5-inset-icon\">\n\n                                                                                            <i class=\"module-feature-icon fa fa-home\" style=\"color: #000\"><\/i>                            \n                        <\/div>\n                    <\/div>\n                <\/div>\n\n                        <\/div>\n\n        <div class=\"module-feature-content\">\n\t\t\t\t    <div class=\"tb_text_wrap\">\n\t\t<h5>Ihre Kompetenzen nach erfolgreicher Modulpr\u00fcfung<\/h5>\n<p class=\"p1\">Am Ende des Moduls 3D-Geodaten sind Sie in der Lage, anhand der erhaltenen Kenntnissen 3D-Projekte zu realisieren. Sie wissen Bescheid \u00fcber 3D-Erfassungstechniken zu klein- aber auch grossr\u00e4umigen Gebieten und k\u00f6nnen die ideale Methode f\u00fcr Ihre Projekte ableiten. Sie kennen Techniken, wie 3D-Daten erfasst, verwaltet, analysiert und an Dritte weitergegeben werden. Im Weiteren wissen Sie, wie die erfassten 3D-Daten anhand einfacher Darstellungsgrunds\u00e4tze korrekt visualisiert werden k\u00f6nnen.<\/p>\n<h4>MODULUMFANG<\/h4>\n<h5>Unterrichtszeit<\/h5>\n<p>72 Lektionen<\/p>\n<h4>VORAUSSETZUNGEN<\/h4>\n<p>Modulabschluss GIS-Basis, Erfassungstechnik oder ad\u00e4quate Kenntnisse oder Berufserfahrung im Bereich Geoinformatik, Geomatik, Planung (Bauvermessung, Ingenieurwesen, Raumplanung, \u2026)<\/p>\n<h4>KURSE, INHALTE UND LERNZIELE<\/h4>\n<h5><a href=\"https:\/\/geo-education.ch\/?page_id=3770&amp;lang=de\">3D-Geodatenerfassung<\/a><\/h5>\n<h5><a href=\"https:\/\/geo-education.ch\/?page_id=3778&amp;lang=de\">3D-Geodatenverwaltung<\/a><\/h5>\n<h5><a href=\"https:\/\/geo-education.ch\/?page_id=21040\">BIM-Datenmanagement<\/a><\/h5>\n<h5><a href=\"https:\/\/geo-education.ch\/?page_id=4824&amp;lang=de\">Additive Fertigung<\/a><\/h5>\n<h4>MODULKOSTEN (ALLE KURSE UND MODULPR\u00dcFUNG)<\/h4>\n<p>CHF 2\u2019200 .-<\/p>\t    <\/div>\n\t<\/div>\n\n    <\/div>\n    <!-- \/module feature -->\n\t        <\/div>\n\t    \t<\/div>\n\t\t    <\/div>\n\t    <!-- \/row_inner -->\n\t<\/div>\n\t<!-- \/module_row -->\n\t\t<!-- module_row -->\n\t<div  class=\"themify_builder_row module_row clearfix module_row_1 themify_builder_3371_row module_row_3371-1 tb_34ed39e\">\n\t    \t    <div class=\"row_inner col_align_top\" >\n\t\t\t<div  class=\"module_column tb-column col-full first tb_3371_column module_column_0 module_column_3371-1-0 tb_e932513\">\n\t    \t    \t        <div class=\"tb-column-inner\">\n\t\t        <!-- module buttons -->\n    <div  class=\"module module-buttons tb_457f59f xlarge solid squared  \">\n\t        \t<div class=\"module-buttons\">\n                            <div class=\"module-buttons-item buttons-fullwidth \">\n\t\t    \t\t\t<a href=\"https:\/\/geo-education.ch\/?tribe_events_cat=modul-3d-geodaten\" class=\"ui builder_button tb_default_color\" target=\"_blank\" rel=\"noopener\">\n\t\t    \t\t    \t\t\t<span>N\u00e4chste Kursdaten und Online-Registrierung<\/span>\n\t\t    \t\t    \t\t\t<\/a>\n\t\t                    <\/div>\n                    <\/div>\n    <\/div>\n    <!-- \/module buttons -->\n\t        <\/div>\n\t    \t<\/div>\n\t\t    <\/div>\n\t    <!-- \/row_inner -->\n\t<\/div>\n\t<!-- \/module_row -->\n\t<\/div>\n\n\n","protected":false},"excerpt":{"rendered":"<p>Ihre Kompetenzen nach erfolgreicher Modulpr\u00fcfung Am Ende des Moduls 3D-Geodaten sind Sie in der Lage, anhand der erhaltenen Kenntnissen 3D-Projekte zu realisieren. Sie wissen Bescheid \u00fcber 3D-Erfassungstechniken zu klein- aber [&hellip;]<\/p>\n","protected":false},"author":2,"featured_media":0,"parent":3317,"menu_order":4,"comment_status":"closed","ping_status":"closed","template":"","meta":{"_price":"","_stock":"","_tribe_ticket_header":"","_tribe_default_ticket_provider":"","_tribe_ticket_capacity":"0","_ticket_start_date":"","_ticket_end_date":"","_tribe_ticket_show_description":"","_tribe_ticket_show_not_going":false,"_tribe_ticket_use_global_stock":"","_tribe_ticket_global_stock_level":"","_global_stock_mode":"","_global_stock_cap":"","_tribe_rsvp_for_event":"","_tribe_ticket_going_count":"","_tribe_ticket_not_going_count":"","_tribe_tickets_list":"[]","_tribe_ticket_has_attendee_info_fields":false,"footnotes":""},"class_list":["post-3371","page","type-page","status-publish","hentry","has-post-title","has-post-date","has-post-category","has-post-tag","has-post-comment","has-post-author",""],"_links":{"self":[{"href":"https:\/\/geo-education.ch\/index.php?rest_route=\/wp\/v2\/pages\/3371","targetHints":{"allow":["GET"]}}],"collection":[{"href":"https:\/\/geo-education.ch\/index.php?rest_route=\/wp\/v2\/pages"}],"about":[{"href":"https:\/\/geo-education.ch\/index.php?rest_route=\/wp\/v2\/types\/page"}],"author":[{"embeddable":true,"href":"https:\/\/geo-education.ch\/index.php?rest_route=\/wp\/v2\/users\/2"}],"replies":[{"embeddable":true,"href":"https:\/\/geo-education.ch\/index.php?rest_route=%2Fwp%2Fv2%2Fcomments&post=3371"}],"version-history":[{"count":33,"href":"https:\/\/geo-education.ch\/index.php?rest_route=\/wp\/v2\/pages\/3371\/revisions"}],"predecessor-version":[{"id":25266,"href":"https:\/\/geo-education.ch\/index.php?rest_route=\/wp\/v2\/pages\/3371\/revisions\/25266"}],"up":[{"embeddable":true,"href":"https:\/\/geo-education.ch\/index.php?rest_route=\/wp\/v2\/pages\/3317"}],"wp:attachment":[{"href":"https:\/\/geo-education.ch\/index.php?rest_route=%2Fwp%2Fv2%2Fmedia&parent=3371"}],"curies":[{"name":"wp","href":"https:\/\/api.w.org\/{rel}","templated":true}]}}