{"id":3375,"date":"2018-08-22T14:47:17","date_gmt":"2018-08-22T12:47:17","guid":{"rendered":"http:\/\/geo-education.ch\/?page_id=3375"},"modified":"2023-01-29T15:24:13","modified_gmt":"2023-01-29T14:24:13","slug":"module-s6-methodes-de-saisie","status":"publish","type":"page","link":"https:\/\/geo-education.ch\/?page_id=3375","title":{"rendered":"Modul S6 Erfassungstechnik"},"content":{"rendered":"<div id=\"themify_builder_content-3375\" data-postid=\"3375\" class=\"themify_builder_content themify_builder_content-3375 themify_builder\">\n    \t<!-- module_row -->\n\t<div  class=\"themify_builder_row module_row clearfix module_row_0 themify_builder_3375_row module_row_3375-0 tb_c268f63\">\n\t    \t    <div class=\"row_inner col_align_top\" >\n\t\t\t<div  class=\"module_column tb-column col-full first tb_3375_column module_column_0 module_column_3375-0-0 tb_e43ecc3\">\n\t    \t    \t        <div class=\"tb-column-inner\">\n\t\t        <!-- module feature -->\n   <div  class=\"module module-feature tb_bca70d9 with-chart with-overlay-image layout-icon-left size-custom  \">\n        <style type=\"text\/css\">.tb_bca70d9 .module-feature-chart-html5 {\n\t\t\t    box-shadow: inset 0 0 0 3px rgba(0,0,0,.1);\n\t\t\t}\n\t\t\t.tb_bca70d9 .chart-loaded.chart-html5-fill {\n\t\t\t    box-shadow: inset 0 0 0 3px #de5d5d;\n\t\t    }<\/style>\n        \n        <div class=\"module-feature-image\">\n            <img loading=\"lazy\" decoding=\"async\" width=\"289\" height=\"292\" src=\"https:\/\/geo-education.ch\/wp-content\/uploads\/2018\/08\/S6.png\" class=\" wp-post-image wp-image-572\" title=\"S6\" alt=\"S6\" srcset=\"https:\/\/geo-education.ch\/wp-content\/uploads\/2018\/08\/S6.png 289w, https:\/\/geo-education.ch\/wp-content\/uploads\/2018\/08\/S6-256x258.png 256w, https:\/\/geo-education.ch\/wp-content\/uploads\/2018\/08\/S6-978x988.png 978w\" sizes=\"auto, (max-width: 289px) 100vw, 289px\" \/>\n            \n                <div class=\"module-feature-chart-html5\"\n                                         data-progress=\"0\"\n                         data-progress-end=\"100\"\n                         data-size=\"\"\n                                          >\n                    <div class=\"chart-html5-circle\">\n                                                    <div class=\"chart-html5-mask chart-html5-full\">\n                                <div class=\"chart-html5-fill\"><\/div>\n                            <\/div>\n                            <div class=\"chart-html5-mask chart-html5-half\">\n                                <div class=\"chart-html5-fill\"><\/div>\n                            <\/div>\n                                                <div class=\"chart-html5-inset chart-html5-inset-icon\">\n\n                                                                                            <i class=\"module-feature-icon fa fa-home\" style=\"color: #000\"><\/i>                            \n                        <\/div>\n                    <\/div>\n                <\/div>\n\n                        <\/div>\n\n        <div class=\"module-feature-content\">\n\t\t\t\t    <div class=\"tb_text_wrap\">\n\t\t<h5>Ihre Kompetenzen nach erfolgreicher Modulpr\u00fcfung<\/h5>\n<p>Sie wenden die Pr\u00fcfung und Justierung der heutigen Felderfassungsger\u00e4te an und beschreiben die Funktionalit\u00e4ten und Genauigkeiten der g\u00e4ngigen Instrumente f\u00fcr die Geodatenerfassung. Sie unterscheiden Anwendungsgebiete der verschiedenen Erfassungsger\u00e4te und beschreiben Messger\u00e4te f\u00fcr die Ingenieurvermessung. Im Weiteren verstehen sie das Grundprinzip der digitalen Photogrammetrie und wenden diese Technik ansatzweise an. Sie nennen die Einsatzgebiete der digitalen Photogrammetrie nennen und setzen Photogrammetrische Projekte in Zusammenarbeit mit einer Photogrammetrie-Fachperson um.<\/p>\n<h4>MODULUMFANG<\/h4>\n<h5>Unterrichtszeit<\/h5>\n<p>56 Lektionen<\/p>\n<h4>VORAUSSETZUNGEN<\/h4>\n<ul>\n<li>Grundkenntnisse Fehlertheorie, Messunsicherheiten sind empfehlenswert<\/li>\n<li>GIS-Grundlagenkenntnisse<\/li>\n<\/ul>\n<h4>KURSE, INHALTE UND LERNZIELE<\/h4>\n<h5><a href=\"https:\/\/geo-education.ch\/?page_id=3786&amp;lang=de\">Digitale Photogrammetrie<\/a><\/h5>\n<h5><a href=\"https:\/\/geo-education.ch\/?page_id=3790&amp;lang=de\">Messtechnik<\/a><\/h5>\n<h4>MODULKOSTEN (ALLE KURSE UND MODULPR\u00dcFUNG)<\/h4>\n<p>CHF 2\u2019100 .-<\/p>\t    <\/div>\n\t<\/div>\n\n    <\/div>\n    <!-- \/module feature -->\n\t        <\/div>\n\t    \t<\/div>\n\t\t    <\/div>\n\t    <!-- \/row_inner -->\n\t<\/div>\n\t<!-- \/module_row -->\n\t\t<!-- module_row -->\n\t<div  class=\"themify_builder_row module_row clearfix module_row_1 themify_builder_3375_row module_row_3375-1 tb_34ed39e\">\n\t    \t    <div class=\"row_inner col_align_top\" >\n\t\t\t<div  class=\"module_column tb-column col-full first tb_3375_column module_column_0 module_column_3375-1-0 tb_e932513\">\n\t    \t    \t        <div class=\"tb-column-inner\">\n\t\t        <!-- module buttons -->\n    <div  class=\"module module-buttons tb_457f59f xlarge solid squared  \">\n\t        \t<div class=\"module-buttons\">\n                            <div class=\"module-buttons-item buttons-fullwidth \">\n\t\t    \t\t\t<a href=\"https:\/\/geo-education.ch\/?tribe_events_cat=modul-erfassungstechnik-f6\" class=\"ui builder_button tb_default_color\" target=\"_blank\" rel=\"noopener\">\n\t\t    \t\t    \t\t\t<span>N\u00e4chste Kursdaten und Online-Registrierung<\/span>\n\t\t    \t\t    \t\t\t<\/a>\n\t\t                    <\/div>\n                    <\/div>\n    <\/div>\n    <!-- \/module buttons -->\n\t        <\/div>\n\t    \t<\/div>\n\t\t    <\/div>\n\t    <!-- \/row_inner -->\n\t<\/div>\n\t<!-- \/module_row -->\n\t<\/div>\n\n\n","protected":false},"excerpt":{"rendered":"<p>Ihre Kompetenzen nach erfolgreicher Modulpr\u00fcfung Sie wenden die Pr\u00fcfung und Justierung der heutigen Felderfassungsger\u00e4te an und beschreiben die Funktionalit\u00e4ten und Genauigkeiten der g\u00e4ngigen Instrumente f\u00fcr die Geodatenerfassung. Sie unterscheiden Anwendungsgebiete [&hellip;]<\/p>\n","protected":false},"author":2,"featured_media":0,"parent":3317,"menu_order":5,"comment_status":"closed","ping_status":"closed","template":"","meta":{"_price":"","_stock":"","_tribe_ticket_header":"","_tribe_default_ticket_provider":"","_tribe_ticket_capacity":"0","_ticket_start_date":"","_ticket_end_date":"","_tribe_ticket_show_description":"","_tribe_ticket_show_not_going":false,"_tribe_ticket_use_global_stock":"","_tribe_ticket_global_stock_level":"","_global_stock_mode":"","_global_stock_cap":"","_tribe_rsvp_for_event":"","_tribe_ticket_going_count":"","_tribe_ticket_not_going_count":"","_tribe_tickets_list":"[]","_tribe_ticket_has_attendee_info_fields":false,"footnotes":""},"class_list":["post-3375","page","type-page","status-publish","hentry","has-post-title","has-post-date","has-post-category","has-post-tag","has-post-comment","has-post-author",""],"_links":{"self":[{"href":"https:\/\/geo-education.ch\/index.php?rest_route=\/wp\/v2\/pages\/3375","targetHints":{"allow":["GET"]}}],"collection":[{"href":"https:\/\/geo-education.ch\/index.php?rest_route=\/wp\/v2\/pages"}],"about":[{"href":"https:\/\/geo-education.ch\/index.php?rest_route=\/wp\/v2\/types\/page"}],"author":[{"embeddable":true,"href":"https:\/\/geo-education.ch\/index.php?rest_route=\/wp\/v2\/users\/2"}],"replies":[{"embeddable":true,"href":"https:\/\/geo-education.ch\/index.php?rest_route=%2Fwp%2Fv2%2Fcomments&post=3375"}],"version-history":[{"count":19,"href":"https:\/\/geo-education.ch\/index.php?rest_route=\/wp\/v2\/pages\/3375\/revisions"}],"predecessor-version":[{"id":17216,"href":"https:\/\/geo-education.ch\/index.php?rest_route=\/wp\/v2\/pages\/3375\/revisions\/17216"}],"up":[{"embeddable":true,"href":"https:\/\/geo-education.ch\/index.php?rest_route=\/wp\/v2\/pages\/3317"}],"wp:attachment":[{"href":"https:\/\/geo-education.ch\/index.php?rest_route=%2Fwp%2Fv2%2Fmedia&parent=3375"}],"curies":[{"name":"wp","href":"https:\/\/api.w.org\/{rel}","templated":true}]}}