{"id":3387,"date":"2018-08-22T14:50:47","date_gmt":"2018-08-22T12:50:47","guid":{"rendered":"http:\/\/geo-education.ch\/?page_id=3387"},"modified":"2023-01-29T15:11:48","modified_gmt":"2023-01-29T14:11:48","slug":"module-s9-geomatique-construction","status":"publish","type":"page","link":"https:\/\/geo-education.ch\/?page_id=3387","title":{"rendered":"Modul S4 Geomatik im Bauwesen"},"content":{"rendered":"<div id=\"themify_builder_content-3387\" data-postid=\"3387\" class=\"themify_builder_content themify_builder_content-3387 themify_builder\">\n    \t<!-- module_row -->\n\t<div  class=\"themify_builder_row module_row clearfix module_row_0 themify_builder_3387_row module_row_3387-0 tb_f666b73\">\n\t    \t    <div class=\"row_inner col_align_top\" >\n\t\t\t<div  class=\"module_column tb-column col-full first tb_3387_column module_column_0 module_column_3387-0-0 tb_0d02ffe\">\n\t    \t    \t        <div class=\"tb-column-inner\">\n\t\t        <!-- module feature -->\n   <div  class=\"module module-feature tb_86a58ea with-chart with-overlay-image layout-icon-left size-custom  \">\n        <style type=\"text\/css\">.tb_86a58ea .module-feature-chart-html5 {\n\t\t\t    box-shadow: inset 0 0 0 3px rgba(0,0,0,.1);\n\t\t\t}\n\t\t\t.tb_86a58ea .chart-loaded.chart-html5-fill {\n\t\t\t    box-shadow: inset 0 0 0 3px #de5d5d;\n\t\t    }<\/style>\n        \n        <div class=\"module-feature-image\">\n            <img loading=\"lazy\" decoding=\"async\" width=\"290\" height=\"315\" src=\"https:\/\/geo-education.ch\/wp-content\/uploads\/2018\/08\/S9.png\" class=\" wp-post-image wp-image-584\" title=\"S9\" alt=\"S9\" srcset=\"https:\/\/geo-education.ch\/wp-content\/uploads\/2018\/08\/S9.png 290w, https:\/\/geo-education.ch\/wp-content\/uploads\/2018\/08\/S9-276x300.png 276w, https:\/\/geo-education.ch\/wp-content\/uploads\/2018\/08\/S9-256x278.png 256w, https:\/\/geo-education.ch\/wp-content\/uploads\/2018\/08\/S9-978x1062.png 978w\" sizes=\"auto, (max-width: 290px) 100vw, 290px\" \/>\n            \n                <div class=\"module-feature-chart-html5\"\n                                         data-progress=\"0\"\n                         data-progress-end=\"100\"\n                         data-size=\"\"\n                                          >\n                    <div class=\"chart-html5-circle\">\n                                                    <div class=\"chart-html5-mask chart-html5-full\">\n                                <div class=\"chart-html5-fill\"><\/div>\n                            <\/div>\n                            <div class=\"chart-html5-mask chart-html5-half\">\n                                <div class=\"chart-html5-fill\"><\/div>\n                            <\/div>\n                                                <div class=\"chart-html5-inset chart-html5-inset-icon\">\n\n                                                                                            <i class=\"module-feature-icon fa fa-home\" style=\"color: #000\"><\/i>                            \n                        <\/div>\n                    <\/div>\n                <\/div>\n\n                        <\/div>\n\n        <div class=\"module-feature-content\">\n\t\t\t\t    <div class=\"tb_text_wrap\">\n\t\t<h5>Ihre Kompetenzen nach erfolgreicher Modulpr\u00fcfung<\/h5>\n<p>Am Ende des Moduls sind die Absolventinnen und Absolventen in der Lage, Vermessungsauftr\u00e4ge im Bauwesen anhand effizienter L\u00f6sungsans\u00e4tze abzuwickeln. Im Weiteren werden die mathematischen Fertigkeiten erweitert und mit einer Einf\u00fchrung in die statistische Methodenlehre erg\u00e4nzt.<\/p>\n<h5>Lernziele<\/h5>\n<ul>\n<li>Mathematische Kenntnisse anwenden und umsetzen<\/li>\n<li>Aufgaben aus den verschiedenen Gebieten der Bauvermessung und der einfachen Ingenieurvermessung umsetzen<\/li>\n<li>Aufgaben in der h\u00f6heren Ingenieurvermessung anhand von aktuellen Projekten vergleichen und auf eigene Vermessungsvorhaben \u00fcbertragen<\/li>\n<\/ul>\n<h4>MODULUMFANG<\/h4>\n<h5>Unterrichtszeit<\/h5>\n<p>72 Lektionen<\/p>\n<h4>VORAUSSETZUNGEN<\/h4>\n<p>Modul Erfassungstechnik und Fixpunkte empfehlenswert oder ad\u00e4quate Kenntnisse<\/p>\n<h4>KURSE, INHALTE UND LERNZIELE<\/h4>\n<h5><a href=\"https:\/\/geo-education.ch\/?page_id=3812&amp;lang=de\">Technisches Rechnen<\/a><\/h5>\n<h5><a href=\"https:\/\/geo-education.ch\/?page_id=3821&amp;lang=de\">Bauvermessung und BIM<\/a><\/h5>\n<h5><a href=\"https:\/\/geo-education.ch\/?page_id=3816&amp;lang=de\">Ingenieurvermessung<\/a><\/h5>\n<h5><a href=\"https:\/\/geo-education.ch\/?page_id=3810&amp;lang=de\">Werkleitungskataster<\/a><\/h5>\n<h4>MODULKOSTEN (ALLE KURSE UND MODULPR\u00dcFUNG)<\/h4>\n<p>CHF 2\u2019200 .-<\/p>\n<div id=\"themify_builder_content-3387\" class=\"themify_builder_content themify_builder_content-3387 themify_builder ui-sortable\" data-postid=\"3387\">\n<div class=\"themify_builder_row module_row clearfix tb_element_cid_c2 tb_row_empty col-count-1 themify_builder_3387_row module_row_0\" data-cid=\"c2\">\n<div class=\"page-break-overlay\">\u00a0<\/div>\n<div class=\"row_inner col-count-1\" data-basecol=\"1\">\n<div class=\"module_column tb-column tb_element_cid_c7 col-full module_column_0 tb_3387_column\" data-cid=\"c7\" data-id=\"0d02ffe\">\u00a0<\/div>\n<\/div>\n<\/div>\n<\/div>\t    <\/div>\n\t<\/div>\n\n    <\/div>\n    <!-- \/module feature -->\n\t        <\/div>\n\t    \t<\/div>\n\t\t    <\/div>\n\t    <!-- \/row_inner -->\n\t<\/div>\n\t<!-- \/module_row -->\n\t\t<!-- module_row -->\n\t<div  class=\"themify_builder_row module_row clearfix module_row_2 themify_builder_3387_row module_row_3387-2 tb_34ed39e\">\n\t    \t    <div class=\"row_inner col_align_top\" >\n\t\t\t<div  class=\"module_column tb-column col-full first tb_3387_column module_column_0 module_column_3387-2-0 tb_e932513\">\n\t    \t    \t        <div class=\"tb-column-inner\">\n\t\t        <!-- module buttons -->\n    <div  class=\"module module-buttons tb_457f59f xlarge solid squared  \">\n\t        \t<div class=\"module-buttons\">\n                            <div class=\"module-buttons-item buttons-fullwidth \">\n\t\t    \t\t\t<a href=\"https:\/\/geo-education.ch\/?tribe_events_cat=geomatik-im-bauwesen-f9\" class=\"ui builder_button tb_default_color\" target=\"_blank\" rel=\"noopener\">\n\t\t    \t\t    \t\t\t<span>N\u00e4chste Kursdaten und Online-Registrierung<\/span>\n\t\t    \t\t    \t\t\t<\/a>\n\t\t                    <\/div>\n                    <\/div>\n    <\/div>\n    <!-- \/module buttons -->\n\t        <\/div>\n\t    \t<\/div>\n\t\t    <\/div>\n\t    <!-- \/row_inner -->\n\t<\/div>\n\t<!-- \/module_row -->\n\t<\/div>\n\n\n","protected":false},"excerpt":{"rendered":"<p>Ihre Kompetenzen nach erfolgreicher Modulpr\u00fcfung Am Ende des Moduls sind die Absolventinnen und Absolventen in der Lage, Vermessungsauftr\u00e4ge im Bauwesen anhand effizienter L\u00f6sungsans\u00e4tze abzuwickeln. Im Weiteren werden die mathematischen Fertigkeiten [&hellip;]<\/p>\n","protected":false},"author":2,"featured_media":0,"parent":0,"menu_order":8,"comment_status":"closed","ping_status":"closed","template":"","meta":{"_price":"","_stock":"","_tribe_ticket_header":"","_tribe_default_ticket_provider":"","_tribe_ticket_capacity":"0","_ticket_start_date":"","_ticket_end_date":"","_tribe_ticket_show_description":"","_tribe_ticket_show_not_going":false,"_tribe_ticket_use_global_stock":"","_tribe_ticket_global_stock_level":"","_global_stock_mode":"","_global_stock_cap":"","_tribe_rsvp_for_event":"","_tribe_ticket_going_count":"","_tribe_ticket_not_going_count":"","_tribe_tickets_list":"[]","_tribe_ticket_has_attendee_info_fields":false,"footnotes":""},"class_list":["post-3387","page","type-page","status-publish","hentry","has-post-title","has-post-date","has-post-category","has-post-tag","has-post-comment","has-post-author",""],"_links":{"self":[{"href":"https:\/\/geo-education.ch\/index.php?rest_route=\/wp\/v2\/pages\/3387","targetHints":{"allow":["GET"]}}],"collection":[{"href":"https:\/\/geo-education.ch\/index.php?rest_route=\/wp\/v2\/pages"}],"about":[{"href":"https:\/\/geo-education.ch\/index.php?rest_route=\/wp\/v2\/types\/page"}],"author":[{"embeddable":true,"href":"https:\/\/geo-education.ch\/index.php?rest_route=\/wp\/v2\/users\/2"}],"replies":[{"embeddable":true,"href":"https:\/\/geo-education.ch\/index.php?rest_route=%2Fwp%2Fv2%2Fcomments&post=3387"}],"version-history":[{"count":23,"href":"https:\/\/geo-education.ch\/index.php?rest_route=\/wp\/v2\/pages\/3387\/revisions"}],"predecessor-version":[{"id":17195,"href":"https:\/\/geo-education.ch\/index.php?rest_route=\/wp\/v2\/pages\/3387\/revisions\/17195"}],"wp:attachment":[{"href":"https:\/\/geo-education.ch\/index.php?rest_route=%2Fwp%2Fv2%2Fmedia&parent=3387"}],"curies":[{"name":"wp","href":"https:\/\/api.w.org\/{rel}","templated":true}]}}