{"id":3398,"date":"2018-08-21T17:46:48","date_gmt":"2018-08-21T15:46:48","guid":{"rendered":"http:\/\/geo-education.ch\/?page_id=3398"},"modified":"2023-02-25T18:21:30","modified_gmt":"2023-02-25T17:21:30","slug":"b1b-formation-des-apprentis","status":"publish","type":"page","link":"https:\/\/geo-education.ch\/?page_id=3398","title":{"rendered":"Berufsbildnerkurs"},"content":{"rendered":"<h4>Beschreibung<\/h4>\n<p>Lernenden, die beruflichen und sozialen F\u00e4higkeiten im Betrieb vermitteln.<\/p>\n<h4>Voraussetzungen<\/h4>\n<p>F\u00fcr den gesamtschweizerisch anerkannten Berufsbildner-Kursausweis:<br \/>\nGrundbildung mit EFZ, zweij\u00e4hrige Praxis im Lehrgebiet<\/p>\n<h4>Ziel<\/h4>\n<p>F\u00fchrungs- und Ausbildungstechniken im Umgang mit Lernenden in der Praxis anwenden<\/p>\n<p>Sie sind in der Lage:<\/p>\n<ul>\n<li>Ausbildung in Relation zu den betrieblichen Ressourcen umzusetzen<\/li>\n<li>Erreichte F\u00e4higkeiten der Lernenden zu beurteilen<\/li>\n<li>Ziele individuell darauf aufbauend zu bestimmen<\/li>\n<li>Berufliches Wissen und K\u00f6nnen zu vermitteln<\/li>\n<\/ul>\n<h4>Inhalt<\/h4>\n<ul>\n<li>Grundlagen der Berufsbildung<\/li>\n<li>Rechtliche Grundlagen des Lehrverh\u00e4ltnisses<\/li>\n<li>Entwicklung von Jugendlichen<\/li>\n<li>F\u00fchrung von jungen Personen<\/li>\n<li>Gesundheitsf\u00f6rderung \/ Suchtpr\u00e4vention<\/li>\n<li>Ausbildungsplanung<\/li>\n<li>Lehren und Lernen im Betrieb<\/li>\n<li>Qualifikation von Lernenden<\/li>\n<li>Bildungsverordnung, Bildungsplan Geomatikerin EFZ und Geomatiker EFZ<\/li>\n<\/ul>\n<h4>Unterrichtszeit<\/h4>\n<p>40 (5 Tage)<\/p>\n<h4>Kurskosten<\/h4>\n<p>CHF 750.-<\/p>\n<h4>Registrierung<\/h4>\n<p>Der Kurs ist ausgebucht<\/p>\n<div id=\"themify_builder_content-3398\" data-postid=\"3398\" class=\"themify_builder_content themify_builder_content-3398 themify_builder\">\n    <\/div>\n\n\n","protected":false},"excerpt":{"rendered":"<p>Beschreibung Lernenden, die beruflichen und sozialen F\u00e4higkeiten im Betrieb vermitteln. Voraussetzungen F\u00fcr den gesamtschweizerisch anerkannten Berufsbildner-Kursausweis: Grundbildung mit EFZ, zweij\u00e4hrige Praxis im Lehrgebiet Ziel F\u00fchrungs- und Ausbildungstechniken im Umgang mit [&hellip;]<\/p>\n","protected":false},"author":2,"featured_media":0,"parent":3331,"menu_order":1,"comment_status":"closed","ping_status":"closed","template":"","meta":{"_price":"","_stock":"","_tribe_ticket_header":"","_tribe_default_ticket_provider":"","_tribe_ticket_capacity":"0","_ticket_start_date":"","_ticket_end_date":"","_tribe_ticket_show_description":"","_tribe_ticket_show_not_going":false,"_tribe_ticket_use_global_stock":"","_tribe_ticket_global_stock_level":"","_global_stock_mode":"","_global_stock_cap":"","_tribe_rsvp_for_event":"","_tribe_ticket_going_count":"","_tribe_ticket_not_going_count":"","_tribe_tickets_list":"[]","_tribe_ticket_has_attendee_info_fields":false,"footnotes":""},"class_list":["post-3398","page","type-page","status-publish","hentry","has-post-title","has-post-date","has-post-category","has-post-tag","has-post-comment","has-post-author",""],"_links":{"self":[{"href":"https:\/\/geo-education.ch\/index.php?rest_route=\/wp\/v2\/pages\/3398","targetHints":{"allow":["GET"]}}],"collection":[{"href":"https:\/\/geo-education.ch\/index.php?rest_route=\/wp\/v2\/pages"}],"about":[{"href":"https:\/\/geo-education.ch\/index.php?rest_route=\/wp\/v2\/types\/page"}],"author":[{"embeddable":true,"href":"https:\/\/geo-education.ch\/index.php?rest_route=\/wp\/v2\/users\/2"}],"replies":[{"embeddable":true,"href":"https:\/\/geo-education.ch\/index.php?rest_route=%2Fwp%2Fv2%2Fcomments&post=3398"}],"version-history":[{"count":16,"href":"https:\/\/geo-education.ch\/index.php?rest_route=\/wp\/v2\/pages\/3398\/revisions"}],"predecessor-version":[{"id":17696,"href":"https:\/\/geo-education.ch\/index.php?rest_route=\/wp\/v2\/pages\/3398\/revisions\/17696"}],"up":[{"embeddable":true,"href":"https:\/\/geo-education.ch\/index.php?rest_route=\/wp\/v2\/pages\/3331"}],"wp:attachment":[{"href":"https:\/\/geo-education.ch\/index.php?rest_route=%2Fwp%2Fv2%2Fmedia&parent=3398"}],"curies":[{"name":"wp","href":"https:\/\/api.w.org\/{rel}","templated":true}]}}