{"id":3402,"date":"2018-08-21T18:11:31","date_gmt":"2018-08-21T16:11:31","guid":{"rendered":"http:\/\/geo-education.ch\/?page_id=3402"},"modified":"2025-02-19T09:20:37","modified_gmt":"2025-02-19T08:20:37","slug":"b1c-technique-de-travail","status":"publish","type":"page","link":"https:\/\/geo-education.ch\/?page_id=3402","title":{"rendered":"Arbeitstechnik"},"content":{"rendered":"<h4>Beschreibung<\/h4>\n<p>Die pers\u00f6nliche Arbeitstechnik kennen, ist die Grundlage f\u00fcr effizientes Lernen und Arbeiten.<\/p>\n<h4>Voraussetzungen<\/h4>\n<p>Keine<\/p>\n<h4>Ziel<\/h4>\n<ul>\n<li>Methoden nennen und gezielt umsetzen<\/li>\n<li>Abl\u00e4ufe strukturieren<\/li>\n<li>Eigenen Lern- und Arbeitsstil verstehen und entwickeln<\/li>\n<li>Einen Teil der Inhalte werden im selbstorientierten Lernen abgehandelt<\/li>\n<\/ul>\n<h4>Inhalt<\/h4>\n<h5>Arbeitstechnik<\/h5>\n<ul>\n<li>Eigene Arbeitstechniken<\/li>\n<li>Zeitmanagement (Tages-, Wochenplanung, Priorit\u00e4ten, &#8230;)<\/li>\n<li>Arbeitsmethoden (MindMap, 80:20, ABC-Analyse)<\/li>\n<li>St\u00f6rfaktoren, Zeitdiebe<\/li>\n<\/ul>\n<h5>Lerntechnik<\/h5>\n<ul>\n<li>Lernwege, Lernmodelle<\/li>\n<li>Selbstmotivationen<\/li>\n<li>Verschiedene traditionelle und neue Lernstrategien<\/li>\n<\/ul>\n<h4>Unterrichtszeit<\/h4>\n<p>16 (2 Tage)<\/p>\n<h4>Kurskosten<\/h4>\n<p>CHF 500.-<\/p>\n<div id=\"themify_builder_content-3402\" data-postid=\"3402\" class=\"themify_builder_content themify_builder_content-3402 themify_builder\">\n    \t<!-- module_row -->\n\t<div  class=\"themify_builder_row module_row clearfix module_row_0 themify_builder_3402_row module_row_3402-0 tb_34ed39e\">\n\t    \t    <div class=\"row_inner col_align_top\" >\n\t\t\t<div  class=\"module_column tb-column col-full first tb_3402_column module_column_0 module_column_3402-0-0 tb_e932513\">\n\t    \t    \t        <div class=\"tb-column-inner\">\n\t\t        <!-- module buttons -->\n    <div  class=\"module module-buttons tb_457f59f xlarge solid squared  \">\n\t        \t<div class=\"module-buttons\">\n                            <div class=\"module-buttons-item buttons-fullwidth \">\n\t\t    \t\t\t<a href=\"https:\/\/geo-education.ch\/?tribe_events_cat=arbeitstechnik\" class=\"ui builder_button tb_default_color\" target=\"_blank\" rel=\"noopener\">\n\t\t    \t\t    \t\t\t<span>N\u00e4chste Kursdaten und Online-Registrierung<\/span>\n\t\t    \t\t    \t\t\t<\/a>\n\t\t                    <\/div>\n                    <\/div>\n    <\/div>\n    <!-- \/module buttons -->\n\t        <\/div>\n\t    \t<\/div>\n\t\t    <\/div>\n\t    <!-- \/row_inner -->\n\t<\/div>\n\t<!-- \/module_row -->\n\t<\/div>\n\n\n","protected":false},"excerpt":{"rendered":"<p>Beschreibung Die pers\u00f6nliche Arbeitstechnik kennen, ist die Grundlage f\u00fcr effizientes Lernen und Arbeiten. Voraussetzungen Keine Ziel Methoden nennen und gezielt umsetzen Abl\u00e4ufe strukturieren Eigenen Lern- und Arbeitsstil verstehen und entwickeln [&hellip;]<\/p>\n","protected":false},"author":2,"featured_media":0,"parent":3331,"menu_order":2,"comment_status":"closed","ping_status":"closed","template":"","meta":{"_price":"","_stock":"","_tribe_ticket_header":"","_tribe_default_ticket_provider":"","_tribe_ticket_capacity":"0","_ticket_start_date":"","_ticket_end_date":"","_tribe_ticket_show_description":"","_tribe_ticket_show_not_going":false,"_tribe_ticket_use_global_stock":"","_tribe_ticket_global_stock_level":"","_global_stock_mode":"","_global_stock_cap":"","_tribe_rsvp_for_event":"","_tribe_ticket_going_count":"","_tribe_ticket_not_going_count":"","_tribe_tickets_list":"[]","_tribe_ticket_has_attendee_info_fields":false,"footnotes":""},"class_list":["post-3402","page","type-page","status-publish","hentry","has-post-title","has-post-date","has-post-category","has-post-tag","has-post-comment","has-post-author",""],"_links":{"self":[{"href":"https:\/\/geo-education.ch\/index.php?rest_route=\/wp\/v2\/pages\/3402","targetHints":{"allow":["GET"]}}],"collection":[{"href":"https:\/\/geo-education.ch\/index.php?rest_route=\/wp\/v2\/pages"}],"about":[{"href":"https:\/\/geo-education.ch\/index.php?rest_route=\/wp\/v2\/types\/page"}],"author":[{"embeddable":true,"href":"https:\/\/geo-education.ch\/index.php?rest_route=\/wp\/v2\/users\/2"}],"replies":[{"embeddable":true,"href":"https:\/\/geo-education.ch\/index.php?rest_route=%2Fwp%2Fv2%2Fcomments&post=3402"}],"version-history":[{"count":14,"href":"https:\/\/geo-education.ch\/index.php?rest_route=\/wp\/v2\/pages\/3402\/revisions"}],"predecessor-version":[{"id":21945,"href":"https:\/\/geo-education.ch\/index.php?rest_route=\/wp\/v2\/pages\/3402\/revisions\/21945"}],"up":[{"embeddable":true,"href":"https:\/\/geo-education.ch\/index.php?rest_route=\/wp\/v2\/pages\/3331"}],"wp:attachment":[{"href":"https:\/\/geo-education.ch\/index.php?rest_route=%2Fwp%2Fv2%2Fmedia&parent=3402"}],"curies":[{"name":"wp","href":"https:\/\/api.w.org\/{rel}","templated":true}]}}