{"id":3406,"date":"2018-08-21T19:17:36","date_gmt":"2018-08-21T17:17:36","guid":{"rendered":"http:\/\/geo-education.ch\/?page_id=3406"},"modified":"2024-01-28T14:35:03","modified_gmt":"2024-01-28T13:35:03","slug":"b2a-presentation","status":"publish","type":"page","link":"https:\/\/geo-education.ch\/?page_id=3406","title":{"rendered":"Pr\u00e4sentieren"},"content":{"rendered":"<h4>Beschreibung<\/h4>\n<p>Ob im betrieblichen Umfeld, vor einem Gremium, im Verein oder bei einem anderen Anlass; wirkungsvolles Pr\u00e4sentieren und der Einsatz von ad\u00e4quaten Pr\u00e4sentationsmitteln ist ein Garant f\u00fcr die korrekte Wahrnehmung.<\/p>\n<h4>Voraussetzungen<\/h4>\n<p>Keine<\/p>\n<h4>Ziel<\/h4>\n<ul>\n<li>Wirkungsvoll pr\u00e4sentieren und verschiedene Vortragstechniken situationsgerecht anwenden<\/li>\n<li>Power Point oder andere Tools zur Gestaltung von Pr\u00e4sentationen anwenden<\/li>\n<li>Rhetorisches Grundverst\u00e4ndnis erwerben und anwenden<\/li>\n<li>Verhandlungen und Sitzungen kompetent f\u00fchren und umsetzen<\/li>\n<\/ul>\n<h4>Inhalt<\/h4>\n<ul>\n<li>Eigene Kommunikationsf\u00e4higkeiten und Argumentationstechniken erweitern und verbessern (\u00fcberzeugen k\u00f6nnen)<\/li>\n<li>Pers\u00f6nliches Auftreten ein\u00fcben<\/li>\n<li>Rhetorik und Vortragstechniken<\/li>\n<li>Argumentations- und Fragetechniken<\/li>\n<li>Verhandlungstechniken<\/li>\n<li>Pr\u00e4sentationshilfsmittel<\/li>\n<li>Visualisierungs- und Gestaltungstechniken<\/li>\n<li>Pr\u00e4sentation wirkungsvoll darbieten<\/li>\n<li>Sitzungen vorbereiten, durchf\u00fchren und analysieren<\/li>\n<li>Mit PowerPoint oder Prexi deine pers\u00f6nliche Pr\u00e4sentationen visualisieren<\/li>\n<li>Begriffe und Techniken<\/li>\n<\/ul>\n<h5>Schulungsunterlagen<\/h5>\n<p>Handbuch Kompetenzen, hep-verlag (im Kursgeld enthalten)<\/p>\n<h4>Unterrichtszeit<\/h4>\n<p>24 (3 Tage)<\/p>\n<h4>Kurskosten<\/h4>\n<p>CHF 950.-<\/p>\n<div id=\"themify_builder_content-3406\" data-postid=\"3406\" class=\"themify_builder_content themify_builder_content-3406 themify_builder\">\n    \t<!-- module_row -->\n\t<div  class=\"themify_builder_row module_row clearfix module_row_0 themify_builder_3406_row module_row_3406-0 tb_34ed39e\">\n\t    \t    <div class=\"row_inner col_align_top\" >\n\t\t\t<div  class=\"module_column tb-column col-full first tb_3406_column module_column_0 module_column_3406-0-0 tb_e932513\">\n\t    \t    \t        <div class=\"tb-column-inner\">\n\t\t        <!-- module buttons -->\n    <div  class=\"module module-buttons tb_457f59f xlarge solid squared  \">\n\t        \t<div class=\"module-buttons\">\n                            <div class=\"module-buttons-item buttons-fullwidth \">\n\t\t    \t\t\t<a href=\"https:\/\/geo-education.ch\/?tribe_events_cat=praesentieren\" class=\"ui builder_button tb_default_color\" target=\"_blank\" rel=\"noopener\">\n\t\t    \t\t    \t\t\t<span>N\u00e4chste Kursdaten und Online-Registrierung<\/span>\n\t\t    \t\t    \t\t\t<\/a>\n\t\t                    <\/div>\n                    <\/div>\n    <\/div>\n    <!-- \/module buttons -->\n\t        <\/div>\n\t    \t<\/div>\n\t\t    <\/div>\n\t    <!-- \/row_inner -->\n\t<\/div>\n\t<!-- \/module_row -->\n\t<\/div>\n\n\n","protected":false},"excerpt":{"rendered":"<p>Beschreibung Ob im betrieblichen Umfeld, vor einem Gremium, im Verein oder bei einem anderen Anlass; wirkungsvolles Pr\u00e4sentieren und der Einsatz von ad\u00e4quaten Pr\u00e4sentationsmitteln ist ein Garant f\u00fcr die korrekte Wahrnehmung. [&hellip;]<\/p>\n","protected":false},"author":2,"featured_media":0,"parent":3335,"menu_order":1,"comment_status":"closed","ping_status":"closed","template":"","meta":{"_price":"","_stock":"","_tribe_ticket_header":"","_tribe_default_ticket_provider":"","_tribe_ticket_capacity":"0","_ticket_start_date":"","_ticket_end_date":"","_tribe_ticket_show_description":"","_tribe_ticket_show_not_going":false,"_tribe_ticket_use_global_stock":"","_tribe_ticket_global_stock_level":"","_global_stock_mode":"","_global_stock_cap":"","_tribe_rsvp_for_event":"","_tribe_ticket_going_count":"","_tribe_ticket_not_going_count":"","_tribe_tickets_list":"[]","_tribe_ticket_has_attendee_info_fields":false,"footnotes":""},"class_list":["post-3406","page","type-page","status-publish","hentry","has-post-title","has-post-date","has-post-category","has-post-tag","has-post-comment","has-post-author",""],"_links":{"self":[{"href":"https:\/\/geo-education.ch\/index.php?rest_route=\/wp\/v2\/pages\/3406","targetHints":{"allow":["GET"]}}],"collection":[{"href":"https:\/\/geo-education.ch\/index.php?rest_route=\/wp\/v2\/pages"}],"about":[{"href":"https:\/\/geo-education.ch\/index.php?rest_route=\/wp\/v2\/types\/page"}],"author":[{"embeddable":true,"href":"https:\/\/geo-education.ch\/index.php?rest_route=\/wp\/v2\/users\/2"}],"replies":[{"embeddable":true,"href":"https:\/\/geo-education.ch\/index.php?rest_route=%2Fwp%2Fv2%2Fcomments&post=3406"}],"version-history":[{"count":15,"href":"https:\/\/geo-education.ch\/index.php?rest_route=\/wp\/v2\/pages\/3406\/revisions"}],"predecessor-version":[{"id":20217,"href":"https:\/\/geo-education.ch\/index.php?rest_route=\/wp\/v2\/pages\/3406\/revisions\/20217"}],"up":[{"embeddable":true,"href":"https:\/\/geo-education.ch\/index.php?rest_route=\/wp\/v2\/pages\/3335"}],"wp:attachment":[{"href":"https:\/\/geo-education.ch\/index.php?rest_route=%2Fwp%2Fv2%2Fmedia&parent=3406"}],"curies":[{"name":"wp","href":"https:\/\/api.w.org\/{rel}","templated":true}]}}