{"id":3410,"date":"2018-08-21T19:20:42","date_gmt":"2018-08-21T17:20:42","guid":{"rendered":"http:\/\/geo-education.ch\/?page_id=3410"},"modified":"2024-01-28T14:36:07","modified_gmt":"2024-01-28T13:36:07","slug":"b2b-communication","status":"publish","type":"page","link":"https:\/\/geo-education.ch\/?page_id=3410","title":{"rendered":"Kommunizieren"},"content":{"rendered":"<h4>Beschreibung<\/h4>\n<p>Schriftliche und m\u00fcndliche Umgangsformen sind eine wichtige Voraussetzung f\u00fcr erfolgreiches Handeln im betrieblichen und privaten Alltag.<\/p>\n<h4>Voraussetzungen<\/h4>\n<p>Keine<\/p>\n<h4>Ziel<\/h4>\n<ul>\n<li><span style=\"font-weight: 400;\">Rhetorische <\/span><span style=\"font-weight: 400;\">Grunds\u00e4tze anwenden<\/span><\/li>\n<li>Verschiedene Textsorten kennen lernen und anwenden<\/li>\n<li>Texte analysieren<\/li>\n<li>Briefe aus dem gesch\u00e4ftlichen oder privaten Bereich sowie Protokolle korrekt umsetzen<\/li>\n<li>Grafiken lesen und interpretieren<\/li>\n<\/ul>\n<h4>Inhalt<\/h4>\n<ul>\n<li>Grundlagen der Kommunikation (verbal \/ nonverbal)<\/li>\n<li>Sprachliche Grundkenntnisse festigen und vertiefen (m\u00fcndlich und schriftlich)<\/li>\n<li>Verschiedene Textsorten<\/li>\n<li>Texte analysieren und Textverst\u00e4ndnis f\u00f6rdern<\/li>\n<li>Sprachliche Grundkenntnisse vertiefen (m\u00fcndlich und schriftlich)<\/li>\n<\/ul>\n<h4>Unterrichtszeit<\/h4>\n<p>16 (2 Tage)<\/p>\n<h4>Kurskosten<\/h4>\n<p>CHF 700.-<\/p>\n<div id=\"themify_builder_content-3410\" data-postid=\"3410\" class=\"themify_builder_content themify_builder_content-3410 themify_builder\">\n    \t<!-- module_row -->\n\t<div  class=\"themify_builder_row module_row clearfix module_row_0 themify_builder_3410_row module_row_3410-0 tb_34ed39e\">\n\t    \t    <div class=\"row_inner col_align_top\" >\n\t\t\t<div  class=\"module_column tb-column col-full first tb_3410_column module_column_0 module_column_3410-0-0 tb_e932513\">\n\t    \t    \t        <div class=\"tb-column-inner\">\n\t\t        <!-- module buttons -->\n    <div  class=\"module module-buttons tb_457f59f xlarge solid squared  \">\n\t        \t<div class=\"module-buttons\">\n                            <div class=\"module-buttons-item buttons-fullwidth \">\n\t\t    \t\t\t<a href=\"https:\/\/geo-education.ch\/?tribe_events_cat=kommunizieren\" class=\"ui builder_button tb_default_color\" target=\"_blank\" rel=\"noopener\">\n\t\t    \t\t    \t\t\t<span>N\u00e4chste Kursdaten und Online-Registrierung<\/span>\n\t\t    \t\t    \t\t\t<\/a>\n\t\t                    <\/div>\n                    <\/div>\n    <\/div>\n    <!-- \/module buttons -->\n\t        <\/div>\n\t    \t<\/div>\n\t\t    <\/div>\n\t    <!-- \/row_inner -->\n\t<\/div>\n\t<!-- \/module_row -->\n\t<\/div>\n\n\n","protected":false},"excerpt":{"rendered":"<p>Beschreibung Schriftliche und m\u00fcndliche Umgangsformen sind eine wichtige Voraussetzung f\u00fcr erfolgreiches Handeln im betrieblichen und privaten Alltag. Voraussetzungen Keine Ziel Rhetorische Grunds\u00e4tze anwenden Verschiedene Textsorten kennen lernen und anwenden Texte [&hellip;]<\/p>\n","protected":false},"author":2,"featured_media":0,"parent":3335,"menu_order":1,"comment_status":"closed","ping_status":"closed","template":"","meta":{"_price":"","_stock":"","_tribe_ticket_header":"","_tribe_default_ticket_provider":"","_tribe_ticket_capacity":"0","_ticket_start_date":"","_ticket_end_date":"","_tribe_ticket_show_description":"","_tribe_ticket_show_not_going":false,"_tribe_ticket_use_global_stock":"","_tribe_ticket_global_stock_level":"","_global_stock_mode":"","_global_stock_cap":"","_tribe_rsvp_for_event":"","_tribe_ticket_going_count":"","_tribe_ticket_not_going_count":"","_tribe_tickets_list":"[]","_tribe_ticket_has_attendee_info_fields":false,"footnotes":""},"class_list":["post-3410","page","type-page","status-publish","hentry","has-post-title","has-post-date","has-post-category","has-post-tag","has-post-comment","has-post-author",""],"_links":{"self":[{"href":"https:\/\/geo-education.ch\/index.php?rest_route=\/wp\/v2\/pages\/3410","targetHints":{"allow":["GET"]}}],"collection":[{"href":"https:\/\/geo-education.ch\/index.php?rest_route=\/wp\/v2\/pages"}],"about":[{"href":"https:\/\/geo-education.ch\/index.php?rest_route=\/wp\/v2\/types\/page"}],"author":[{"embeddable":true,"href":"https:\/\/geo-education.ch\/index.php?rest_route=\/wp\/v2\/users\/2"}],"replies":[{"embeddable":true,"href":"https:\/\/geo-education.ch\/index.php?rest_route=%2Fwp%2Fv2%2Fcomments&post=3410"}],"version-history":[{"count":14,"href":"https:\/\/geo-education.ch\/index.php?rest_route=\/wp\/v2\/pages\/3410\/revisions"}],"predecessor-version":[{"id":20218,"href":"https:\/\/geo-education.ch\/index.php?rest_route=\/wp\/v2\/pages\/3410\/revisions\/20218"}],"up":[{"embeddable":true,"href":"https:\/\/geo-education.ch\/index.php?rest_route=\/wp\/v2\/pages\/3335"}],"wp:attachment":[{"href":"https:\/\/geo-education.ch\/index.php?rest_route=%2Fwp%2Fv2%2Fmedia&parent=3410"}],"curies":[{"name":"wp","href":"https:\/\/api.w.org\/{rel}","templated":true}]}}