{"id":3441,"date":"2018-08-22T10:36:26","date_gmt":"2018-08-22T08:36:26","guid":{"rendered":"http:\/\/geo-education.ch\/?page_id=3441"},"modified":"2023-01-28T16:01:13","modified_gmt":"2023-01-28T15:01:13","slug":"b4c-formats-interfaces-xml","status":"publish","type":"page","link":"https:\/\/geo-education.ch\/?page_id=3441","title":{"rendered":"Datenformate, Schnittstellen, XML"},"content":{"rendered":"<h4>Beschreibung<\/h4>\n<p>F\u00fcr die Verwendung, Austausch und Einsatz von Geodaten sind Kenntnisse der verschiedenen Datenformate und Schnittstellen relevant.<\/p>\n<h4>Voraussetzungen<\/h4>\n<p>Keine<\/p>\n<h4>Ziel<\/h4>\n<p>Datenformate in der Geomatik anwenden und optimale Formate f\u00fcr bestimmte Anwendungen unterscheiden. XML f\u00fcr plattform- und implementationsunabh\u00e4ngigen Austausch von Daten anwenden<\/p>\n<h4>Inhalt<\/h4>\n<ul>\n<li>Rasterformate (Arten, Komprimierungen, Georeferenzierungen)<\/li>\n<li>Vektorformate (Arten, Elementbeschreibungen)<\/li>\n<li>Austauschformate (zB. DXF)<\/li>\n<li>Austauschformate mit Erfassungsger\u00e4ten (GSI, &#8230;)<\/li>\n<li>Einf\u00fchrung in Extensible Markup Language (XML)<\/li>\n<\/ul>\n<h4>Unterrichtszeit<\/h4>\n<p>32 (4 Tage)<\/p>\n<h4>Kurskosten<\/h4>\n<p>CHF 800.-<\/p>\n<div id=\"themify_builder_content-3441\" data-postid=\"3441\" class=\"themify_builder_content themify_builder_content-3441 themify_builder\">\n    \t<!-- module_row -->\n\t<div  class=\"themify_builder_row module_row clearfix module_row_0 themify_builder_3441_row module_row_3441-0 tb_34ed39e\">\n\t    \t    <div class=\"row_inner col_align_top\" >\n\t\t\t<div  class=\"module_column tb-column col-full first tb_3441_column module_column_0 module_column_3441-0-0 tb_e932513\">\n\t    \t    \t        <div class=\"tb-column-inner\">\n\t\t        <!-- module buttons -->\n    <div  class=\"module module-buttons tb_457f59f xlarge solid squared  \">\n\t        \t<div class=\"module-buttons\">\n                            <div class=\"module-buttons-item buttons-fullwidth \">\n\t\t    \t\t\t<a href=\"https:\/\/geo-education.ch\/?tribe_events_cat=datenformate-schnittstellen-xml\" class=\"ui builder_button tb_default_color\" target=\"_blank\" rel=\"noopener\">\n\t\t    \t\t    \t\t\t<span>N\u00e4chste Kursdaten und Online-Registrierung<\/span>\n\t\t    \t\t    \t\t\t<\/a>\n\t\t                    <\/div>\n                    <\/div>\n    <\/div>\n    <!-- \/module buttons -->\n\t        <\/div>\n\t    \t<\/div>\n\t\t    <\/div>\n\t    <!-- \/row_inner -->\n\t<\/div>\n\t<!-- \/module_row -->\n\t<\/div>\n\n\n","protected":false},"excerpt":{"rendered":"<p>Beschreibung F\u00fcr die Verwendung, Austausch und Einsatz von Geodaten sind Kenntnisse der verschiedenen Datenformate und Schnittstellen relevant. Voraussetzungen Keine Ziel Datenformate in der Geomatik anwenden und optimale Formate f\u00fcr bestimmte [&hellip;]<\/p>\n","protected":false},"author":2,"featured_media":0,"parent":3343,"menu_order":2,"comment_status":"closed","ping_status":"closed","template":"","meta":{"_price":"","_stock":"","_tribe_ticket_header":"","_tribe_default_ticket_provider":"","_tribe_ticket_capacity":"0","_ticket_start_date":"","_ticket_end_date":"","_tribe_ticket_show_description":"","_tribe_ticket_show_not_going":false,"_tribe_ticket_use_global_stock":"","_tribe_ticket_global_stock_level":"","_global_stock_mode":"","_global_stock_cap":"","_tribe_rsvp_for_event":"","_tribe_ticket_going_count":"","_tribe_ticket_not_going_count":"","_tribe_tickets_list":"[]","_tribe_ticket_has_attendee_info_fields":false,"footnotes":""},"class_list":["post-3441","page","type-page","status-publish","hentry","has-post-title","has-post-date","has-post-category","has-post-tag","has-post-comment","has-post-author",""],"_links":{"self":[{"href":"https:\/\/geo-education.ch\/index.php?rest_route=\/wp\/v2\/pages\/3441","targetHints":{"allow":["GET"]}}],"collection":[{"href":"https:\/\/geo-education.ch\/index.php?rest_route=\/wp\/v2\/pages"}],"about":[{"href":"https:\/\/geo-education.ch\/index.php?rest_route=\/wp\/v2\/types\/page"}],"author":[{"embeddable":true,"href":"https:\/\/geo-education.ch\/index.php?rest_route=\/wp\/v2\/users\/2"}],"replies":[{"embeddable":true,"href":"https:\/\/geo-education.ch\/index.php?rest_route=%2Fwp%2Fv2%2Fcomments&post=3441"}],"version-history":[{"count":12,"href":"https:\/\/geo-education.ch\/index.php?rest_route=\/wp\/v2\/pages\/3441\/revisions"}],"predecessor-version":[{"id":17141,"href":"https:\/\/geo-education.ch\/index.php?rest_route=\/wp\/v2\/pages\/3441\/revisions\/17141"}],"up":[{"embeddable":true,"href":"https:\/\/geo-education.ch\/index.php?rest_route=\/wp\/v2\/pages\/3343"}],"wp:attachment":[{"href":"https:\/\/geo-education.ch\/index.php?rest_route=%2Fwp%2Fv2%2Fmedia&parent=3441"}],"curies":[{"name":"wp","href":"https:\/\/api.w.org\/{rel}","templated":true}]}}