{"id":3449,"date":"2018-08-24T18:15:32","date_gmt":"2018-08-24T16:15:32","guid":{"rendered":"http:\/\/geo-education.ch\/?page_id=3449"},"modified":"2023-01-28T15:58:46","modified_gmt":"2023-01-28T14:58:46","slug":"b5b-ti-droits-et-securite","status":"publish","type":"page","link":"https:\/\/geo-education.ch\/?page_id=3449","title":{"rendered":"IT Recht"},"content":{"rendered":"<h4>Beschreibung<\/h4>\n<p>In der IT und im Internet herrschen verbreitet Unsicherheiten \u00fcber die bestehenden Rechtsverh\u00e4ltnisse und Datenschutzbestimmungen die in diesem Kurs diskutiert und gekl\u00e4rt werden.<\/p>\n<h4>Voraussetzungen<\/h4>\n<p>Basiskenntnisse unseres Rechtssystems<\/p>\n<h4>Ziel<\/h4>\n<ul>\n<li>Bestehende Rechtsverh\u00e4ltnisse im IT \u2013 Bereich nennen<\/li>\n<li>Haftung und Strafrecht im Internet aufzeigen<\/li>\n<li>Datenschutzaspekte verstehen und anwenden<\/li>\n<\/ul>\n<h4>Inhalt<\/h4>\n<ul>\n<li>Rechtsverh\u00e4ltnisse im E-Banking und bei E-Payments<\/li>\n<li>Urheberrechte<\/li>\n<li>Zivilrechtliche Haftung<\/li>\n<li>Entwicklungen im Schweizer Marken- und Domain Namen &#8211; Recht<\/li>\n<li>Datenschutz<\/li>\n<li>Einsichten in k\u00fcnftige Entwicklungen im IT- und Internetrecht<\/li>\n<li>Neue Entwicklungen in der Gesetzgebung und Besteuerung bei E-Commerce<\/li>\n<\/ul>\n<h4>Unterrichtszeit<\/h4>\n<p>16 (2 Tage)<\/p>\n<h4>Kurskosten<\/h4>\n<p>CHF 500.-<\/p>\n<div id=\"themify_builder_content-3449\" data-postid=\"3449\" class=\"themify_builder_content themify_builder_content-3449 themify_builder\">\n    \t<!-- module_row -->\n\t<div  class=\"themify_builder_row module_row clearfix module_row_0 themify_builder_3449_row module_row_3449-0 tb_34ed39e\">\n\t    \t    <div class=\"row_inner col_align_top\" >\n\t\t\t<div  class=\"module_column tb-column col-full first tb_3449_column module_column_0 module_column_3449-0-0 tb_e932513\">\n\t    \t    \t        <div class=\"tb-column-inner\">\n\t\t        <!-- module buttons -->\n    <div  class=\"module module-buttons tb_457f59f xlarge solid squared  \">\n\t        \t<div class=\"module-buttons\">\n                            <div class=\"module-buttons-item buttons-fullwidth \">\n\t\t    \t\t\t<a href=\"https:\/\/geo-education.ch\/?tribe_events_cat=it-recht\" class=\"ui builder_button tb_default_color\" target=\"_blank\" rel=\"noopener\">\n\t\t    \t\t    \t\t\t<span>N\u00e4chste Kursdaten und Online-Registrierung<\/span>\n\t\t    \t\t    \t\t\t<\/a>\n\t\t                    <\/div>\n                    <\/div>\n    <\/div>\n    <!-- \/module buttons -->\n\t        <\/div>\n\t    \t<\/div>\n\t\t    <\/div>\n\t    <!-- \/row_inner -->\n\t<\/div>\n\t<!-- \/module_row -->\n\t<\/div>\n\n\n","protected":false},"excerpt":{"rendered":"<p>Beschreibung In der IT und im Internet herrschen verbreitet Unsicherheiten \u00fcber die bestehenden Rechtsverh\u00e4ltnisse und Datenschutzbestimmungen die in diesem Kurs diskutiert und gekl\u00e4rt werden. Voraussetzungen Basiskenntnisse unseres Rechtssystems Ziel Bestehende [&hellip;]<\/p>\n","protected":false},"author":2,"featured_media":0,"parent":3347,"menu_order":1,"comment_status":"closed","ping_status":"closed","template":"","meta":{"_price":"","_stock":"","_tribe_ticket_header":"","_tribe_default_ticket_provider":"","_tribe_ticket_capacity":"0","_ticket_start_date":"","_ticket_end_date":"","_tribe_ticket_show_description":"","_tribe_ticket_show_not_going":false,"_tribe_ticket_use_global_stock":"","_tribe_ticket_global_stock_level":"","_global_stock_mode":"","_global_stock_cap":"","_tribe_rsvp_for_event":"","_tribe_ticket_going_count":"","_tribe_ticket_not_going_count":"","_tribe_tickets_list":"[]","_tribe_ticket_has_attendee_info_fields":false,"footnotes":""},"class_list":["post-3449","page","type-page","status-publish","hentry","has-post-title","has-post-date","has-post-category","has-post-tag","has-post-comment","has-post-author",""],"_links":{"self":[{"href":"https:\/\/geo-education.ch\/index.php?rest_route=\/wp\/v2\/pages\/3449","targetHints":{"allow":["GET"]}}],"collection":[{"href":"https:\/\/geo-education.ch\/index.php?rest_route=\/wp\/v2\/pages"}],"about":[{"href":"https:\/\/geo-education.ch\/index.php?rest_route=\/wp\/v2\/types\/page"}],"author":[{"embeddable":true,"href":"https:\/\/geo-education.ch\/index.php?rest_route=\/wp\/v2\/users\/2"}],"replies":[{"embeddable":true,"href":"https:\/\/geo-education.ch\/index.php?rest_route=%2Fwp%2Fv2%2Fcomments&post=3449"}],"version-history":[{"count":11,"href":"https:\/\/geo-education.ch\/index.php?rest_route=\/wp\/v2\/pages\/3449\/revisions"}],"predecessor-version":[{"id":17132,"href":"https:\/\/geo-education.ch\/index.php?rest_route=\/wp\/v2\/pages\/3449\/revisions\/17132"}],"up":[{"embeddable":true,"href":"https:\/\/geo-education.ch\/index.php?rest_route=\/wp\/v2\/pages\/3347"}],"wp:attachment":[{"href":"https:\/\/geo-education.ch\/index.php?rest_route=%2Fwp%2Fv2%2Fmedia&parent=3449"}],"curies":[{"name":"wp","href":"https:\/\/api.w.org\/{rel}","templated":true}]}}