{"id":3463,"date":"2018-08-24T18:29:04","date_gmt":"2018-08-24T16:29:04","guid":{"rendered":"http:\/\/geo-education.ch\/?page_id=3463"},"modified":"2023-01-29T15:08:54","modified_gmt":"2023-01-29T14:08:54","slug":"s1b-amenagement-du-territoire","status":"publish","type":"page","link":"https:\/\/geo-education.ch\/?page_id=3463","title":{"rendered":"Raumplanung"},"content":{"rendered":"<h4>Beschreibung<\/h4>\n<p>Raumplanung ist eine \u00f6ffentliche Aufgabe, welche sich auf einen in der Bundesverfassung verankerten Auftrag st\u00fctzt. Sie ist keine in sich geschlossene Disziplin, sondern umfasst zahlreiche Fachgebiete und Einsatzbereiche, welche miteinander verkn\u00fcpft und koordiniert werden m\u00fcssen. Bei der Abstimmung von unterschiedlichen Interessen und Anspr\u00fcchen nimmt die Raumplanung eine breite Querschnittsfunktion wahr. Diese hat sie im Rahmen von demokratischen Regeln und mit den rechtlich zur Verf\u00fcgung stehenden Planungsmitteln umzusetzen.<\/p>\n<h4>Voraussetzungen<\/h4>\n<p>Plan- und Kartenverst\u00e4ndnis und Basiskenntnisse unseres Rechtssystems.<\/p>\n<h4>Ziel<\/h4>\n<ul>\n<li>Grundkenntnisse der kommunalen Planungsinstrumente und Verfahren nennen<\/li>\n<li>Grundkenntnisse der wichtigsten Planungsgrundlagen aufz\u00e4hlen<\/li>\n<li>Erfassen und beurteilen von r\u00e4umlichen Problemstellungen<\/li>\n<li>Erkennen des planerischen Handlungsbedarfs und der Handlungsspielr\u00e4ume<\/li>\n<\/ul>\n<h4>Inhalt<\/h4>\n<ul>\n<li>Die r\u00e4umliche Entwicklung der Schweiz; Grundlagen der Raumbeobachtung<\/li>\n<li>Einf\u00fchrung in die Gesetzgebung und Organisation der schweizerischen Raumplanung<\/li>\n<li>Die Planungsinstrumente auf unterschiedlichen Ebenen<\/li>\n<li>Planungsablauf und Mitwirkung, das Abw\u00e4gen von Interessen<\/li>\n<li>Die Ausscheidung von kommunalen Nutzungszonen<\/li>\n<li>Bauvorschriften: die Regelung der Bauweise<\/li>\n<li>Nutzungsreserven und Kapazit\u00e4tsberechnung von Bauzonen<\/li>\n<li>Umsetzung und Vollzug in der Raumplanung<\/li>\n<\/ul>\n<h4>Unterrichtszeit<\/h4>\n<p>16 (2 Tage)<\/p>\n<h4>Kurskosten<\/h4>\n<p>CHF 600.-<\/p>\n<div id=\"themify_builder_content-3463\" data-postid=\"3463\" class=\"themify_builder_content themify_builder_content-3463 themify_builder\">\n    \t<!-- module_row -->\n\t<div  class=\"themify_builder_row module_row clearfix module_row_0 themify_builder_3463_row module_row_3463-0 tb_34ed39e\">\n\t    \t    <div class=\"row_inner col_align_top\" >\n\t\t\t<div  class=\"module_column tb-column col-full first tb_3463_column module_column_0 module_column_3463-0-0 tb_e932513\">\n\t    \t    \t        <div class=\"tb-column-inner\">\n\t\t        <!-- module buttons -->\n    <div  class=\"module module-buttons tb_457f59f xlarge solid squared  \">\n\t        \t<div class=\"module-buttons\">\n                            <div class=\"module-buttons-item buttons-fullwidth \">\n\t\t    \t\t\t<a href=\"https:\/\/geo-education.ch\/?tribe_events_cat=raumplanung\" class=\"ui builder_button tb_default_color\" target=\"_blank\" rel=\"noopener\">\n\t\t    \t\t    \t\t\t<span>N\u00e4chste Kursdaten und Online-Registrierung<\/span>\n\t\t    \t\t    \t\t\t<\/a>\n\t\t                    <\/div>\n                    <\/div>\n    <\/div>\n    <!-- \/module buttons -->\n\t        <\/div>\n\t    \t<\/div>\n\t\t    <\/div>\n\t    <!-- \/row_inner -->\n\t<\/div>\n\t<!-- \/module_row -->\n\t<\/div>\n\n\n","protected":false},"excerpt":{"rendered":"<p>Beschreibung Raumplanung ist eine \u00f6ffentliche Aufgabe, welche sich auf einen in der Bundesverfassung verankerten Auftrag st\u00fctzt. Sie ist keine in sich geschlossene Disziplin, sondern umfasst zahlreiche Fachgebiete und Einsatzbereiche, welche [&hellip;]<\/p>\n","protected":false},"author":2,"featured_media":0,"parent":3354,"menu_order":1,"comment_status":"closed","ping_status":"closed","template":"","meta":{"_price":"","_stock":"","_tribe_ticket_header":"","_tribe_default_ticket_provider":"","_tribe_ticket_capacity":"0","_ticket_start_date":"","_ticket_end_date":"","_tribe_ticket_show_description":"","_tribe_ticket_show_not_going":false,"_tribe_ticket_use_global_stock":"","_tribe_ticket_global_stock_level":"","_global_stock_mode":"","_global_stock_cap":"","_tribe_rsvp_for_event":"","_tribe_ticket_going_count":"","_tribe_ticket_not_going_count":"","_tribe_tickets_list":"[]","_tribe_ticket_has_attendee_info_fields":false,"footnotes":""},"class_list":["post-3463","page","type-page","status-publish","hentry","has-post-title","has-post-date","has-post-category","has-post-tag","has-post-comment","has-post-author",""],"_links":{"self":[{"href":"https:\/\/geo-education.ch\/index.php?rest_route=\/wp\/v2\/pages\/3463","targetHints":{"allow":["GET"]}}],"collection":[{"href":"https:\/\/geo-education.ch\/index.php?rest_route=\/wp\/v2\/pages"}],"about":[{"href":"https:\/\/geo-education.ch\/index.php?rest_route=\/wp\/v2\/types\/page"}],"author":[{"embeddable":true,"href":"https:\/\/geo-education.ch\/index.php?rest_route=\/wp\/v2\/users\/2"}],"replies":[{"embeddable":true,"href":"https:\/\/geo-education.ch\/index.php?rest_route=%2Fwp%2Fv2%2Fcomments&post=3463"}],"version-history":[{"count":10,"href":"https:\/\/geo-education.ch\/index.php?rest_route=\/wp\/v2\/pages\/3463\/revisions"}],"predecessor-version":[{"id":17191,"href":"https:\/\/geo-education.ch\/index.php?rest_route=\/wp\/v2\/pages\/3463\/revisions\/17191"}],"up":[{"embeddable":true,"href":"https:\/\/geo-education.ch\/index.php?rest_route=\/wp\/v2\/pages\/3354"}],"wp:attachment":[{"href":"https:\/\/geo-education.ch\/index.php?rest_route=%2Fwp%2Fv2%2Fmedia&parent=3463"}],"curies":[{"name":"wp","href":"https:\/\/api.w.org\/{rel}","templated":true}]}}