{"id":3790,"date":"2018-08-27T10:56:43","date_gmt":"2018-08-27T08:56:43","guid":{"rendered":"http:\/\/geo-education.ch\/?page_id=3790"},"modified":"2023-01-29T15:25:53","modified_gmt":"2023-01-29T14:25:53","slug":"s6b-technique-des-instruments","status":"publish","type":"page","link":"https:\/\/geo-education.ch\/?page_id=3790","title":{"rendered":"Messtechnik"},"content":{"rendered":"<h4>Beschreibung<\/h4>\n<p>Die Technik der Felderfassungsger\u00e4te hat sich in den letzten Jahren stark entwickelt. Aus rein technischen Ger\u00e4ten wurden computerunterst\u00fctzte Feldsysteme.<\/p>\n<h4>Voraussetzungen<\/h4>\n<p>Grundkenntnisse in Fehlertheorie sind empfehlenswert<\/p>\n<h4>Ziel<\/h4>\n<ul>\n<li>Pr\u00fcfung und Justierung der heute im Einsatz stehenden verschiedenen Felderfassungsger\u00e4te anwenden<\/li>\n<li>Funktionalit\u00e4ten und Genauigkeiten der g\u00e4ngigen Instrumente f\u00fcr die Geodatenerfassung beschreiben<\/li>\n<li>Anwendungsgebiete der verschiedenen Erfassungsger\u00e4te unterscheiden<\/li>\n<li>Spezielle Messger\u00e4te f\u00fcr die Ingenieurvermessung beschreiben<\/li>\n<\/ul>\n<h4>Inhalt<\/h4>\n<ul>\n<li>Genauigkeiten, Grundeinstellwerte und Einsatzgebiete der heute aktuellen Messger\u00e4te beschreiben (Tachymeter, Lasermessger\u00e4te, Laserscanning\u2013Ger\u00e4te, Nivelliere, GNSS, &#8230;)<\/li>\n<li>Technischer Aufbau von Messinstrumenten<\/li>\n<li>Ger\u00e4te kontrollieren und justieren<\/li>\n<li>Trends<\/li>\n<\/ul>\n<h4>Unterrichtszeit<\/h4>\n<p>32 (4 Tage)<\/p>\n<h4>Kurskosten<\/h4>\n<p>CHF 1&#8217;200.-<\/p>\n<div id=\"themify_builder_content-3790\" data-postid=\"3790\" class=\"themify_builder_content themify_builder_content-3790 themify_builder\">\n    \t<!-- module_row -->\n\t<div  class=\"themify_builder_row module_row clearfix module_row_0 themify_builder_3790_row module_row_3790-0 tb_34ed39e\">\n\t    \t    <div class=\"row_inner col_align_top\" >\n\t\t\t<div  class=\"module_column tb-column col-full first tb_3790_column module_column_0 module_column_3790-0-0 tb_e932513\">\n\t    \t    \t        <div class=\"tb-column-inner\">\n\t\t        <!-- module buttons -->\n    <div  class=\"module module-buttons tb_457f59f xlarge solid squared  \">\n\t        \t<div class=\"module-buttons\">\n                            <div class=\"module-buttons-item buttons-fullwidth \">\n\t\t    \t\t\t<a href=\"https:\/\/geo-education.ch\/?tribe_events_cat=messtchnik\" class=\"ui builder_button tb_default_color\" target=\"_blank\" rel=\"noopener\">\n\t\t    \t\t    \t\t\t<span>N\u00e4chste Kursdaten und Online-Registrierung<\/span>\n\t\t    \t\t    \t\t\t<\/a>\n\t\t                    <\/div>\n                    <\/div>\n    <\/div>\n    <!-- \/module buttons -->\n\t        <\/div>\n\t    \t<\/div>\n\t\t    <\/div>\n\t    <!-- \/row_inner -->\n\t<\/div>\n\t<!-- \/module_row -->\n\t<\/div>\n\n\n","protected":false},"excerpt":{"rendered":"<p>Beschreibung Die Technik der Felderfassungsger\u00e4te hat sich in den letzten Jahren stark entwickelt. Aus rein technischen Ger\u00e4ten wurden computerunterst\u00fctzte Feldsysteme. Voraussetzungen Grundkenntnisse in Fehlertheorie sind empfehlenswert Ziel Pr\u00fcfung und Justierung [&hellip;]<\/p>\n","protected":false},"author":2,"featured_media":0,"parent":3375,"menu_order":1,"comment_status":"closed","ping_status":"closed","template":"","meta":{"_price":"","_stock":"","_tribe_ticket_header":"","_tribe_default_ticket_provider":"","_tribe_ticket_capacity":"0","_ticket_start_date":"","_ticket_end_date":"","_tribe_ticket_show_description":"","_tribe_ticket_show_not_going":false,"_tribe_ticket_use_global_stock":"","_tribe_ticket_global_stock_level":"","_global_stock_mode":"","_global_stock_cap":"","_tribe_rsvp_for_event":"","_tribe_ticket_going_count":"","_tribe_ticket_not_going_count":"","_tribe_tickets_list":"[]","_tribe_ticket_has_attendee_info_fields":false,"footnotes":""},"class_list":["post-3790","page","type-page","status-publish","hentry","has-post-title","has-post-date","has-post-category","has-post-tag","has-post-comment","has-post-author",""],"_links":{"self":[{"href":"https:\/\/geo-education.ch\/index.php?rest_route=\/wp\/v2\/pages\/3790","targetHints":{"allow":["GET"]}}],"collection":[{"href":"https:\/\/geo-education.ch\/index.php?rest_route=\/wp\/v2\/pages"}],"about":[{"href":"https:\/\/geo-education.ch\/index.php?rest_route=\/wp\/v2\/types\/page"}],"author":[{"embeddable":true,"href":"https:\/\/geo-education.ch\/index.php?rest_route=\/wp\/v2\/users\/2"}],"replies":[{"embeddable":true,"href":"https:\/\/geo-education.ch\/index.php?rest_route=%2Fwp%2Fv2%2Fcomments&post=3790"}],"version-history":[{"count":13,"href":"https:\/\/geo-education.ch\/index.php?rest_route=\/wp\/v2\/pages\/3790\/revisions"}],"predecessor-version":[{"id":17219,"href":"https:\/\/geo-education.ch\/index.php?rest_route=\/wp\/v2\/pages\/3790\/revisions\/17219"}],"up":[{"embeddable":true,"href":"https:\/\/geo-education.ch\/index.php?rest_route=\/wp\/v2\/pages\/3375"}],"wp:attachment":[{"href":"https:\/\/geo-education.ch\/index.php?rest_route=%2Fwp%2Fv2%2Fmedia&parent=3790"}],"curies":[{"name":"wp","href":"https:\/\/api.w.org\/{rel}","templated":true}]}}