{"id":3802,"date":"2018-08-27T11:08:36","date_gmt":"2018-08-27T09:08:36","guid":{"rendered":"http:\/\/geo-education.ch\/?page_id=3802"},"modified":"2023-01-29T14:59:22","modified_gmt":"2023-01-29T13:59:22","slug":"s8a-rf-droits","status":"publish","type":"page","link":"https:\/\/geo-education.ch\/?page_id=3802","title":{"rendered":"Grundbuchrechte \/ Rechte"},"content":{"rendered":"<h4>Beschreibung<\/h4>\n<p>Die Grundeigentumverh\u00e4ltnisse der Schweiz sind im Grundbuch festgelegt. Die gesetzlichen Zusammenh\u00e4nge zwischen Grundbuch und Amtlicher Vermessung sind die Voraussetzung f\u00fcr die fachlich, korrekte Abwicklung von Mutationen.<\/p>\n<h4>Voraussetzungen<\/h4>\n<p>Keine<\/p>\n<h4>Ziel<\/h4>\n<ul>\n<li>Die f\u00fcr die Praxis wichtigen Artikel aus dem Grundbuchrecht, Baurecht und Raumplanungsgesetz beschreiben<\/li>\n<li>Kundenberatung fachgerecht umsetzen<\/li>\n<li>Einzelne Vertragsverh\u00e4ltnisse aus dem Obligationenrecht unterscheiden<\/li>\n<li>Grundz\u00fcge des Handels- und Gesellschaftsrechts beschreiben<\/li>\n<li>Grunds\u00e4tze im Personen- und Sachrecht anwenden<\/li>\n<li>Grundz\u00fcge des Baurechts erl\u00e4utern<\/li>\n<\/ul>\n<h4>Inhalt<\/h4>\n<h5>Relevante Punkte aus folgenden Rechtsvorschriften nennen und beschreiben:<\/h5>\n<ul>\n<li>Grundbuch<\/li>\n<li>Gesamt-, Mit-, Stockwerkeigentum<\/li>\n<li>Beschr\u00e4nkungen am Grundeigentum<\/li>\n<li>beschr\u00e4nkte dingliche Rechte<\/li>\n<li>b\u00e4uerliches Bodenrecht<\/li>\n<li>konkrete Fallbeispiele analysieren<\/li>\n<li>Grunds\u00e4tze im Baugesetz und Zonenrecht<\/li>\n<\/ul>\n<h5>Die Abl\u00e4ufe bei folgenden Gesch\u00e4ften beschreiben:<\/h5>\n<ul>\n<li>Hand\u00e4nderung<\/li>\n<li>Grenz\u00e4nderungen<\/li>\n<li>Rechte l\u00f6schen und \u00e4ndern<\/li>\n<\/ul>\n<h5>Allgemeines Recht:<\/h5>\n<ul>\n<li>Rechtsordnung in der Schweiz<\/li>\n<li>Grunds\u00e4tze des Vertragsrechts<\/li>\n<li>Grundz\u00fcge des Handels- und Gesellschaftsrecht<\/li>\n<li>Personen- und Sachrecht<\/li>\n<\/ul>\n<h4>Unterrichtszeit<\/h4>\n<p>36 (4,5 Tage)<\/p>\n<h4>Kurskosten<\/h4>\n<p>CHF 1&#8217;100.-<\/p>\n<div id=\"themify_builder_content-3802\" data-postid=\"3802\" class=\"themify_builder_content themify_builder_content-3802 themify_builder\">\n    \t<!-- module_row -->\n\t<div  class=\"themify_builder_row module_row clearfix module_row_0 themify_builder_3802_row module_row_3802-0 tb_34ed39e\">\n\t    \t    <div class=\"row_inner col_align_top\" >\n\t\t\t<div  class=\"module_column tb-column col-full first tb_3802_column module_column_0 module_column_3802-0-0 tb_e932513\">\n\t    \t    \t        <div class=\"tb-column-inner\">\n\t\t        <!-- module buttons -->\n    <div  class=\"module module-buttons tb_457f59f xlarge solid squared  \">\n\t        \t<div class=\"module-buttons\">\n                            <div class=\"module-buttons-item buttons-fullwidth \">\n\t\t    \t\t\t<a href=\"https:\/\/geo-education.ch\/?tribe_events_cat=grundbuchrechte\" class=\"ui builder_button tb_default_color\" target=\"_blank\" rel=\"noopener\">\n\t\t    \t\t    \t\t\t<span>N\u00e4chste Kursdaten und Online-Registrierung<\/span>\n\t\t    \t\t    \t\t\t<\/a>\n\t\t                    <\/div>\n                    <\/div>\n    <\/div>\n    <!-- \/module buttons -->\n\t        <\/div>\n\t    \t<\/div>\n\t\t    <\/div>\n\t    <!-- \/row_inner -->\n\t<\/div>\n\t<!-- \/module_row -->\n\t<\/div>\n\n\n","protected":false},"excerpt":{"rendered":"<p>Beschreibung Die Grundeigentumverh\u00e4ltnisse der Schweiz sind im Grundbuch festgelegt. Die gesetzlichen Zusammenh\u00e4nge zwischen Grundbuch und Amtlicher Vermessung sind die Voraussetzung f\u00fcr die fachlich, korrekte Abwicklung von Mutationen. Voraussetzungen Keine Ziel [&hellip;]<\/p>\n","protected":false},"author":2,"featured_media":0,"parent":3383,"menu_order":0,"comment_status":"closed","ping_status":"closed","template":"","meta":{"_price":"","_stock":"","_tribe_ticket_header":"","_tribe_default_ticket_provider":"","_tribe_ticket_capacity":"0","_ticket_start_date":"","_ticket_end_date":"","_tribe_ticket_show_description":"","_tribe_ticket_show_not_going":false,"_tribe_ticket_use_global_stock":"","_tribe_ticket_global_stock_level":"","_global_stock_mode":"","_global_stock_cap":"","_tribe_rsvp_for_event":"","_tribe_ticket_going_count":"","_tribe_ticket_not_going_count":"","_tribe_tickets_list":"[]","_tribe_ticket_has_attendee_info_fields":false,"footnotes":""},"class_list":["post-3802","page","type-page","status-publish","hentry","has-post-title","has-post-date","has-post-category","has-post-tag","has-post-comment","has-post-author",""],"_links":{"self":[{"href":"https:\/\/geo-education.ch\/index.php?rest_route=\/wp\/v2\/pages\/3802","targetHints":{"allow":["GET"]}}],"collection":[{"href":"https:\/\/geo-education.ch\/index.php?rest_route=\/wp\/v2\/pages"}],"about":[{"href":"https:\/\/geo-education.ch\/index.php?rest_route=\/wp\/v2\/types\/page"}],"author":[{"embeddable":true,"href":"https:\/\/geo-education.ch\/index.php?rest_route=\/wp\/v2\/users\/2"}],"replies":[{"embeddable":true,"href":"https:\/\/geo-education.ch\/index.php?rest_route=%2Fwp%2Fv2%2Fcomments&post=3802"}],"version-history":[{"count":15,"href":"https:\/\/geo-education.ch\/index.php?rest_route=\/wp\/v2\/pages\/3802\/revisions"}],"predecessor-version":[{"id":17174,"href":"https:\/\/geo-education.ch\/index.php?rest_route=\/wp\/v2\/pages\/3802\/revisions\/17174"}],"up":[{"embeddable":true,"href":"https:\/\/geo-education.ch\/index.php?rest_route=\/wp\/v2\/pages\/3383"}],"wp:attachment":[{"href":"https:\/\/geo-education.ch\/index.php?rest_route=%2Fwp%2Fv2%2Fmedia&parent=3802"}],"curies":[{"name":"wp","href":"https:\/\/api.w.org\/{rel}","templated":true}]}}