{"id":3816,"date":"2018-08-27T11:32:42","date_gmt":"2018-08-27T09:32:42","guid":{"rendered":"http:\/\/geo-education.ch\/?page_id=3816"},"modified":"2023-01-29T15:13:30","modified_gmt":"2023-01-29T14:13:30","slug":"s9c-mensuration-technique-et-industrielle","status":"publish","type":"page","link":"https:\/\/geo-education.ch\/?page_id=3816","title":{"rendered":"Ingenieurvermessung"},"content":{"rendered":"<h4>Beschreibung<\/h4>\n<p>F\u00fcr diverse aufw\u00e4ndige Vermessungsauftr\u00e4ge, beispielsweise in den Bereichen Tunnel- und Br\u00fcckenbau oder Deformationsvermessung kennen erfahrene Fachpersonen diverse Tipps und Kniffs f\u00fcr eine effiziente Projektabwicklung. Anhand von Fallbeispielen werden die verschiedenen Konzeptionen und Technologien aufgezeigt.<\/p>\n<h4>Voraussetzungen<\/h4>\n<p>Mathematisches Verst\u00e4ndnis und Erfahrungen in der Geomatik<\/p>\n<h4>Ziel<\/h4>\n<p>Aufgaben in der h\u00f6heren Ingenieurvermessung anhand von aktuellen Projekten vergleichen und auf eigene Vermessungsvorhaben \u00fcbertragen.<\/p>\n<h4>Inhalt<\/h4>\n<ul>\n<li>Projekte in der Ingenieurvermessung<\/li>\n<li>Konzepte an Ort und Stelle analysieren<\/li>\n<li>Resultate von gr\u00f6sseren Bauvermessungen grafisch darstellen<\/li>\n<li>Deformationsmessungen auf Grossbaustellen<\/li>\n<li>Tunnelvermessungen<\/li>\n<li>Bahnvermessung<\/li>\n<li>Talsperren\u00fcberwachung und Monitoring<\/li>\n<li>Spezialvermessungen<\/li>\n<li>Grundlagen der Lasertechnik nennen<\/li>\n<\/ul>\n<h4>Unterrichtszeit<\/h4>\n<p>16 (2 Tage)<\/p>\n<h4>Kurskosten<\/h4>\n<p>CHF 600.-<\/p>\n<div id=\"themify_builder_content-3816\" data-postid=\"3816\" class=\"themify_builder_content themify_builder_content-3816 themify_builder\">\n    \t<!-- module_row -->\n\t<div  class=\"themify_builder_row module_row clearfix module_row_0 themify_builder_3816_row module_row_3816-0 tb_34ed39e\">\n\t    \t    <div class=\"row_inner col_align_top\" >\n\t\t\t<div  class=\"module_column tb-column col-full first tb_3816_column module_column_0 module_column_3816-0-0 tb_e932513\">\n\t    \t    \t        <div class=\"tb-column-inner\">\n\t\t        <!-- module buttons -->\n    <div  class=\"module module-buttons tb_457f59f xlarge solid squared  \">\n\t        \t<div class=\"module-buttons\">\n                            <div class=\"module-buttons-item buttons-fullwidth \">\n\t\t    \t\t\t<a href=\"https:\/\/geo-education.ch\/?tribe_events_cat=ingenieurvermessung\" class=\"ui builder_button tb_default_color\" target=\"_blank\" rel=\"noopener\">\n\t\t    \t\t    \t\t\t<span>N\u00e4chste Kursdaten und Online-Registrierung<\/span>\n\t\t    \t\t    \t\t\t<\/a>\n\t\t                    <\/div>\n                    <\/div>\n    <\/div>\n    <!-- \/module buttons -->\n\t        <\/div>\n\t    \t<\/div>\n\t\t    <\/div>\n\t    <!-- \/row_inner -->\n\t<\/div>\n\t<!-- \/module_row -->\n\t<\/div>\n\n\n","protected":false},"excerpt":{"rendered":"<p>Beschreibung F\u00fcr diverse aufw\u00e4ndige Vermessungsauftr\u00e4ge, beispielsweise in den Bereichen Tunnel- und Br\u00fcckenbau oder Deformationsvermessung kennen erfahrene Fachpersonen diverse Tipps und Kniffs f\u00fcr eine effiziente Projektabwicklung. Anhand von Fallbeispielen werden die [&hellip;]<\/p>\n","protected":false},"author":2,"featured_media":0,"parent":3387,"menu_order":2,"comment_status":"closed","ping_status":"closed","template":"","meta":{"_price":"","_stock":"","_tribe_ticket_header":"","_tribe_default_ticket_provider":"","_tribe_ticket_capacity":"0","_ticket_start_date":"","_ticket_end_date":"","_tribe_ticket_show_description":"","_tribe_ticket_show_not_going":false,"_tribe_ticket_use_global_stock":"","_tribe_ticket_global_stock_level":"","_global_stock_mode":"","_global_stock_cap":"","_tribe_rsvp_for_event":"","_tribe_ticket_going_count":"","_tribe_ticket_not_going_count":"","_tribe_tickets_list":"[]","_tribe_ticket_has_attendee_info_fields":false,"footnotes":""},"class_list":["post-3816","page","type-page","status-publish","hentry","has-post-title","has-post-date","has-post-category","has-post-tag","has-post-comment","has-post-author",""],"_links":{"self":[{"href":"https:\/\/geo-education.ch\/index.php?rest_route=\/wp\/v2\/pages\/3816","targetHints":{"allow":["GET"]}}],"collection":[{"href":"https:\/\/geo-education.ch\/index.php?rest_route=\/wp\/v2\/pages"}],"about":[{"href":"https:\/\/geo-education.ch\/index.php?rest_route=\/wp\/v2\/types\/page"}],"author":[{"embeddable":true,"href":"https:\/\/geo-education.ch\/index.php?rest_route=\/wp\/v2\/users\/2"}],"replies":[{"embeddable":true,"href":"https:\/\/geo-education.ch\/index.php?rest_route=%2Fwp%2Fv2%2Fcomments&post=3816"}],"version-history":[{"count":12,"href":"https:\/\/geo-education.ch\/index.php?rest_route=\/wp\/v2\/pages\/3816\/revisions"}],"predecessor-version":[{"id":17201,"href":"https:\/\/geo-education.ch\/index.php?rest_route=\/wp\/v2\/pages\/3816\/revisions\/17201"}],"up":[{"embeddable":true,"href":"https:\/\/geo-education.ch\/index.php?rest_route=\/wp\/v2\/pages\/3387"}],"wp:attachment":[{"href":"https:\/\/geo-education.ch\/index.php?rest_route=%2Fwp%2Fv2%2Fmedia&parent=3816"}],"curies":[{"name":"wp","href":"https:\/\/api.w.org\/{rel}","templated":true}]}}