{"id":3834,"date":"2018-08-27T11:49:10","date_gmt":"2018-08-27T09:49:10","guid":{"rendered":"http:\/\/geo-education.ch\/?page_id=3834"},"modified":"2025-07-19T14:43:45","modified_gmt":"2025-07-19T12:43:45","slug":"s10c-geologie-et-technique-du-sol","status":"publish","type":"page","link":"https:\/\/geo-education.ch\/?page_id=3834","title":{"rendered":"Baugrund \/ Geologie"},"content":{"rendered":"<h4>Beschreibung<\/h4>\n<p><span data-contrast=\"auto\">Jede bauliche Massnahme steht in direktem Zusammenhang mit den Gegebenheiten des Untergrunds \u2013 seien es die Fest- oder Lockergesteine, die die vielf\u00e4ltige Geologie der Schweiz pr\u00e4gen. Diese geologischen Bedingungen stellen entscheidende bautechnische Rahmenparameter dar und beeinflussen Planung und Ausf\u00fchrung von Bauprojekten massgeblich.<\/span><span data-ccp-props=\"{}\">\u00a0<\/span><\/p>\n<p><span data-contrast=\"auto\">Der Kurs vermittelt die Grundlagen zur Erfassung und \u00dcberwachung dieser Rahmenbedingungen mithilfe moderner Messverfahren. Dabei werden die Schnittstellen zwischen den Fachbereichen Geomatik und Geologie beleuchtet, und Sie lernen den praktischen Umgang mit relevanten Messger\u00e4ten und -methoden.<\/span><span data-ccp-props=\"{}\">\u00a0<\/span><\/p>\n<p><span data-contrast=\"auto\">Entdecken Sie, wie Sie geologische Gegebenheiten fundiert analysieren und f\u00fcr die erfolgreiche Umsetzung Ihrer Bauprojekte nutzen k\u00f6nnen<\/span>.<\/p>\n<h4>Voraussetzungen<\/h4>\n<p>T\u00e4tigkeit im Baunebengewerbe (Bauvermessung, Geoinformatik, Raumplanung, \u2026)<\/p>\n<h4>Ziel<\/h4>\n<p><span data-contrast=\"auto\">Nach Abschluss des Kurses sollten die KursteilnehmerInnen folgende Fragen beantworten k\u00f6nnen:<\/span><span data-ccp-props=\"{}\">\u00a0<\/span><\/p>\n<ul>\n<li aria-setsize=\"-1\" data-leveltext=\"\uf0b7\" data-font=\"Symbol\" data-listid=\"20\" data-list-defn-props=\"{&quot;335552541&quot;:1,&quot;335559685&quot;:720,&quot;335559991&quot;:360,&quot;469769226&quot;:&quot;Symbol&quot;,&quot;469769242&quot;:[8226],&quot;469777803&quot;:&quot;left&quot;,&quot;469777804&quot;:&quot;\uf0b7&quot;,&quot;469777815&quot;:&quot;hybridMultilevel&quot;}\" data-aria-posinset=\"1\" data-aria-level=\"1\"><span data-contrast=\"auto\">Grundlagen der Geologie und Bodenkunde der Erde beschreiben<\/span><span data-ccp-props=\"{}\">\u00a0<\/span><\/li>\n<li aria-setsize=\"-1\" data-leveltext=\"\uf0b7\" data-font=\"Symbol\" data-listid=\"20\" data-list-defn-props=\"{&quot;335552541&quot;:1,&quot;335559685&quot;:720,&quot;335559991&quot;:360,&quot;469769226&quot;:&quot;Symbol&quot;,&quot;469769242&quot;:[8226],&quot;469777803&quot;:&quot;left&quot;,&quot;469777804&quot;:&quot;\uf0b7&quot;,&quot;469777815&quot;:&quot;hybridMultilevel&quot;}\" data-aria-posinset=\"1\" data-aria-level=\"1\"><span data-contrast=\"auto\">Typische Baugrundverh\u00e4ltnisse in der Schweiz mit Fokus auf das Wallis differenzieren<\/span><span data-ccp-props=\"{}\">\u00a0<\/span><\/li>\n<li aria-setsize=\"-1\" data-leveltext=\"\uf0b7\" data-font=\"Symbol\" data-listid=\"20\" data-list-defn-props=\"{&quot;335552541&quot;:1,&quot;335559685&quot;:720,&quot;335559991&quot;:360,&quot;469769226&quot;:&quot;Symbol&quot;,&quot;469769242&quot;:[8226],&quot;469777803&quot;:&quot;left&quot;,&quot;469777804&quot;:&quot;\uf0b7&quot;,&quot;469777815&quot;:&quot;hybridMultilevel&quot;}\" data-aria-posinset=\"1\" data-aria-level=\"1\"><span data-contrast=\"auto\">Geotechnische Mess- und\u00a0 Untersuchungsmethoden vergleichen und auf Einsatzgebiete ableiten<\/span><span data-ccp-props=\"{}\">\u00a0<\/span><\/li>\n<li aria-setsize=\"-1\" data-leveltext=\"\uf0b7\" data-font=\"Symbol\" data-listid=\"20\" data-list-defn-props=\"{&quot;335552541&quot;:1,&quot;335559685&quot;:720,&quot;335559991&quot;:360,&quot;469769226&quot;:&quot;Symbol&quot;,&quot;469769242&quot;:[8226],&quot;469777803&quot;:&quot;left&quot;,&quot;469777804&quot;:&quot;\uf0b7&quot;,&quot;469777815&quot;:&quot;hybridMultilevel&quot;}\" data-aria-posinset=\"1\" data-aria-level=\"1\"><span data-contrast=\"auto\">Massenbewegungsph\u00e4nomene und Naturgefahrentypen erkl\u00e4ren<\/span><span data-ccp-props=\"{}\">\u00a0<\/span><\/li>\n<li aria-setsize=\"-1\" data-leveltext=\"\uf0b7\" data-font=\"Symbol\" data-listid=\"20\" data-list-defn-props=\"{&quot;335552541&quot;:1,&quot;335559685&quot;:720,&quot;335559991&quot;:360,&quot;469769226&quot;:&quot;Symbol&quot;,&quot;469769242&quot;:[8226],&quot;469777803&quot;:&quot;left&quot;,&quot;469777804&quot;:&quot;\uf0b7&quot;,&quot;469777815&quot;:&quot;hybridMultilevel&quot;}\" data-aria-posinset=\"1\" data-aria-level=\"1\"><span data-contrast=\"auto\">Risiken durch instabile Baugr\u00fcnde und Schutzma\u00dfnahmen erkennen<\/span><span data-ccp-props=\"{}\">\u00a0<\/span><\/li>\n<\/ul>\n<h4>Inhalt<\/h4>\n<ul>\n<li>Grundz\u00fcge der Geologie, Entstehung der Erde, Einblick in die Plattentektonik<\/li>\n<li>\u00dcberblick \u00fcber die verschiedenen Gesteinsarten und ihre Entstehung<\/li>\n<li>Einf\u00fchrung in die Schweizer Geologie<\/li>\n<li>Vorstellung der Massenbewegungsph\u00e4nomene (Block- und Steinschlag, Fels- und Bergsturz, Rutschungen, Murg\u00e4nge und Hangmuren)<\/li>\n<li>\u00dcberblick \u00fcber den Umgang mit Naturgefahren in der Schweiz<\/li>\n<li>Erl\u00e4uterung des Ablaufs einer Felssturz\u00fcberwachung am Beispiel des Felssturzes oder Hangrutsches<\/li>\n<li>Einblick in die Hydrogeologie<\/li>\n<li><span style=\"font-weight: 400;\">Geologische Exkursionen in der Umgebung Zermatt<\/span><\/li>\n<\/ul>\n<h4>Unterrichtszeit<\/h4>\n<p>16 (2 Tage)<\/p>\n<h4>Kurskosten<\/h4>\n<p><span style=\"font-weight: 400;\">CHF 750.- inkl. Tickets, Bahnen und zwei \u00dcbernachtungen auf dem Zeltplatz Zermatt (campingzermatt.ch) \u00dcbernachtungen im Hotel oder in der Jugendherberge sind m\u00f6glich; nicht in den Kurskosten inbegriffen.<\/span><\/p>\n<div id=\"themify_builder_content-3834\" data-postid=\"3834\" class=\"themify_builder_content themify_builder_content-3834 themify_builder\">\n    \t<!-- module_row -->\n\t<div  class=\"themify_builder_row module_row clearfix module_row_0 themify_builder_3834_row module_row_3834-0 tb_34ed39e\">\n\t    \t    <div class=\"row_inner col_align_top\" >\n\t\t\t<div  class=\"module_column tb-column col-full first tb_3834_column module_column_0 module_column_3834-0-0 tb_e932513\">\n\t    \t    \t        <div class=\"tb-column-inner\">\n\t\t        <!-- module buttons -->\n    <div  class=\"module module-buttons tb_457f59f xlarge solid squared  \">\n\t        \t<div class=\"module-buttons\">\n                            <div class=\"module-buttons-item buttons-fullwidth \">\n\t\t    \t\t\t<a href=\"https:\/\/geo-education.ch\/?tribe_events_cat=baugrund\" class=\"ui builder_button tb_default_color\" target=\"_blank\" rel=\"noopener\">\n\t\t    \t\t    \t\t\t<span>N\u00e4chste Kursdaten und Online-Registrierung<\/span>\n\t\t    \t\t    \t\t\t<\/a>\n\t\t                    <\/div>\n                    <\/div>\n    <\/div>\n    <!-- \/module buttons -->\n\t        <\/div>\n\t    \t<\/div>\n\t\t    <\/div>\n\t    <!-- \/row_inner -->\n\t<\/div>\n\t<!-- \/module_row -->\n\t<\/div>\n\n\n","protected":false},"excerpt":{"rendered":"<p>Beschreibung Jede bauliche Massnahme steht in direktem Zusammenhang mit den Gegebenheiten des Untergrunds \u2013 seien es die Fest- oder Lockergesteine, die die vielf\u00e4ltige Geologie der Schweiz pr\u00e4gen. Diese geologischen Bedingungen [&hellip;]<\/p>\n","protected":false},"author":2,"featured_media":0,"parent":3390,"menu_order":2,"comment_status":"closed","ping_status":"closed","template":"","meta":{"_price":"","_stock":"","_tribe_ticket_header":"","_tribe_default_ticket_provider":"","_tribe_ticket_capacity":"0","_ticket_start_date":"","_ticket_end_date":"","_tribe_ticket_show_description":"","_tribe_ticket_show_not_going":false,"_tribe_ticket_use_global_stock":"","_tribe_ticket_global_stock_level":"","_global_stock_mode":"","_global_stock_cap":"","_tribe_rsvp_for_event":"","_tribe_ticket_going_count":"","_tribe_ticket_not_going_count":"","_tribe_tickets_list":"[]","_tribe_ticket_has_attendee_info_fields":false,"footnotes":""},"class_list":["post-3834","page","type-page","status-publish","hentry","has-post-title","has-post-date","has-post-category","has-post-tag","has-post-comment","has-post-author",""],"_links":{"self":[{"href":"https:\/\/geo-education.ch\/index.php?rest_route=\/wp\/v2\/pages\/3834","targetHints":{"allow":["GET"]}}],"collection":[{"href":"https:\/\/geo-education.ch\/index.php?rest_route=\/wp\/v2\/pages"}],"about":[{"href":"https:\/\/geo-education.ch\/index.php?rest_route=\/wp\/v2\/types\/page"}],"author":[{"embeddable":true,"href":"https:\/\/geo-education.ch\/index.php?rest_route=\/wp\/v2\/users\/2"}],"replies":[{"embeddable":true,"href":"https:\/\/geo-education.ch\/index.php?rest_route=%2Fwp%2Fv2%2Fcomments&post=3834"}],"version-history":[{"count":18,"href":"https:\/\/geo-education.ch\/index.php?rest_route=\/wp\/v2\/pages\/3834\/revisions"}],"predecessor-version":[{"id":22450,"href":"https:\/\/geo-education.ch\/index.php?rest_route=\/wp\/v2\/pages\/3834\/revisions\/22450"}],"up":[{"embeddable":true,"href":"https:\/\/geo-education.ch\/index.php?rest_route=\/wp\/v2\/pages\/3390"}],"wp:attachment":[{"href":"https:\/\/geo-education.ch\/index.php?rest_route=%2Fwp%2Fv2%2Fmedia&parent=3834"}],"curies":[{"name":"wp","href":"https:\/\/api.w.org\/{rel}","templated":true}]}}