{"id":4156,"date":"2018-09-22T23:48:01","date_gmt":"2018-09-22T21:48:01","guid":{"rendered":"http:\/\/geo-education.ch\/?page_id=4156"},"modified":"2020-04-08T18:49:46","modified_gmt":"2020-04-08T16:49:46","slug":"python-geodatenverarbeitung","status":"publish","type":"page","link":"https:\/\/geo-education.ch\/?page_id=4156","title":{"rendered":"Python &#8211; Geodatenverarbeitung"},"content":{"rendered":"<h4>Beschreibung<\/h4>\n<p>Python ist heute eine der weit verbreitetsten Skript- und Programmiersprache. Sie wird eingesetzt f\u00fcr einfache Skripte und f\u00fcr komplexe Client-Server L\u00f6sungen. Sie kann Objekt-orientiert oder funktional verwendet werden und ist verh\u00e4ltnism\u00e4ssig einfach zu lernen.<br \/>\nGerade auch im Bereich der Geoinformationsverarbeitung wird Python mehr und mehr eingesetzt. Auch grosse GIS-Anbieter wie bspw. Esri bieten eine Python-Anbindung an (ArcPy). Im Bereich von Opensource-Komponenten werden Bibliotheken wie GDAL\/OGR und Shapely u.a. erfolgreich in der Praxis eingesetzt.<\/p>\n<h4>Voraussetzungen<\/h4>\n<p>Kursteilnehmende sollten vertraut sein im Umgang mit einem Computer (Windows oder Mac Betriebssystem) und Grundprinzipien von GIS und Geodaten verstehen. Programmierkenntnisse sind von Vorteil, aber nicht zwingend. Jedoch sollte Interesse vorhanden sein, eine Programmier- bzw. Skriptsprache zu erlernen. Die Kursteilnehmenden bringen ihren eigenen Computer mit.<\/p>\n<h4>Ziel<\/h4>\n<p>Der Kurs vermittelt die Grundlagen sowohl von Python als auch der Geodatenverarbeitung mittels Python und entsprechenden Komponenten, in diesem Fall Open Source Bibliotheken. Nach dem Besuch des Kurses sind die Kursteilnehmenden in der Lage eigene Skripte zu erstellen, Python-Skripte lesen und je nach Komplexit\u00e4t selbst\u00e4ndig anpassen zu k\u00f6nnen und die Grundprinzipien der Geodatenverarbeitung von Python verstanden zu haben. Sie kennen die wichtigsten Geodatenformate und k\u00f6nnen diese mit Python ansprechen und verarbeiten. Der Kurs vermittelt sowohl das Lesen als auch das Erzeugen bzw. Ver\u00e4ndern von Geodaten.<\/p>\n<h4>Inhalt<\/h4>\n<h5>Teil 1: Grundlagen Python<\/h5>\n<ul>\n<li>Datentypen<\/li>\n<li>Listen, Dictionaries, Collections<\/li>\n<li>Variablen<\/li>\n<li>Logische Ausdr\u00fccke<\/li>\n<li>Kontrollstrukturen (Fallunterscheidungen, Schleifen)<\/li>\n<li>Funktionen und Methoden<\/li>\n<li>Umgang mit Dateien (lesen\/schreiben)<\/li>\n<li>Umgang mit Modulen<\/li>\n<li>Kommandozeilenparameter<\/li>\n<\/ul>\n<h5>Teil 2: Geodatenverarbeitung mit Python und Opensource-Bibliotheken<\/h5>\n<ul>\n<li>Module GDAL\/OGR und Shapely<\/li>\n<li>Geodaten lesen und verarbeiten (Vektordaten und Rasterdaten)<\/li>\n<li>Geodaten verarbeiten, weiter prozessieren<\/li>\n<li>Geodaten schreiben<\/li>\n<li>Anbinden einer Geodatenbank<\/li>\n<li>umgang mit Geo-Webdiensten<\/li>\n<li>Ausblick \/ Vorstellung Esri ArcPy<\/li>\n<\/ul>\n<h4>Unterrichtszeit<\/h4>\n<p>48 (6 Tage)<\/p>\n<h4>Kurskosten<\/h4>\n<p>CHF 1&#8217;900.-<div id=\"themify_builder_content-4156\" data-postid=\"4156\" class=\"themify_builder_content themify_builder_content-4156 themify_builder\">\n    \t<!-- module_row -->\n\t<div  class=\"themify_builder_row module_row clearfix module_row_0 themify_builder_4156_row module_row_4156-0 tb_f7b67a7\">\n\t    \t    <div class=\"row_inner col_align_top\" >\n\t\t\t<div  class=\"module_column tb-column col-full first tb_4156_column module_column_0 module_column_4156-0-0 tb_d5f9373\">\n\t    \t    \t        <div class=\"tb-column-inner\">\n\t\t    <!-- module widget -->\n<div  class=\"module module-widget tb_82f08ee  repeat \">\n\t<\/div><!-- \/module widget -->\t        <\/div>\n\t    \t<\/div>\n\t\t    <\/div>\n\t    <!-- \/row_inner -->\n\t<\/div>\n\t<!-- \/module_row -->\n\t<\/div>\n\n\n","protected":false},"excerpt":{"rendered":"<p>Beschreibung Python ist heute eine der weit verbreitetsten Skript- und Programmiersprache. Sie wird eingesetzt f\u00fcr einfache Skripte und f\u00fcr komplexe Client-Server L\u00f6sungen. Sie kann Objekt-orientiert oder funktional verwendet werden und [&hellip;]<\/p>\n","protected":false},"author":2,"featured_media":4157,"parent":8673,"menu_order":1,"comment_status":"closed","ping_status":"closed","template":"","meta":{"_price":"","_stock":"","_tribe_ticket_header":"","_tribe_default_ticket_provider":"","_tribe_ticket_capacity":"0","_ticket_start_date":"","_ticket_end_date":"","_tribe_ticket_show_description":"","_tribe_ticket_show_not_going":false,"_tribe_ticket_use_global_stock":"","_tribe_ticket_global_stock_level":"","_global_stock_mode":"","_global_stock_cap":"","_tribe_rsvp_for_event":"","_tribe_ticket_going_count":"","_tribe_ticket_not_going_count":"","_tribe_tickets_list":"[]","_tribe_ticket_has_attendee_info_fields":false,"footnotes":""},"class_list":["post-4156","page","type-page","status-publish","has-post-thumbnail","hentry","has-post-title","has-post-date","has-post-category","has-post-tag","has-post-comment","has-post-author",""],"_links":{"self":[{"href":"https:\/\/geo-education.ch\/index.php?rest_route=\/wp\/v2\/pages\/4156","targetHints":{"allow":["GET"]}}],"collection":[{"href":"https:\/\/geo-education.ch\/index.php?rest_route=\/wp\/v2\/pages"}],"about":[{"href":"https:\/\/geo-education.ch\/index.php?rest_route=\/wp\/v2\/types\/page"}],"author":[{"embeddable":true,"href":"https:\/\/geo-education.ch\/index.php?rest_route=\/wp\/v2\/users\/2"}],"replies":[{"embeddable":true,"href":"https:\/\/geo-education.ch\/index.php?rest_route=%2Fwp%2Fv2%2Fcomments&post=4156"}],"version-history":[{"count":9,"href":"https:\/\/geo-education.ch\/index.php?rest_route=\/wp\/v2\/pages\/4156\/revisions"}],"predecessor-version":[{"id":9323,"href":"https:\/\/geo-education.ch\/index.php?rest_route=\/wp\/v2\/pages\/4156\/revisions\/9323"}],"up":[{"embeddable":true,"href":"https:\/\/geo-education.ch\/index.php?rest_route=\/wp\/v2\/pages\/8673"}],"wp:featuredmedia":[{"embeddable":true,"href":"https:\/\/geo-education.ch\/index.php?rest_route=\/wp\/v2\/media\/4157"}],"wp:attachment":[{"href":"https:\/\/geo-education.ch\/index.php?rest_route=%2Fwp%2Fv2%2Fmedia&parent=4156"}],"curies":[{"name":"wp","href":"https:\/\/api.w.org\/{rel}","templated":true}]}}