{"id":5172,"date":"2018-08-22T10:04:07","date_gmt":"2018-08-22T08:04:07","guid":{"rendered":"http:\/\/geo-education.ch\/?page_id=5172"},"modified":"2020-04-09T10:08:57","modified_gmt":"2020-04-09T08:08:57","slug":"b3c-management-de-la-qualite","status":"publish","type":"page","link":"https:\/\/geo-education.ch\/?page_id=5172&lang=it","title":{"rendered":"Management della qualit\u00e0 (O3c)"},"content":{"rendered":"<h4>Descrizione<\/h4>\n<p>Qualit\u00e0 e sicurezza sul lavoro sono fattori di successo e devono essere pianificati.<\/p>\n<h4>Requisiti<\/h4>\n<p>Nessuno<\/p>\n<h4>Obiettivo<\/h4>\n<p>Descrivere il processo di creazione di un sistema di management della qualit\u00e0. Nel campo della sicurezza sul lavoro \u00e8 necessario utilizzare e mettere in pratica i seguenti punti a seconda della necessit\u00e0:<\/p>\n<ul>\n<li>Riconoscere i pericoli di incidente.<\/li>\n<li>Tenere un corretto comportamento in caso di incidente.<\/li>\n<li>Sensibilizzare il personale sui potenziali pericoli esistenti sul posto di lavoro.<\/li>\n<li>Ampliare le cognizioni generali concernenti la corrente elettrica.<\/li>\n<li>Inserire correttamente gli apparecchi di lavoro e gli attrezzi ed escludere i pericoli.<\/li>\n<li>Segnaletica nel traffico stradale<\/li>\n<\/ul>\n<h4>Contenuto<\/h4>\n<h5>Management della qualit\u00e0:<\/h5>\n<ul>\n<li>Strumenti (TQM)<\/li>\n<li>Definizione, accettazione e rappresentazione del processo (genere \/ procedura).<\/li>\n<li>Procedura da seguire per la creazione di un sistema di management della qualit\u00e0.<\/li>\n<li>Pianificazione e realizzazione.<\/li>\n<li>Piani d\u2019azione per il miglioramento.<\/li>\n<li>Vantaggi e svantaggi di una certificazione secondo ISO 9001.<\/li>\n<\/ul>\n<h5>Sicurezza sul lavoro:<\/h5>\n<ul>\n<li>Prevenzione degli incidenti<\/li>\n<li>Letteratura SUVA<\/li>\n<li>Equipaggiamento di protezione<\/li>\n<li>Segnaletica<\/li>\n<li>Riconoscere i rischi di incidenti (macchine sul cantiere, elettricit\u00e0, interruttori di protezione FI, veleni)<\/li>\n<li>Avvisi di incidente e procedure<\/li>\n<li>Vie di fuga, utilizzazione di estintori, spegnimento di piccoli incendi<\/li>\n<li>Farmaci<\/li>\n<\/ul>\n<h4>Durata<\/h4>\n<p>16 ore lezione<\/p>\n<div id=\"themify_builder_content-5172\" data-postid=\"5172\" class=\"themify_builder_content themify_builder_content-5172 themify_builder\">\n    <\/div>\n\n\n","protected":false},"excerpt":{"rendered":"<p>Descrizione Qualit\u00e0 e sicurezza sul lavoro sono fattori di successo e devono essere pianificati. Requisiti Nessuno Obiettivo Descrivere il processo di creazione di un sistema di management della qualit\u00e0. Nel [&hellip;]<\/p>\n","protected":false},"author":2,"featured_media":0,"parent":5075,"menu_order":2,"comment_status":"closed","ping_status":"closed","template":"","meta":{"_price":"","_stock":"","_tribe_ticket_header":"","_tribe_default_ticket_provider":"","_tribe_ticket_capacity":"0","_ticket_start_date":"","_ticket_end_date":"","_tribe_ticket_show_description":"","_tribe_ticket_show_not_going":false,"_tribe_ticket_use_global_stock":"","_tribe_ticket_global_stock_level":"","_global_stock_mode":"","_global_stock_cap":"","_tribe_rsvp_for_event":"","_tribe_ticket_going_count":"","_tribe_ticket_not_going_count":"","_tribe_tickets_list":"[]","_tribe_ticket_has_attendee_info_fields":false,"footnotes":""},"class_list":["post-5172","page","type-page","status-publish","hentry","has-post-title","has-post-date","has-post-category","has-post-tag","has-post-comment","has-post-author",""],"_links":{"self":[{"href":"https:\/\/geo-education.ch\/index.php?rest_route=\/wp\/v2\/pages\/5172","targetHints":{"allow":["GET"]}}],"collection":[{"href":"https:\/\/geo-education.ch\/index.php?rest_route=\/wp\/v2\/pages"}],"about":[{"href":"https:\/\/geo-education.ch\/index.php?rest_route=\/wp\/v2\/types\/page"}],"author":[{"embeddable":true,"href":"https:\/\/geo-education.ch\/index.php?rest_route=\/wp\/v2\/users\/2"}],"replies":[{"embeddable":true,"href":"https:\/\/geo-education.ch\/index.php?rest_route=%2Fwp%2Fv2%2Fcomments&post=5172"}],"version-history":[{"count":6,"href":"https:\/\/geo-education.ch\/index.php?rest_route=\/wp\/v2\/pages\/5172\/revisions"}],"predecessor-version":[{"id":10451,"href":"https:\/\/geo-education.ch\/index.php?rest_route=\/wp\/v2\/pages\/5172\/revisions\/10451"}],"up":[{"embeddable":true,"href":"https:\/\/geo-education.ch\/index.php?rest_route=\/wp\/v2\/pages\/5075"}],"wp:attachment":[{"href":"https:\/\/geo-education.ch\/index.php?rest_route=%2Fwp%2Fv2%2Fmedia&parent=5172"}],"curies":[{"name":"wp","href":"https:\/\/api.w.org\/{rel}","templated":true}]}}