{"id":5209,"date":"2018-08-22T11:40:54","date_gmt":"2018-08-22T09:40:54","guid":{"rendered":"http:\/\/geo-education.ch\/?page_id=5209"},"modified":"2020-05-18T13:29:39","modified_gmt":"2020-05-18T11:29:39","slug":"s1a-cadastre-rdppf","status":"publish","type":"page","link":"https:\/\/geo-education.ch\/?page_id=5209&lang=it","title":{"rendered":"Catasto RDPP (F1a)"},"content":{"rendered":"<h4><\/h4>\n<div id=\"themify_builder_content-5209\" data-postid=\"5209\" class=\"themify_builder_content themify_builder_content-5209 themify_builder\">\n    \t<!-- module_row -->\n\t<div  class=\"themify_builder_row module_row clearfix module_row_1 themify_builder_5209_row module_row_5209-1 tb_tfui252\">\n\t    \t    <div class=\"row_inner col_align_top\" >\n\t\t\t<div  class=\"module_column tb-column col-full first tb_5209_column module_column_0 module_column_5209-1-0 tb_tdwh253\">\n\t    \t    \t        <div class=\"tb-column-inner\">\n\t\t    <!-- module plain text -->\n<div  class=\"module module-plain-text tb_t5hz918  \">\n        <div class=\"tb_text_wrap\" >\n\t    <\/div>\n<\/div>\n<!-- \/module plain text -->\t        <\/div>\n\t    \t<\/div>\n\t\t    <\/div>\n\t    <!-- \/row_inner -->\n\t<\/div>\n\t<!-- \/module_row -->\n\t\t<!-- module_row -->\n\t<div  class=\"themify_builder_row module_row clearfix module_row_3 themify_builder_5209_row module_row_5209-3 tb_l1dm682\">\n\t    \t    <div class=\"row_inner col_align_top\" >\n\t\t\t<div  class=\"module_column tb-column col-full first tb_5209_column module_column_0 module_column_5209-3-0 tb_rstm682\">\n\t    \t    \t        <div class=\"tb-column-inner\">\n\t\t    <!-- module text -->\n<div  class=\"module module-text tb_kqqr694    \">\n            <div  class=\"tb_text_wrap\">\n    <h5>Contenuto (bozza)<\/h5>\n<h4>DESCRIZIONE<\/h4>\n<p>Gli utenti dei dati catastali richiedono sempre pi\u00f9 spesso dati spaziali che coprano tutti i rapporti giuridici e le strutture edilizie spaziali. Le restrizioni di propriet\u00e0 di diritto privato sono stabilite nel registro fondiario, compresa la misurazione ufficiale. Il Catasto RDPP \u00e8 stato creato per le restrizioni di diritto pubblico in materia di propriet\u00e0 (pianificazione del territorio, ambiente, ecc.).<\/p>\n<h4>PREREQUISITI<\/h4>\n<p>Si raccomanda la conoscenza dei dati delle misurazioni catastali, delle conoscenze GIS di base e di Interlis.<\/p>\n<h4>OBIETTIVO<\/h4>\n<ul>\n<li>Descrivere le restrizioni di propriet\u00e0<\/li>\n<li>Obiettivi del catasto spaziale, spiegare il catasto delle restrizioni di propriet\u00e0 pubblica<\/li>\n<li>Comprensione del concetto di Catasto RDPP<\/li>\n<\/ul>\n<h4>CONTENUTO<\/h4>\n<ul>\n<li>Restrizioni della propriet\u00e0 (diritto pubblico \/ diritto privato)<\/li>\n<li>esigenze del cliente<\/li>\n<li>Vision PLR-cadastre<\/li>\n<li>catasto spaziale, catasto delle restrizioni di diritto pubblico sulla propriet\u00e0<\/li>\n<li>Requisiti della legge sulla geoinformazione<\/li>\n<li>Lavoro necessario a livello federale e cantonale<\/li>\n<li>Concetto tecnico del progetto RDPP-Cadastre<\/li>\n<li>Differenza tra i modelli di dati PLR-cadastre e quelli convenzionali<\/li>\n<li>Modelli, interfacce, componenti<\/li>\n<li>Architettura<\/li>\n<li>Adattare le leggi dei modelli<\/li>\n<\/ul>\n<h4>DURATA<\/h4>\n<p>8 lezioni (1 giorno)<\/p>    <\/div>\n<\/div>\n<!-- \/module text -->\n\t        <\/div>\n\t    \t<\/div>\n\t\t    <\/div>\n\t    <!-- \/row_inner -->\n\t<\/div>\n\t<!-- \/module_row -->\n\t<\/div>\n\n\n","protected":false},"excerpt":{"rendered":"<p>Contenuto (bozza) DESCRIZIONE Gli utenti dei dati catastali richiedono sempre pi\u00f9 spesso dati spaziali che coprano tutti i rapporti giuridici e le strutture edilizie spaziali. Le restrizioni di propriet\u00e0 di [&hellip;]<\/p>\n","protected":false},"author":2,"featured_media":0,"parent":5087,"menu_order":0,"comment_status":"closed","ping_status":"closed","template":"","meta":{"_price":"","_stock":"","_tribe_ticket_header":"","_tribe_default_ticket_provider":"","_tribe_ticket_capacity":"0","_ticket_start_date":"","_ticket_end_date":"","_tribe_ticket_show_description":"","_tribe_ticket_show_not_going":false,"_tribe_ticket_use_global_stock":"","_tribe_ticket_global_stock_level":"","_global_stock_mode":"","_global_stock_cap":"","_tribe_rsvp_for_event":"","_tribe_ticket_going_count":"","_tribe_ticket_not_going_count":"","_tribe_tickets_list":"[]","_tribe_ticket_has_attendee_info_fields":false,"footnotes":""},"class_list":["post-5209","page","type-page","status-publish","hentry","has-post-title","has-post-date","has-post-category","has-post-tag","has-post-comment","has-post-author",""],"_links":{"self":[{"href":"https:\/\/geo-education.ch\/index.php?rest_route=\/wp\/v2\/pages\/5209","targetHints":{"allow":["GET"]}}],"collection":[{"href":"https:\/\/geo-education.ch\/index.php?rest_route=\/wp\/v2\/pages"}],"about":[{"href":"https:\/\/geo-education.ch\/index.php?rest_route=\/wp\/v2\/types\/page"}],"author":[{"embeddable":true,"href":"https:\/\/geo-education.ch\/index.php?rest_route=\/wp\/v2\/users\/2"}],"replies":[{"embeddable":true,"href":"https:\/\/geo-education.ch\/index.php?rest_route=%2Fwp%2Fv2%2Fcomments&post=5209"}],"version-history":[{"count":10,"href":"https:\/\/geo-education.ch\/index.php?rest_route=\/wp\/v2\/pages\/5209\/revisions"}],"predecessor-version":[{"id":11627,"href":"https:\/\/geo-education.ch\/index.php?rest_route=\/wp\/v2\/pages\/5209\/revisions\/11627"}],"up":[{"embeddable":true,"href":"https:\/\/geo-education.ch\/index.php?rest_route=\/wp\/v2\/pages\/5087"}],"wp:attachment":[{"href":"https:\/\/geo-education.ch\/index.php?rest_route=%2Fwp%2Fv2%2Fmedia&parent=5209"}],"curies":[{"name":"wp","href":"https:\/\/api.w.org\/{rel}","templated":true}]}}