{"id":6185,"date":"2018-10-04T21:33:58","date_gmt":"2018-10-04T19:33:58","guid":{"rendered":"https:\/\/geo-education.ch\/?page_id=6185"},"modified":"2022-05-23T09:13:58","modified_gmt":"2022-05-23T07:13:58","slug":"examen-professionnel","status":"publish","type":"page","link":"https:\/\/geo-education.ch\/?page_id=6185","title":{"rendered":"Berufspr\u00fcfung"},"content":{"rendered":"<div id=\"themify_builder_content-6185\" data-postid=\"6185\" class=\"themify_builder_content themify_builder_content-6185 themify_builder\">\n    \t<!-- module_row -->\n\t<div  class=\"themify_builder_row module_row clearfix module_row_0 themify_builder_6185_row module_row_6185-0 tb_50c5b56\">\n\t    \t    <div class=\"row_inner col_align_top\" >\n\t\t\t<div  class=\"module_column tb-column col-full first tb_6185_column module_column_0 module_column_6185-0-0 tb_59547c3\">\n\t    \t    \t        <div class=\"tb-column-inner\">\n\t\t        <!-- module feature -->\n   <div  class=\"module module-feature tb_25c8e24 with-chart layout-icon-left size-small  \">\n        <style type=\"text\/css\">.tb_25c8e24 .module-feature-chart-html5 {\n\t\t\t    box-shadow: inset 0 0 0 3px rgba(0,0,0,.1);\n\t\t\t}\n\t\t\t.tb_25c8e24 .chart-loaded.chart-html5-fill {\n\t\t\t    box-shadow: inset 0 0 0 3px #de5d5d;\n\t\t    }<\/style>\n        \n        <div class=\"module-feature-image\">\n            \n            \n                <div class=\"module-feature-chart-html5\"\n                                         data-progress=\"0\"\n                         data-progress-end=\"100\"\n                         data-size=\"100\"\n                                          >\n                    <div class=\"chart-html5-circle\">\n                                                    <div class=\"chart-html5-mask chart-html5-full\">\n                                <div class=\"chart-html5-fill\"><\/div>\n                            <\/div>\n                            <div class=\"chart-html5-mask chart-html5-half\">\n                                <div class=\"chart-html5-fill\"><\/div>\n                            <\/div>\n                                                <div class=\"chart-html5-inset chart-html5-inset-icon\">\n\n                                                                                            <i class=\"module-feature-icon fa fa-graduation-cap\"><\/i>                            \n                        <\/div>\n                    <\/div>\n                <\/div>\n\n                        <\/div>\n\n        <div class=\"module-feature-content\">\n\t\t\t                                        <h3 class=\"module-feature-title\">\n                                                                                            Berufspr\u00fcfung                                                                                    <\/h3>\n                                \t    <div class=\"tb_text_wrap\">\n\t\t<p>Mit der Berufspr\u00fcfung wird die Ausbildung zum Geomatiktechniker\/in abgeschlossen. In einer Diplomarbeit kannst du die erlangten Kompetenzen anwenden und ein Thema vertiefen, welches dich besonders interessiert.<\/p>\n<h4>Anmeldung<\/h4>\n<p class=\"bodytext\">Der Anmeldetermin ist jeweils 6 Monate vor Pr\u00fcfungsbeginn (Tag der m\u00fcndlichen Pr\u00e4sentation und Befragung). Bis zu diesem Termin m\u00fcssen alle g\u00fcltigen Modulabschl\u00fcsse vorliegen. Die Anmeldung erfolgt elektronisch (siehe untenstehender Link).<\/p>\n<p class=\"bodytext\"><a href=\"http:\/\/portal.tv-geo.ch\/\" target=\"_blank\" rel=\"noopener\">zur Anmeldung<\/a><\/p>\n<h5><a href=\"https:\/\/www.berufsbildung-geomatik.ch\/de\/weiterbildung\/berufspruefung.html\" target=\"_blank\" rel=\"noopener\">&gt; Informationen zur Berufspr\u00fcfung auf der Website des Tr\u00e4gervereins Geomatiker\/-in Schweiz<\/a><\/h5>\t    <\/div>\n\t<\/div>\n\n    <\/div>\n    <!-- \/module feature -->\n\t        <\/div>\n\t    \t<\/div>\n\t\t    <\/div>\n\t    <!-- \/row_inner -->\n\t<\/div>\n\t<!-- \/module_row -->\n\t<\/div>\n\n\n","protected":false},"excerpt":{"rendered":"<p>Berufspr\u00fcfung Mit der Berufspr\u00fcfung wird die Ausbildung zum Geomatiktechniker\/in abgeschlossen. In einer Diplomarbeit kannst du die erlangten Kompetenzen anwenden und ein Thema vertiefen, welches dich besonders interessiert. Anmeldung Der Anmeldetermin [&hellip;]<\/p>\n","protected":false},"author":2,"featured_media":0,"parent":6634,"menu_order":3,"comment_status":"closed","ping_status":"closed","template":"","meta":{"_price":"","_stock":"","_tribe_ticket_header":"","_tribe_default_ticket_provider":"","_tribe_ticket_capacity":"0","_ticket_start_date":"","_ticket_end_date":"","_tribe_ticket_show_description":"","_tribe_ticket_show_not_going":false,"_tribe_ticket_use_global_stock":"","_tribe_ticket_global_stock_level":"","_global_stock_mode":"","_global_stock_cap":"","_tribe_rsvp_for_event":"","_tribe_ticket_going_count":"","_tribe_ticket_not_going_count":"","_tribe_tickets_list":"[]","_tribe_ticket_has_attendee_info_fields":false,"footnotes":""},"class_list":["post-6185","page","type-page","status-publish","hentry","has-post-title","has-post-date","has-post-category","has-post-tag","has-post-comment","has-post-author",""],"_links":{"self":[{"href":"https:\/\/geo-education.ch\/index.php?rest_route=\/wp\/v2\/pages\/6185","targetHints":{"allow":["GET"]}}],"collection":[{"href":"https:\/\/geo-education.ch\/index.php?rest_route=\/wp\/v2\/pages"}],"about":[{"href":"https:\/\/geo-education.ch\/index.php?rest_route=\/wp\/v2\/types\/page"}],"author":[{"embeddable":true,"href":"https:\/\/geo-education.ch\/index.php?rest_route=\/wp\/v2\/users\/2"}],"replies":[{"embeddable":true,"href":"https:\/\/geo-education.ch\/index.php?rest_route=%2Fwp%2Fv2%2Fcomments&post=6185"}],"version-history":[{"count":24,"href":"https:\/\/geo-education.ch\/index.php?rest_route=\/wp\/v2\/pages\/6185\/revisions"}],"predecessor-version":[{"id":15702,"href":"https:\/\/geo-education.ch\/index.php?rest_route=\/wp\/v2\/pages\/6185\/revisions\/15702"}],"up":[{"embeddable":true,"href":"https:\/\/geo-education.ch\/index.php?rest_route=\/wp\/v2\/pages\/6634"}],"wp:attachment":[{"href":"https:\/\/geo-education.ch\/index.php?rest_route=%2Fwp%2Fv2%2Fmedia&parent=6185"}],"curies":[{"name":"wp","href":"https:\/\/api.w.org\/{rel}","templated":true}]}}