{"id":6280,"date":"2018-10-05T08:33:11","date_gmt":"2018-10-05T06:33:11","guid":{"rendered":"https:\/\/geo-education.ch\/?page_id=6280"},"modified":"2026-04-15T19:21:27","modified_gmt":"2026-04-15T17:21:27","slug":"informations-generales","status":"publish","type":"page","link":"https:\/\/geo-education.ch\/?page_id=6280","title":{"rendered":"Allgemeine Informationen"},"content":{"rendered":"<div id=\"themify_builder_content-6280\" data-postid=\"6280\" class=\"themify_builder_content themify_builder_content-6280 themify_builder\">\n    \t<!-- module_row -->\n\t<div  class=\"themify_builder_row module_row clearfix module_row_0 themify_builder_6280_row module_row_6280-0 tb_c6192d5\">\n\t    \t    <div class=\"row_inner col_align_top\" >\n\t\t\t<div  class=\"module_column tb-column col-full first tb_6280_column module_column_0 module_column_6280-0-0 tb_a738516\">\n\t    \t    \t        <div class=\"tb-column-inner\">\n\t\t        <!-- module feature -->\n   <div  class=\"module module-feature tb_f80cafd with-chart layout-icon-left size-small   wow zoomInLeft\">\n        <style type=\"text\/css\">.tb_f80cafd .module-feature-chart-html5 {\n\t\t\t    box-shadow: inset 0 0 0 3px rgba(0,0,0,.1);\n\t\t\t}\n\t\t\t.tb_f80cafd .chart-loaded.chart-html5-fill {\n\t\t\t    box-shadow: inset 0 0 0 3px #de5d5d;\n\t\t    }<\/style>\n        \n        <div class=\"module-feature-image\">\n            \n            \n                <div class=\"module-feature-chart-html5\"\n                                         data-progress=\"0\"\n                         data-progress-end=\"100\"\n                         data-size=\"100\"\n                                          >\n                    <div class=\"chart-html5-circle\">\n                                                    <div class=\"chart-html5-mask chart-html5-full\">\n                                <div class=\"chart-html5-fill\"><\/div>\n                            <\/div>\n                            <div class=\"chart-html5-mask chart-html5-half\">\n                                <div class=\"chart-html5-fill\"><\/div>\n                            <\/div>\n                                                <div class=\"chart-html5-inset chart-html5-inset-icon\">\n\n                                                                                            <i class=\"module-feature-icon fa fa-info-circle\" style=\"color: #000\"><\/i>                            \n                        <\/div>\n                    <\/div>\n                <\/div>\n\n                        <\/div>\n\n        <div class=\"module-feature-content\">\n\t\t\t                                        <h3 class=\"module-feature-title\">\n                                                                                            Informationen zur modularen Ausbildung zum eidg. FA in Geomatiktechnik                                                                                    <\/h3>\n                                \t    <div class=\"tb_text_wrap\">\n\t\t<h5 style=\"text-align: left;\"><strong>Modularer Lehrgang<\/strong><\/h5>\n<ul style=\"text-align: left;\">\n<li>Basis- bzw. Wahlmodule werden jeweils mit einer Modulpr\u00fcfung abgeschlossen und sind sechs Jahre g\u00fcltig<\/li>\n<li>Modulpr\u00fcfungen sind ein Teil des Fachausweises<\/li>\n<li>Modulpr\u00fcfungen mit min. Note 4 gelten als erfolgreich<\/li>\n<li>Nach erfolgreichem Abschluss von 5 Basis- und 5 Wahlmodulen folgt die Abschlussarbeit zum eidg. Fachausweis<\/li>\n<li>Die Studierenden erhalten einen Teil der Ausbildungskosten \u00fcber Bundesbeitr\u00e4ge zur\u00fcck <a href=\"https:\/\/www.sbfi.admin.ch\/sbfi\/de\/home\/bildung\/bwb\/hbb\/bundesbeitraege.html\" target=\"_blank\" rel=\"noopener\">weitere Informationen<\/a><\/li>\n<li>Technische Voraussetzung: Pers\u00f6nlicher Laptop (GIS-Module ben\u00f6tigen Windows)<\/li>\n<\/ul>\n<h5 style=\"text-align: left;\">Basismodule<\/h5>\n<ul style=\"text-align: left;\">\n<li>Diese obligatorischen Module m\u00fcssen erfolgreich abgeschlossen werden<\/li>\n<li>Start Basismodul-Lehrgang jeweils im August und dauert bis Juli des darauffolgenden Jahres<\/li>\n<li>Die Anzahl Studienpl\u00e4tze ist beschr\u00e4nkt, sichern Sie sich Ihren Studienplatz<\/li>\n<li>Sie k\u00f6nnen sich jederzeit anmelden <a href=\"https:\/\/geo-education.ch\/?page_id=3837\">zur Anmeldung<\/a><\/li>\n<\/ul>\n<h5 style=\"text-align: left;\">Wahlmodule<\/h5>\n<ul style=\"text-align: left;\">\n<li>Wir empfehlen den Besuch der Wahlmodule nach Abschluss der Basismodule<\/li>\n<li>\n<p>Bei der Anmeldung zu den Wahlmodulen <strong>muss zwingend der gew\u00fcnschte Klassencode angegeben werden, z.B. S1-27<\/strong>. Diese Angaben sind in der Modulplanung ersichtlich<\/p>\n<\/li>\n<li>\n<p>Es m\u00fcssen jeweils f\u00fcnf Wahlmodule erfolgreich abgeschlossen werden<\/p>\n<\/li>\n<\/ul>\n<h5 style=\"text-align: left;\"><strong>Zur Planung<\/strong><\/h5>\n<ul style=\"text-align: left;\">\n<li>F\u00fcr die Ausbildung sollten min. zwei Jahre eingeplant werden<\/li>\n<li>Als Grundlage f\u00fcr die Ferienplanung gilt der Ferienplan des Kantons Z\u00fcrich: <a href=\"http:\/\/www.bbzh.ch\/services\/unterrichtszeiten-ferienplaene\/\" target=\"_blank\" rel=\"noopener\">Ferienplan Kanton Z\u00fcrich<\/a><\/li>\n<li>Beachten Sie jeweils die aktuelle Modulplanung (PDF-File)<\/li>\n<\/ul>\n<h5 style=\"text-align: left;\"><strong>Kursorte<\/strong><\/h5>\n<ul style=\"text-align: left;\">\n<li>Die Kurse finden prim\u00e4r in Z\u00fcrich oder Zug statt. In Ausnahmef\u00e4llen k\u00f6nnen sie auch in anderen St\u00e4dten stattfinden<\/li>\n<li>Viele Kurstage finden aber auch online statt und werden von zu Hause aus besucht<\/li>\n<\/ul>\n<h5 style=\"text-align: left;\"><strong>Reglemente zum eidg. Fachausweis\u00a0<\/strong><\/h5>\n<ul style=\"text-align: left;\">\n<li><a href=\"https:\/\/www.berufsbildung-geomatik.ch\/fileadmin\/documents\/Weiterbildung\/QSK\/PO_BP_Geomatiktechniker_d_genehmigt_20-05-2015.pdf\" target=\"_blank\" rel=\"noopener\">Pr\u00fcfungsordnung<\/a><\/li>\n<li><a href=\"https:\/\/www.berufsbildung-geomatik.ch\/fileadmin\/documents\/Weiterbildung\/QSK\/Wegleitung_Geomatiktechniker_d.pdf\" target=\"_blank\" rel=\"noopener\">Wegleitung zur Pr\u00fcfungsordnung<\/a><\/li>\n<li><a href=\"https:\/\/geo-education.ch\/wp-content\/uploads\/2020\/06\/BIZGeo_Teilnahmebedingungen.pdf\" target=\"_blank\" rel=\"noopener\">Teilnahmebedingungen<\/a><\/li>\n<li><a href=\"https:\/\/www.berufsbildung-geomatik.ch\/de\/weiterbildung.html\" target=\"_blank\" rel=\"noopener\">Tr\u00e4gerverein Geomatiker*in Schweiz<\/a><\/li>\n<\/ul>\t    <\/div>\n\t<\/div>\n\n    <\/div>\n    <!-- \/module feature -->\n\t        <\/div>\n\t    \t<\/div>\n\t\t    <\/div>\n\t    <!-- \/row_inner -->\n\t<\/div>\n\t<!-- \/module_row -->\n\t\t<!-- module_row -->\n\t<div  class=\"themify_builder_row module_row clearfix module_row_1 themify_builder_6280_row module_row_6280-1 tb_fe9t721\">\n\t    \t    <div class=\"row_inner col_align_top\" >\n\t\t\t<div  class=\"module_column tb-column col4-2 first tb_6280_column module_column_0 module_column_6280-1-0 tb_j59s722\">\n\t    \t    \t        <div class=\"tb-column-inner\">\n\t\t        <!-- module image -->\n    <div  class=\"module module-image tb_leuu501 rounded bordered image-right  \">\n\t                <div class=\"image-wrap\">\n                            <img loading=\"lazy\" decoding=\"async\" width=\"350\" height=\"512\" src=\"https:\/\/geo-education.ch\/wp-content\/uploads\/2024\/01\/Taxonomie.png\" class=\" wp-post-image wp-image-20205\" title=\"Taxonomie\" alt=\"Taxonomie\" srcset=\"https:\/\/geo-education.ch\/wp-content\/uploads\/2024\/01\/Taxonomie.png 350w, https:\/\/geo-education.ch\/wp-content\/uploads\/2024\/01\/Taxonomie-205x300.png 205w\" sizes=\"auto, (max-width: 350px) 100vw, 350px\" \/>            \n                        <\/div>\n            <!-- \/image-wrap -->\n        \n        \n        <\/div>\n    <!-- \/module image -->\n\t        <\/div>\n\t    \t<\/div>\n\t\t<div  class=\"module_column tb-column col4-2 last tb_6280_column module_column_1 module_column_6280-1-1 tb_v3v8832\">\n\t    \t    \t<\/div>\n\t\t    <\/div>\n\t    <!-- \/row_inner -->\n\t<\/div>\n\t<!-- \/module_row -->\n\t\t<!-- module_row -->\n\t<div  class=\"themify_builder_row module_row clearfix module_row_2 themify_builder_6280_row module_row_6280-2 tb_gmv1146\">\n\t    \t    <div class=\"row_inner col_align_top\" >\n\t\t\t<div  class=\"module_column tb-column col4-2 first tb_6280_column module_column_0 module_column_6280-2-0 tb_re2r146\">\n\t    \t    \t        <div class=\"tb-column-inner\">\n\t\t        <!-- module box -->\n    <div  class=\"module module-box tb_2k0t393  \">\n\t                <div class=\"module-box-content ui  tb_default_color fullcover\">\n\t    <div class=\"tb_text_wrap\"><p><a href=\"https:\/\/geo-education.ch\/?page_id=3305\">Basismodule<\/a><\/div>\n        <\/div>\n    <\/div>\n    <!-- \/module box -->\n\t        <\/div>\n\t    \t<\/div>\n\t\t<div  class=\"module_column tb-column col4-2 last tb_6280_column module_column_1 module_column_6280-2-1 tb_odn8146\">\n\t    \t    \t        <div class=\"tb-column-inner\">\n\t\t        <!-- module box -->\n    <div  class=\"module module-box tb_rgra473  \">\n\t                <div class=\"module-box-content ui  tb_default_color repeat\">\n\t    <div class=\"tb_text_wrap\"><p><a href=\"https:\/\/geo-education.ch\/?page_id=3317\">Wahlmodule<\/a><\/div>\n        <\/div>\n    <\/div>\n    <!-- \/module box -->\n\t        <\/div>\n\t    \t<\/div>\n\t\t    <\/div>\n\t    <!-- \/row_inner -->\n\t<\/div>\n\t<!-- \/module_row -->\n\t<\/div>\n\n\n","protected":false},"excerpt":{"rendered":"<p>Informationen zur modularen Ausbildung zum eidg. FA in Geomatiktechnik Modularer Lehrgang Basis- bzw. Wahlmodule werden jeweils mit einer Modulpr\u00fcfung abgeschlossen und sind sechs Jahre g\u00fcltig Modulpr\u00fcfungen sind ein Teil des [&hellip;]<\/p>\n","protected":false},"author":2,"featured_media":0,"parent":0,"menu_order":3,"comment_status":"closed","ping_status":"closed","template":"","meta":{"_price":"","_stock":"","_tribe_ticket_header":"","_tribe_default_ticket_provider":"","_tribe_ticket_capacity":"0","_ticket_start_date":"","_ticket_end_date":"","_tribe_ticket_show_description":"","_tribe_ticket_show_not_going":false,"_tribe_ticket_use_global_stock":"","_tribe_ticket_global_stock_level":"","_global_stock_mode":"","_global_stock_cap":"","_tribe_rsvp_for_event":"","_tribe_ticket_going_count":"","_tribe_ticket_not_going_count":"","_tribe_tickets_list":"[]","_tribe_ticket_has_attendee_info_fields":false,"footnotes":""},"class_list":["post-6280","page","type-page","status-publish","hentry","has-post-title","has-post-date","has-post-category","has-post-tag","has-post-comment","has-post-author",""],"_links":{"self":[{"href":"https:\/\/geo-education.ch\/index.php?rest_route=\/wp\/v2\/pages\/6280","targetHints":{"allow":["GET"]}}],"collection":[{"href":"https:\/\/geo-education.ch\/index.php?rest_route=\/wp\/v2\/pages"}],"about":[{"href":"https:\/\/geo-education.ch\/index.php?rest_route=\/wp\/v2\/types\/page"}],"author":[{"embeddable":true,"href":"https:\/\/geo-education.ch\/index.php?rest_route=\/wp\/v2\/users\/2"}],"replies":[{"embeddable":true,"href":"https:\/\/geo-education.ch\/index.php?rest_route=%2Fwp%2Fv2%2Fcomments&post=6280"}],"version-history":[{"count":76,"href":"https:\/\/geo-education.ch\/index.php?rest_route=\/wp\/v2\/pages\/6280\/revisions"}],"predecessor-version":[{"id":25666,"href":"https:\/\/geo-education.ch\/index.php?rest_route=\/wp\/v2\/pages\/6280\/revisions\/25666"}],"wp:attachment":[{"href":"https:\/\/geo-education.ch\/index.php?rest_route=%2Fwp%2Fv2%2Fmedia&parent=6280"}],"curies":[{"name":"wp","href":"https:\/\/api.w.org\/{rel}","templated":true}]}}