{"id":784,"date":"2018-08-21T18:57:23","date_gmt":"2018-08-21T16:57:23","guid":{"rendered":"http:\/\/geo-education.ch\/?page_id=784"},"modified":"2022-11-18T10:31:34","modified_gmt":"2022-11-18T09:31:34","slug":"module-b3-gestion-dentreprise","status":"publish","type":"page","link":"https:\/\/geo-education.ch\/?page_id=784&lang=fr","title":{"rendered":"Module B3 Gestion d&#8217;entreprise"},"content":{"rendered":"<div id=\"themify_builder_content-784\" data-postid=\"784\" class=\"themify_builder_content themify_builder_content-784 themify_builder\">\n    \t<!-- module_row -->\n\t<div  class=\"themify_builder_row module_row clearfix module_row_0 themify_builder_784_row module_row_784-0 tb_414e3ea\">\n\t    \t    <div class=\"row_inner col_align_top\" >\n\t\t\t<div  class=\"module_column tb-column col-full first tb_784_column module_column_0 module_column_784-0-0 tb_df3014b\">\n\t    \t    \t        <div class=\"tb-column-inner\">\n\t\t        <!-- module feature -->\n   <div  class=\"module module-feature tb_c442815 with-chart with-overlay-image layout-icon-left size-custom  \">\n        <style type=\"text\/css\">.tb_c442815 .module-feature-chart-html5 {\n\t\t\t    box-shadow: inset 0 0 0 3px rgba(0,0,0,.1);\n\t\t\t}\n\t\t\t.tb_c442815 .chart-loaded.chart-html5-fill {\n\t\t\t    box-shadow: inset 0 0 0 3px #de5d5d;\n\t\t    }<\/style>\n        \n        <div class=\"module-feature-image\">\n            <img loading=\"lazy\" decoding=\"async\" width=\"300\" height=\"307\" src=\"https:\/\/geo-education.ch\/wp-content\/uploads\/2018\/08\/B3.png\" class=\" wp-post-image wp-image-540\" title=\"B3\" alt=\"B3\" srcset=\"https:\/\/geo-education.ch\/wp-content\/uploads\/2018\/08\/B3.png 300w, https:\/\/geo-education.ch\/wp-content\/uploads\/2018\/08\/B3-293x300.png 293w, https:\/\/geo-education.ch\/wp-content\/uploads\/2018\/08\/B3-256x261.png 256w, https:\/\/geo-education.ch\/wp-content\/uploads\/2018\/08\/B3-978x1000.png 978w, https:\/\/geo-education.ch\/wp-content\/uploads\/2018\/08\/B3-50x50.png 50w\" sizes=\"auto, (max-width: 300px) 100vw, 300px\" \/>\n            \n                <div class=\"module-feature-chart-html5\"\n                                         data-progress=\"0\"\n                         data-progress-end=\"100\"\n                         data-size=\"\"\n                                          >\n                    <div class=\"chart-html5-circle\">\n                                                    <div class=\"chart-html5-mask chart-html5-full\">\n                                <div class=\"chart-html5-fill\"><\/div>\n                            <\/div>\n                            <div class=\"chart-html5-mask chart-html5-half\">\n                                <div class=\"chart-html5-fill\"><\/div>\n                            <\/div>\n                                                <div class=\"chart-html5-inset chart-html5-inset-icon\">\n\n                                                                                            <i class=\"module-feature-icon fa fa-home\"><\/i>                            \n                        <\/div>\n                    <\/div>\n                <\/div>\n\n                        <\/div>\n\n        <div class=\"module-feature-content\">\n\t\t\t\t    <div class=\"tb_text_wrap\">\n\t\t<h5>Apr\u00e8s avoir pass\u00e9 avec succ\u00e8s l\u2019examen de module, vous avez acquis les comp\u00e9tences essentielles suivantes:<\/h5>\n<p>D\u00e9crire les rapports politiques essentiels de la Suisse et expliquer des relations \u00e9conomiques simples. Avoir une vue d\u2019ensemble des normes existantes et nommer les normes SIA les plus importantes pour la branche de la g\u00e9omatique.\u00a0D\u00e9crire la marche \u00e0 suivre pour la cr\u00e9ation d\u2019un syst\u00e8me de management de la qualit\u00e9. Appliquer et r\u00e9aliser les points essentiels concernant la s\u00e9curit\u00e9 au travail.\u00a0A travers une orientation client \u201cv\u00e9cue\u201d, d\u00e9velopper un avantage concurrentiel et optimiser sa propre orientation client. D\u00e9crire\u00a0et diff\u00e9rencier les m\u00e9thodes, instruments et modalit\u00e9s de la gestion de projet et les mettre en \u0153uvre avec succ\u00e8s.<\/p>\n<h4>DUR\u00c9E D\u2019\u00c9TUDE<\/h4>\n<h5>P\u00e9riodes enseign\u00e9es<\/h5>\n<p>80 p\u00e9riodes<\/p>\n<h5>P\u00e9riodes de travail individuel<\/h5>\n<p>40 p\u00e9riodes<\/p>\n<h4>PR\u00c9REQUIS (RECOMMANDATIONS)<\/h4>\n<p>Aucun<\/p>\n<h4>COURS, CONTENU ET OBJECTIFS<\/h4>\n<h5><a href=\"https:\/\/geo-education.ch\/?page_id=792&amp;lang=fr\">B3a Normes<\/a><\/h5>\n<h5><a href=\"https:\/\/geo-education.ch\/?page_id=819&amp;lang=fr\">B3b Economie de march\u00e9<\/a><\/h5>\n<h5><a href=\"https:\/\/geo-education.ch\/?page_id=827&amp;lang=fr\">B3c Management de la qualit\u00e9<\/a><\/h5>\n<h5><a href=\"https:\/\/geo-education.ch\/?page_id=830&amp;lang=fr\">B3d Client, offre et devis<\/a><\/h5>\n<h5><a href=\"https:\/\/geo-education.ch\/?page_id=833&amp;lang=fr\">B3e Gestion de projet<\/a><\/h5>\n<h4>PRIX DU MODULE (TOUS LES COURS ET EXAMEN)<\/h4>\n<p>CHF 1\u2019750 .-<\/p>\t    <\/div>\n\t<\/div>\n\n    <\/div>\n    <!-- \/module feature -->\n\t        <\/div>\n\t    \t<\/div>\n\t\t    <\/div>\n\t    <!-- \/row_inner -->\n\t<\/div>\n\t<!-- \/module_row -->\n\t\t<!-- module_row -->\n\t<div  class=\"themify_builder_row module_row clearfix module_row_1 themify_builder_784_row module_row_784-1 tb_dsje322\">\n\t    \t    <div class=\"row_inner col_align_top\" >\n\t\t\t<div  class=\"module_column tb-column col-full first tb_784_column module_column_0 module_column_784-1-0 tb_unts323\">\n\t    \t    \t        <div class=\"tb-column-inner\">\n\t\t        <!-- module buttons -->\n    <div  class=\"module module-buttons tb_w7pt324 xlarge solid squared  \">\n\t        \t<div class=\"module-buttons\">\n                            <div class=\"module-buttons-item buttons-fullwidth \">\n\t\t    \t\t\t<a href=\"https:\/\/geo-education.ch\/?tribe_events_cat=gestion-dentreprise-b3&#038;lang=fr\" class=\"ui builder_button tb_default_color\" target=\"_blank\" rel=\"noopener\">\n\t\t    \t\t    \t\t\t<span>Calendrier des prochains cours et inscription en ligne<\/span>\n\t\t    \t\t    \t\t\t<\/a>\n\t\t                    <\/div>\n                    <\/div>\n    <\/div>\n    <!-- \/module buttons -->\n\t        <\/div>\n\t    \t<\/div>\n\t\t    <\/div>\n\t    <!-- \/row_inner -->\n\t<\/div>\n\t<!-- \/module_row -->\n\t<\/div>\n\n\n","protected":false},"excerpt":{"rendered":"<p>Apr\u00e8s avoir pass\u00e9 avec succ\u00e8s l\u2019examen de module, vous avez acquis les comp\u00e9tences essentielles suivantes: D\u00e9crire les rapports politiques essentiels de la Suisse et expliquer des relations \u00e9conomiques simples. Avoir [&hellip;]<\/p>\n","protected":false},"author":2,"featured_media":0,"parent":2083,"menu_order":2,"comment_status":"closed","ping_status":"closed","template":"","meta":{"_price":"","_stock":"","_tribe_ticket_header":"","_tribe_default_ticket_provider":"","_tribe_ticket_capacity":"0","_ticket_start_date":"","_ticket_end_date":"","_tribe_ticket_show_description":"","_tribe_ticket_show_not_going":false,"_tribe_ticket_use_global_stock":"","_tribe_ticket_global_stock_level":"","_global_stock_mode":"","_global_stock_cap":"","_tribe_rsvp_for_event":"","_tribe_ticket_going_count":"","_tribe_ticket_not_going_count":"","_tribe_tickets_list":"[]","_tribe_ticket_has_attendee_info_fields":false,"footnotes":""},"class_list":["post-784","page","type-page","status-publish","hentry","has-post-title","has-post-date","has-post-category","has-post-tag","has-post-comment","has-post-author",""],"_links":{"self":[{"href":"https:\/\/geo-education.ch\/index.php?rest_route=\/wp\/v2\/pages\/784","targetHints":{"allow":["GET"]}}],"collection":[{"href":"https:\/\/geo-education.ch\/index.php?rest_route=\/wp\/v2\/pages"}],"about":[{"href":"https:\/\/geo-education.ch\/index.php?rest_route=\/wp\/v2\/types\/page"}],"author":[{"embeddable":true,"href":"https:\/\/geo-education.ch\/index.php?rest_route=\/wp\/v2\/users\/2"}],"replies":[{"embeddable":true,"href":"https:\/\/geo-education.ch\/index.php?rest_route=%2Fwp%2Fv2%2Fcomments&post=784"}],"version-history":[{"count":19,"href":"https:\/\/geo-education.ch\/index.php?rest_route=\/wp\/v2\/pages\/784\/revisions"}],"predecessor-version":[{"id":16266,"href":"https:\/\/geo-education.ch\/index.php?rest_route=\/wp\/v2\/pages\/784\/revisions\/16266"}],"up":[{"embeddable":true,"href":"https:\/\/geo-education.ch\/index.php?rest_route=\/wp\/v2\/pages\/2083"}],"wp:attachment":[{"href":"https:\/\/geo-education.ch\/index.php?rest_route=%2Fwp%2Fv2%2Fmedia&parent=784"}],"curies":[{"name":"wp","href":"https:\/\/api.w.org\/{rel}","templated":true}]}}