{"id":792,"date":"2018-08-21T19:07:02","date_gmt":"2018-08-21T17:07:02","guid":{"rendered":"http:\/\/geo-education.ch\/?page_id=792"},"modified":"2022-11-18T10:40:37","modified_gmt":"2022-11-18T09:40:37","slug":"b3a-normes","status":"publish","type":"page","link":"https:\/\/geo-education.ch\/?page_id=792&lang=fr","title":{"rendered":"Normes (B3a)"},"content":{"rendered":"<h4>Description<\/h4>\n<p>L\u2019\u00e9tablissement de standards et de normes est la base de l\u2019\u00e9change de connaissance.<\/p>\n<h4>Pr\u00e9requis (recommandations)<\/h4>\n<p>Aucun<\/p>\n<h4>Objectifs<\/h4>\n<ul>\n<li>Tour d\u2019horizon sur l\u2019ouvrage des normes.<\/li>\n<li>Nommer les plus importantes normes SIA pour notre branche.<\/li>\n<\/ul>\n<h4>Contenu<\/h4>\n<ul>\n<li>Registre des normes SIA.<\/li>\n<li>Aides m\u00e9moires.<\/li>\n<li>Litt\u00e9rature sp\u00e9cialis\u00e9e.<\/li>\n<\/ul>\n<h4>Dur\u00e9e d\u2019\u00e9tude<\/h4>\n<p>8 p\u00e9riodes enseign\u00e9es plus environ 2 p\u00e9riodes de travail individuel.<\/p>\n<h4>Prix du cours<\/h4>\n<p>CHF 200.-<div id=\"themify_builder_content-792\" data-postid=\"792\" class=\"themify_builder_content themify_builder_content-792 themify_builder\">\n    \t<!-- module_row -->\n\t<div  class=\"themify_builder_row module_row clearfix module_row_0 themify_builder_792_row module_row_792-0 tb_twid975\">\n\t    \t    <div class=\"row_inner col_align_top\" >\n\t\t\t<div  class=\"module_column tb-column col-full first tb_792_column module_column_0 module_column_792-0-0 tb_uu0i975\">\n\t    \t    \t        <div class=\"tb-column-inner\">\n\t\t        <!-- module buttons -->\n    <div  class=\"module module-buttons tb_eot5976 xlarge solid squared  \">\n\t        \t<div class=\"module-buttons\">\n                            <div class=\"module-buttons-item buttons-fullwidth \">\n\t\t    \t\t\t<a href=\"https:\/\/geo-education.ch\/?tribe_events_cat=normes&#038;lang=fr\" class=\"ui builder_button tb_default_color\" target=\"_blank\" rel=\"noopener\">\n\t\t    \t\t    \t\t\t<span>Calendrier des prochains cours et inscription en ligne<\/span>\n\t\t    \t\t    \t\t\t<\/a>\n\t\t                    <\/div>\n                    <\/div>\n    <\/div>\n    <!-- \/module buttons -->\n\t        <\/div>\n\t    \t<\/div>\n\t\t    <\/div>\n\t    <!-- \/row_inner -->\n\t<\/div>\n\t<!-- \/module_row -->\n\t<\/div>\n\n\n","protected":false},"excerpt":{"rendered":"<p>Description L\u2019\u00e9tablissement de standards et de normes est la base de l\u2019\u00e9change de connaissance. Pr\u00e9requis (recommandations) Aucun Objectifs Tour d\u2019horizon sur l\u2019ouvrage des normes. Nommer les plus importantes normes SIA [&hellip;]<\/p>\n","protected":false},"author":2,"featured_media":0,"parent":784,"menu_order":0,"comment_status":"closed","ping_status":"closed","template":"","meta":{"_price":"","_stock":"","_tribe_ticket_header":"","_tribe_default_ticket_provider":"","_tribe_ticket_capacity":"0","_ticket_start_date":"","_ticket_end_date":"","_tribe_ticket_show_description":"","_tribe_ticket_show_not_going":false,"_tribe_ticket_use_global_stock":"","_tribe_ticket_global_stock_level":"","_global_stock_mode":"","_global_stock_cap":"","_tribe_rsvp_for_event":"","_tribe_ticket_going_count":"","_tribe_ticket_not_going_count":"","_tribe_tickets_list":"[]","_tribe_ticket_has_attendee_info_fields":false,"footnotes":""},"class_list":["post-792","page","type-page","status-publish","hentry","has-post-title","has-post-date","has-post-category","has-post-tag","has-post-comment","has-post-author",""],"_links":{"self":[{"href":"https:\/\/geo-education.ch\/index.php?rest_route=\/wp\/v2\/pages\/792","targetHints":{"allow":["GET"]}}],"collection":[{"href":"https:\/\/geo-education.ch\/index.php?rest_route=\/wp\/v2\/pages"}],"about":[{"href":"https:\/\/geo-education.ch\/index.php?rest_route=\/wp\/v2\/types\/page"}],"author":[{"embeddable":true,"href":"https:\/\/geo-education.ch\/index.php?rest_route=\/wp\/v2\/users\/2"}],"replies":[{"embeddable":true,"href":"https:\/\/geo-education.ch\/index.php?rest_route=%2Fwp%2Fv2%2Fcomments&post=792"}],"version-history":[{"count":9,"href":"https:\/\/geo-education.ch\/index.php?rest_route=\/wp\/v2\/pages\/792\/revisions"}],"predecessor-version":[{"id":16273,"href":"https:\/\/geo-education.ch\/index.php?rest_route=\/wp\/v2\/pages\/792\/revisions\/16273"}],"up":[{"embeddable":true,"href":"https:\/\/geo-education.ch\/index.php?rest_route=\/wp\/v2\/pages\/784"}],"wp:attachment":[{"href":"https:\/\/geo-education.ch\/index.php?rest_route=%2Fwp%2Fv2%2Fmedia&parent=792"}],"curies":[{"name":"wp","href":"https:\/\/api.w.org\/{rel}","templated":true}]}}