{"id":797,"date":"2018-08-21T19:17:36","date_gmt":"2018-08-21T17:17:36","guid":{"rendered":"http:\/\/geo-education.ch\/?page_id=797"},"modified":"2022-06-03T16:34:09","modified_gmt":"2022-06-03T14:34:09","slug":"b2a-presentation","status":"publish","type":"page","link":"https:\/\/geo-education.ch\/?page_id=797&lang=fr","title":{"rendered":"Pr\u00e9sentation (B2a)"},"content":{"rendered":"<h4>Description<\/h4>\n<p><span style=\"font-weight: 400;\">Que ce soit dans le cadre de l&#8217;entreprise, d&#8217;un comit\u00e9, d&#8217;une association ou d&#8217;un autre \u00e9v\u00e9nement, une pr\u00e9sentation efficace et l&#8217;utilisation de moyens de pr\u00e9sentation ad\u00e9quats sont les garants d&#8217;une perception correcte<\/span>.<\/p>\n<h4>Pr\u00e9requis (recommandations)<\/h4>\n<p><span style=\"font-weight: 400;\">Aucun.<\/span><\/p>\n<h4>Objectifs<\/h4>\n<ul>\n<li style=\"font-weight: 400;\" aria-level=\"1\"><span style=\"font-weight: 400;\">Pr\u00e9senter de mani\u00e8re efficace et appliquer diverses techniques de conf\u00e9rence adapt\u00e9es \u00e0 une situation.<\/span><\/li>\n<li style=\"font-weight: 400;\" aria-level=\"1\"><span style=\"font-weight: 400;\">Utiliser PowerPoint pour la r\u00e9alisation de pr\u00e9sentations.<\/span><\/li>\n<li style=\"font-weight: 400;\" aria-level=\"1\"><span style=\"font-weight: 400;\">Acqu\u00e9rir et appliquer la compr\u00e9hension rh\u00e9torique de base.<\/span><\/li>\n<li style=\"font-weight: 400;\" aria-level=\"1\"><span style=\"font-weight: 400;\">Diriger et r\u00e9aliser de mani\u00e8re comp\u00e9tente des n\u00e9gociations et des s\u00e9ances.<\/span><\/li>\n<\/ul>\n<h4>Contenu<\/h4>\n<ul>\n<li style=\"font-weight: 400;\" aria-level=\"1\"><span style=\"font-weight: 400;\">\u00c9tendre et am\u00e9liorer ses propres aptitudes de communication et ses techniques d\u2019argumentation (savoir convaincre).<\/span><\/li>\n<li style=\"font-weight: 400;\" aria-level=\"1\"><span style=\"font-weight: 400;\">Exercer la mise en sc\u00e8ne de sa propre personne.<\/span><\/li>\n<li style=\"font-weight: 400;\" aria-level=\"1\"><span style=\"font-weight: 400;\">Rh\u00e9torique et techniques d\u2019\u00e9locution.<\/span><\/li>\n<li style=\"font-weight: 400;\" aria-level=\"1\"><span style=\"font-weight: 400;\">Techniques d\u2019argumentation et d\u2019interrogation.<\/span><\/li>\n<li style=\"font-weight: 400;\" aria-level=\"1\"><span style=\"font-weight: 400;\">Techniques de n\u00e9gociation.<\/span><\/li>\n<li style=\"font-weight: 400;\" aria-level=\"1\"><span style=\"font-weight: 400;\">Moyens de pr\u00e9sentation auxiliaires.<\/span><\/li>\n<li style=\"font-weight: 400;\" aria-level=\"1\"><span style=\"font-weight: 400;\">Techniques de visualisation.<\/span><\/li>\n<li style=\"font-weight: 400;\" aria-level=\"1\"><span style=\"font-weight: 400;\">Pr\u00e9senter de mani\u00e8re efficace.<\/span><\/li>\n<li style=\"font-weight: 400;\" aria-level=\"1\"><span style=\"font-weight: 400;\">Pr\u00e9parer, organiser et analyser des s\u00e9ances.<\/span><\/li>\n<li style=\"font-weight: 400;\" aria-level=\"1\"><span style=\"font-weight: 400;\">Visualiser avec PowerPoint des pr\u00e9sentations.<\/span>\n<ul>\n<li style=\"font-weight: 400;\" aria-level=\"1\"><span style=\"font-weight: 400;\">Concepts et techniques<\/span><\/li>\n<li style=\"font-weight: 400;\" aria-level=\"1\"><span style=\"font-weight: 400;\">Dessins<\/span><\/li>\n<li style=\"font-weight: 400;\" aria-level=\"1\"><span style=\"font-weight: 400;\">Objets<\/span><\/li>\n<li style=\"font-weight: 400;\" aria-level=\"1\"><span style=\"font-weight: 400;\">Mises en page (layouts)<\/span><\/li>\n<li style=\"font-weight: 400;\" aria-level=\"1\"><span style=\"font-weight: 400;\">Pr\u00e9parer des pr\u00e9sentations<\/span><\/li>\n<li style=\"font-weight: 400;\" aria-level=\"1\"><span style=\"font-weight: 400;\">R\u00e9alisation de pr\u00e9sentations<\/span><\/li>\n<\/ul>\n<\/li>\n<\/ul>\n<h4>Dur\u00e9e d\u2019\u00e9tude<\/h4>\n<p>24 p\u00e9riodes enseign\u00e9es plus environ 16 p\u00e9riodes de travail individuel.<\/p>\n<h4>Particularit\u00e9s<\/h4>\n<p><span style=\"font-weight: 400;\">Il n&#8217;est pas possible de ne suivre qu&#8217;un cours de ce module. Le module doit \u00eatre suivi dans son int\u00e9gralit\u00e9.<\/span><\/p>\n<h4>Prix du cours<\/h4>\n<p>CHF 600.-<div id=\"themify_builder_content-797\" data-postid=\"797\" class=\"themify_builder_content themify_builder_content-797 themify_builder\">\n    \t<!-- module_row -->\n\t<div  class=\"themify_builder_row module_row clearfix module_row_0 themify_builder_797_row module_row_797-0 tb_gcw9301\">\n\t    \t    <div class=\"row_inner col_align_top\" >\n\t\t\t<div  class=\"module_column tb-column col-full first tb_797_column module_column_0 module_column_797-0-0 tb_mil7302\">\n\t    \t    \t        <div class=\"tb-column-inner\">\n\t\t        <!-- module buttons -->\n    <div  class=\"module module-buttons tb_rpm6302 xlarge solid squared  \">\n\t        \t<div class=\"module-buttons\">\n                            <div class=\"module-buttons-item buttons-fullwidth \">\n\t\t    \t\t\t<a href=\"https:\/\/geo-education.ch\/?tribe_events_cat=presentation&#038;lang=fr\" class=\"ui builder_button tb_default_color\" target=\"_blank\" rel=\"noopener\">\n\t\t    \t\t    \t\t\t<span>Calendrier des prochains cours et inscription en ligne<\/span>\n\t\t    \t\t    \t\t\t<\/a>\n\t\t                    <\/div>\n                    <\/div>\n    <\/div>\n    <!-- \/module buttons -->\n\t        <\/div>\n\t    \t<\/div>\n\t\t    <\/div>\n\t    <!-- \/row_inner -->\n\t<\/div>\n\t<!-- \/module_row -->\n\t<\/div>\n\n\n","protected":false},"excerpt":{"rendered":"<p>Description Que ce soit dans le cadre de l&#8217;entreprise, d&#8217;un comit\u00e9, d&#8217;une association ou d&#8217;un autre \u00e9v\u00e9nement, une pr\u00e9sentation efficace et l&#8217;utilisation de moyens de pr\u00e9sentation ad\u00e9quats sont les garants [&hellip;]<\/p>\n","protected":false},"author":2,"featured_media":0,"parent":755,"menu_order":1,"comment_status":"closed","ping_status":"closed","template":"","meta":{"_price":"","_stock":"","_tribe_ticket_header":"","_tribe_default_ticket_provider":"","_tribe_ticket_capacity":"0","_ticket_start_date":"","_ticket_end_date":"","_tribe_ticket_show_description":"","_tribe_ticket_show_not_going":false,"_tribe_ticket_use_global_stock":"","_tribe_ticket_global_stock_level":"","_global_stock_mode":"","_global_stock_cap":"","_tribe_rsvp_for_event":"","_tribe_ticket_going_count":"","_tribe_ticket_not_going_count":"","_tribe_tickets_list":"[]","_tribe_ticket_has_attendee_info_fields":false,"footnotes":""},"class_list":["post-797","page","type-page","status-publish","hentry","has-post-title","has-post-date","has-post-category","has-post-tag","has-post-comment","has-post-author",""],"_links":{"self":[{"href":"https:\/\/geo-education.ch\/index.php?rest_route=\/wp\/v2\/pages\/797","targetHints":{"allow":["GET"]}}],"collection":[{"href":"https:\/\/geo-education.ch\/index.php?rest_route=\/wp\/v2\/pages"}],"about":[{"href":"https:\/\/geo-education.ch\/index.php?rest_route=\/wp\/v2\/types\/page"}],"author":[{"embeddable":true,"href":"https:\/\/geo-education.ch\/index.php?rest_route=\/wp\/v2\/users\/2"}],"replies":[{"embeddable":true,"href":"https:\/\/geo-education.ch\/index.php?rest_route=%2Fwp%2Fv2%2Fcomments&post=797"}],"version-history":[{"count":14,"href":"https:\/\/geo-education.ch\/index.php?rest_route=\/wp\/v2\/pages\/797\/revisions"}],"predecessor-version":[{"id":15723,"href":"https:\/\/geo-education.ch\/index.php?rest_route=\/wp\/v2\/pages\/797\/revisions\/15723"}],"up":[{"embeddable":true,"href":"https:\/\/geo-education.ch\/index.php?rest_route=\/wp\/v2\/pages\/755"}],"wp:attachment":[{"href":"https:\/\/geo-education.ch\/index.php?rest_route=%2Fwp%2Fv2%2Fmedia&parent=797"}],"curies":[{"name":"wp","href":"https:\/\/api.w.org\/{rel}","templated":true}]}}