{"id":8086,"date":"2019-01-24T14:37:33","date_gmt":"2019-01-24T13:37:33","guid":{"rendered":"https:\/\/geo-education.ch\/?page_id=8086"},"modified":"2022-08-17T20:12:07","modified_gmt":"2022-08-17T18:12:07","slug":"la-commission-dassurance-qualite-c-aq","status":"publish","type":"page","link":"https:\/\/geo-education.ch\/?page_id=8086&lang=it","title":{"rendered":"Commissione GQ"},"content":{"rendered":"<h5><\/h5>\n<div id=\"themify_builder_content-8086\" data-postid=\"8086\" class=\"themify_builder_content themify_builder_content-8086 themify_builder\">\n    \t<!-- module_row -->\n\t<div  class=\"themify_builder_row module_row clearfix module_row_0 themify_builder_8086_row module_row_8086-0 tb_db839ec\">\n\t    \t    <div class=\"row_inner col_align_top\" >\n\t\t\t<div  class=\"module_column tb-column col-full first tb_8086_column module_column_0 module_column_8086-0-0 tb_83a0812\">\n\t    \t    \t        <div class=\"tb-column-inner\">\n\t\t        <!-- module feature -->\n   <div  class=\"module module-feature tb_2494334 with-chart layout-icon-left size-small  \">\n        <style type=\"text\/css\">.tb_2494334 .module-feature-chart-html5 {\n\t\t\t    box-shadow: inset 0 0 0 3px rgba(0,0,0,.1);\n\t\t\t}\n\t\t\t.tb_2494334 .chart-loaded.chart-html5-fill {\n\t\t\t    box-shadow: inset 0 0 0 3px #de5d5d;\n\t\t    }<\/style>\n        \n        <div class=\"module-feature-image\">\n            \n            \n                <div class=\"module-feature-chart-html5\"\n                                         data-progress=\"0\"\n                         data-progress-end=\"100\"\n                         data-size=\"100\"\n                                          >\n                    <div class=\"chart-html5-circle\">\n                                                    <div class=\"chart-html5-mask chart-html5-full\">\n                                <div class=\"chart-html5-fill\"><\/div>\n                            <\/div>\n                            <div class=\"chart-html5-mask chart-html5-half\">\n                                <div class=\"chart-html5-fill\"><\/div>\n                            <\/div>\n                                                <div class=\"chart-html5-inset chart-html5-inset-icon\">\n\n                                                                                            <i class=\"module-feature-icon fa fa-check\" style=\"color: #000\"><\/i>                            \n                        <\/div>\n                    <\/div>\n                <\/div>\n\n                        <\/div>\n\n        <div class=\"module-feature-content\">\n\t\t\t                                        <h3 class=\"module-feature-title\">\n                                                                                            La Commissione per la garanzia della quali\u00e0 (C-GQ)                                                                                    <\/h3>\n                                \t    <div class=\"tb_text_wrap\">\n\t\t<p>La Commissione di garanzia della qualit\u00e0 (C-GQ) \u00e8 responsabile di tutti i compiti relativi all&#8217;ottenimento del certificato federale per i tecnici in geomatica, sia dal punto di vista professionale che organizzativo. Agisce come garante per i candidati, l&#8217;associazione mantello e le scuole professionali. Attraverso il suo costante supporto e supervisione dell&#8217;insegnamento e degli esami finali, assicura che la qualit\u00e0 di questo corso di formazione sia mantenuta al livello richiesto, omogeneo su tutto il territorio nazionale. Essa riferisce della sua attivit\u00e0 alla Segreteria di Stato per la formazione, la ricerca e l&#8217;innovazione SEFRI.<\/p>\n<h5><a href=\"https:\/\/www.berufsbildung-geomatik.ch\/it\/formazione-continua\/commissione-di-garanzia-della-qualita-c-gq.html\" target=\"_blank\" rel=\"noopener\">&gt; Commissione per la garanzia della qualit\u00e0 (C-GQ)<\/a><\/h5>\t    <\/div>\n\t<\/div>\n\n    <\/div>\n    <!-- \/module feature -->\n\t        <\/div>\n\t    \t<\/div>\n\t\t    <\/div>\n\t    <!-- \/row_inner -->\n\t<\/div>\n\t<!-- \/module_row -->\n\t<\/div>\n\n\n","protected":false},"excerpt":{"rendered":"<p>La Commissione per la garanzia della quali\u00e0 (C-GQ) La Commissione di garanzia della qualit\u00e0 (C-GQ) \u00e8 responsabile di tutti i compiti relativi all&#8217;ottenimento del certificato federale per i tecnici in [&hellip;]<\/p>\n","protected":false},"author":2,"featured_media":0,"parent":6652,"menu_order":1,"comment_status":"closed","ping_status":"closed","template":"","meta":{"_price":"","_stock":"","_tribe_ticket_header":"","_tribe_default_ticket_provider":"","_tribe_ticket_capacity":"0","_ticket_start_date":"","_ticket_end_date":"","_tribe_ticket_show_description":"","_tribe_ticket_show_not_going":false,"_tribe_ticket_use_global_stock":"","_tribe_ticket_global_stock_level":"","_global_stock_mode":"","_global_stock_cap":"","_tribe_rsvp_for_event":"","_tribe_ticket_going_count":"","_tribe_ticket_not_going_count":"","_tribe_tickets_list":"[]","_tribe_ticket_has_attendee_info_fields":false,"footnotes":""},"class_list":["post-8086","page","type-page","status-publish","hentry","has-post-title","has-post-date","has-post-category","has-post-tag","has-post-comment","has-post-author",""],"_links":{"self":[{"href":"https:\/\/geo-education.ch\/index.php?rest_route=\/wp\/v2\/pages\/8086","targetHints":{"allow":["GET"]}}],"collection":[{"href":"https:\/\/geo-education.ch\/index.php?rest_route=\/wp\/v2\/pages"}],"about":[{"href":"https:\/\/geo-education.ch\/index.php?rest_route=\/wp\/v2\/types\/page"}],"author":[{"embeddable":true,"href":"https:\/\/geo-education.ch\/index.php?rest_route=\/wp\/v2\/users\/2"}],"replies":[{"embeddable":true,"href":"https:\/\/geo-education.ch\/index.php?rest_route=%2Fwp%2Fv2%2Fcomments&post=8086"}],"version-history":[{"count":14,"href":"https:\/\/geo-education.ch\/index.php?rest_route=\/wp\/v2\/pages\/8086\/revisions"}],"predecessor-version":[{"id":15941,"href":"https:\/\/geo-education.ch\/index.php?rest_route=\/wp\/v2\/pages\/8086\/revisions\/15941"}],"up":[{"embeddable":true,"href":"https:\/\/geo-education.ch\/index.php?rest_route=\/wp\/v2\/pages\/6652"}],"wp:attachment":[{"href":"https:\/\/geo-education.ch\/index.php?rest_route=%2Fwp%2Fv2%2Fmedia&parent=8086"}],"curies":[{"name":"wp","href":"https:\/\/api.w.org\/{rel}","templated":true}]}}